{"id":681,"date":"2024-09-15T10:59:15","date_gmt":"2024-09-15T14:59:15","guid":{"rendered":"https:\/\/www.gdop-america.org\/?page_id=681"},"modified":"2024-09-15T11:00:30","modified_gmt":"2024-09-15T15:00:30","slug":"preparing","status":"publish","type":"page","link":"https:\/\/www.gdop-america.org\/ro\/preparing\/","title":{"rendered":"Preg\u0103tirea"},"content":{"rendered":"<figure class=\"wp-block-image size-full\"><img loading=\"lazy\" decoding=\"async\" width=\"1971\" height=\"1104\" src=\"https:\/\/www.gdop-america.org\/wp-content\/uploads\/2024\/09\/home-bg-pray101.jpg\" alt=\"\" class=\"wp-image-682\" srcset=\"https:\/\/www.gdop-america.org\/wp-content\/uploads\/2024\/09\/home-bg-pray101.jpg 1971w, https:\/\/www.gdop-america.org\/wp-content\/uploads\/2024\/09\/home-bg-pray101-350x196.jpg 350w, https:\/\/www.gdop-america.org\/wp-content\/uploads\/2024\/09\/home-bg-pray101-768x430.jpg 768w, https:\/\/www.gdop-america.org\/wp-content\/uploads\/2024\/09\/home-bg-pray101-1536x860.jpg 1536w, https:\/\/www.gdop-america.org\/wp-content\/uploads\/2024\/09\/home-bg-pray101-18x10.jpg 18w\" sizes=\"auto, (max-width: 1971px) 100vw, 1971px\" \/><\/figure>\n\n\n\n<p><strong><em>Preg\u0103tindu-ne pentru Ziua mondial\u0103 de rug\u0103ciune pentru America - urm\u00e2nd exemplul lui Daniel<\/em><\/strong><\/p>\n\n\n\n<p>\u00cen timp ce ne preg\u0103tim inimile s\u0103 ne rug\u0103m pe 22 septembrie - Ziua mondial\u0103 de rug\u0103ciune pentru America, Dumnezeu ne cheam\u0103 s\u0103 ne smerim \u00een fa\u021ba Lui. \u00cen lumina sfin\u021beniei Sale \u0219i a p\u0103c\u0103to\u0219eniei noastre, singura noastr\u0103 speran\u021b\u0103 este \u00eentoarcerea la crucea lui Hristos \u0219i la harul Evangheliei. Dumnezeu spune c\u0103 se opune celor m\u00e2ndri, dar d\u0103 har celor smeri\u021bi (Iacov 4:6).<\/p>\n\n\n\n<p>Unul dintre marii b\u0103rba\u021bi din Scriptur\u0103 care s-a umilit \u00een fa\u021ba Domnului \u00een numele poporului s\u0103u este Daniel. Rug\u0103ciunea lui Daniel din 9:1-23 este un model excelent pentru noi, \u00een timp ce ne smerim \u0219i strig\u0103m dup\u0103 mil\u0103 \u00een numele bisericii din America. Rug\u0103ciunea lui Daniel a fost o implorare disperat\u0103 \u00een numele na\u021biunii sale - Iuda - care ajunsese sub judecata lui Dumnezeu. Timp de \u0219aptezeci de ani, poporul s\u0103u a fost \u021binut \u00een captivitate de c\u0103tre babilonieni \u0219i separat de locul de binecuv\u00e2ntare al lui Dumnezeu. Dumnezeu avertizase \u00een mod repetat na\u021biunea c\u0103, dac\u0103 nu va exista o poc\u0103in\u021b\u0103 na\u021bional\u0103 fa\u021b\u0103 de p\u0103cat, va c\u0103dea judecata. Daniel avea 15 ani c\u00e2nd a fost capturat de babilonieni \u0219i exilat \u00eentr-o \u021bar\u0103 str\u0103in\u0103 la 800 de mile est de Ierusalim. Cu toate acestea, Daniel L-a glorificat pe Domnul prin caracterul s\u0103u, comportamentul s\u0103u, via\u021ba sa de rug\u0103ciune \u0219i umilin\u021ba sa profund\u0103. Daniel \u00ee\u0219i preg\u0103tise inima timp de mul\u021bi ani \u00eenainte de a-\u0219i rosti rug\u0103ciunea din Daniel 9.<\/p>\n\n\n\n<p>Ne \u00eentreb\u0103m uneori de ce rug\u0103ciunile noastre nu mi\u0219c\u0103 cerul \u0219i nu schimb\u0103 na\u021biunile - oare pentru c\u0103 ne lipse\u0219te preg\u0103tirea?<\/p>\n\n\n<div class=\"wp-block-image\">\n<figure class=\"alignright size-medium\"><img loading=\"lazy\" decoding=\"async\" width=\"350\" height=\"195\" src=\"https:\/\/www.gdop-america.org\/wp-content\/uploads\/2024\/09\/home-bg-pray102-350x195.jpg\" alt=\"\" class=\"wp-image-683\" srcset=\"https:\/\/www.gdop-america.org\/wp-content\/uploads\/2024\/09\/home-bg-pray102-350x195.jpg 350w, https:\/\/www.gdop-america.org\/wp-content\/uploads\/2024\/09\/home-bg-pray102-768x428.jpg 768w, https:\/\/www.gdop-america.org\/wp-content\/uploads\/2024\/09\/home-bg-pray102-18x10.jpg 18w, https:\/\/www.gdop-america.org\/wp-content\/uploads\/2024\/09\/home-bg-pray102.jpg 1187w\" sizes=\"auto, (max-width: 350px) 100vw, 350px\" \/><\/figure>\n<\/div>\n\n\n<p>Cum ne preg\u0103tim inimile pentru rug\u0103ciune atunci c\u00e2nd avem nevoie de Dumnezeu \u00eentr-o situa\u021bie disperat\u0103?<\/p>\n\n\n\n<p>A\u0219a cum scrie Daniel 6:10:<\/p>\n\n\n\n<p>\"Daniel s-a dus la casa lui, unde avea ferestre \u00een camera de sus deschise spre Ierusalim. El se punea \u00een genunchi de trei ori pe zi \u0219i se ruga \u0219i mul\u021bumea Dumnezeului s\u0103u\"<\/p>\n\n\n\n<p>Daniel a avut un <strong><em>loc preg\u0103tit <\/em><\/strong>s\u0103 se roage - s-a dus \u00een camera sa de la etaj \u0219i s-a rugat.<br>Daniel a avut un <strong><em>timp preg\u0103tit <\/em><\/strong>- ruga\u021bi-v\u0103 de 3 ori pe zi.<br>Daniel a avut un <strong><em>pozi\u021bie preg\u0103tit\u0103 <\/em><\/strong>- \u00een genunchi \u00een umil\u0103 supunere \u00een fa\u021ba Domnului.<br>Daniel a avut un <strong><em>atitudine preg\u0103tit\u0103 <\/em><\/strong>- invocarea Domnului cu mul\u021bumire chiar \u0219i \u00een mijlocul unor circumstan\u021be dificile.<\/p>\n\n\n\n<p>\u00cen Daniel 9, Israel se afla \u00een captivitate de 67 de ani. Daniel \u00eei cerea lui Dumnezeu s\u0103 elibereze poporul S\u0103u Israel. Baza rug\u0103ciunii sale a fost promisiunea pe care a g\u0103sit-o \u00een cuv\u00e2ntul lui Dumnezeu din Ieremia c\u0103, dup\u0103 70 de ani, Dumnezeu \u00ee\u0219i va elibera poporul. El a revendicat aceast\u0103 promisiune - s-a rugat pentru r\u0103spuns cu g\u00e2ndul la r\u0103spuns \u0219i rug\u0103ciunea sa a fost ascultat\u0103 - trei ani mai t\u00e2rziu - Israelul a fost eliberat!<\/p>\n\n\n\n<p>Mul\u021bi dintre noi ne uit\u0103m la na\u021biunea noastr\u0103 de ast\u0103zi - o na\u021biune \u00een suferin\u021b\u0103 - o biseric\u0103 divizat\u0103 - \u0219i ne \u00eentreb\u0103m ce poate face o singur\u0103 persoan\u0103?<\/p>\n\n\n\n<p>Eu cred c\u0103 o singur\u0103 persoan\u0103 se poate ruga, ating\u00e2nd \u0219i mi\u0219c\u00e2nd inima lui Dumnezeu \u0219i eliber\u00e2nd puterea Sa \u00eentr-o na\u021biune! Daniel a fost un astfel de om, iar tu \u0219i cu mine \u00eei putem urma exemplul.<\/p>\n\n\n\n<p><strong>Pentru ce promisiune biblic\u0103 lupt\u0103m \u00een aceast\u0103 zi?<\/strong><\/p>\n\n\n\n<p>\"Dumnezeu se opune celor m\u00e2ndri, dar d\u0103 har celor smeri\u021bi\"<\/p>\n\n\n\n<p>Suntem cu to\u021bii de acord c\u0103, at\u00e2t \u00een biseric\u0103, c\u00e2t \u0219i \u00een na\u021biunea noastr\u0103, avem nevoie disperat\u0103 de <strong>\"GRA\u021aIA lui DUMNEZEU\". <\/strong>Cu siguran\u021b\u0103 nu o merit\u0103m. A\u0219a cum descoperim \u00een rug\u0103ciunea lui Daniel, \u00een cele din urm\u0103 nu este vorba despre noi - este vorba despre numele lui Dumnezeu care este \u00een joc \u00een na\u021biunea noastr\u0103 ast\u0103zi!<\/p>\n\n\n\n<p>\"Doamne ascult\u0103, Doamne iart\u0103. Doamne, fii atent \u0219i ac\u021bioneaz\u0103. Nu \u00eent\u00e2rzia, <strong>pentru binele t\u0103u<\/strong>, O, Dumnezeul meu\" <strong>Vreau s\u0103 ne \u00eencurajez s\u0103 ne rug\u0103m prin rug\u0103ciunea din Daniel 9:1-23 \u00een timpul acestei Zile globale de rug\u0103ciune pentru<\/strong> <strong>America.<\/strong><\/p>\n\n\n\n<p><strong>S\u0103-L \u00een\u0103l\u021b\u0103m pe Domnul<\/strong><\/p>\n\n\n\n<p>\"M-am rugat Domnului Dumnezeului meu \u0219i m-am m\u0103rturisit, zic\u00e2nd: \"Doamne, Dumnezeul cel mare \u0219i minunat, care p\u0103ze\u0219ti leg\u0103m\u00e2ntul \u0219i dragostea statornic\u0103 fa\u021b\u0103 de cei ce-L iubesc \u0219i p\u0103zesc poruncile Lui!\"\" Daniel 9:4<\/p>\n\n\n<div class=\"wp-block-image\">\n<figure class=\"alignright size-medium\"><img loading=\"lazy\" decoding=\"async\" width=\"350\" height=\"193\" src=\"https:\/\/www.gdop-america.org\/wp-content\/uploads\/2024\/09\/home-bg-pray103-350x193.jpg\" alt=\"\" class=\"wp-image-684\" srcset=\"https:\/\/www.gdop-america.org\/wp-content\/uploads\/2024\/09\/home-bg-pray103-350x193.jpg 350w, https:\/\/www.gdop-america.org\/wp-content\/uploads\/2024\/09\/home-bg-pray103-768x425.jpg 768w, https:\/\/www.gdop-america.org\/wp-content\/uploads\/2024\/09\/home-bg-pray103-18x10.jpg 18w, https:\/\/www.gdop-america.org\/wp-content\/uploads\/2024\/09\/home-bg-pray103.jpg 1194w\" sizes=\"auto, (max-width: 350px) 100vw, 350px\" \/><\/figure>\n<\/div>\n\n\n<p><strong>S\u0103 ne m\u0103rturisim p\u0103catele \u00een numele bisericii (poporul lui Dumnezeu) din America<\/strong><\/p>\n\n\n\n<p>Daniel 9:5: \"Am p\u0103c\u0103tuit, am gre\u0219it, am fost r\u0103i \u0219i ne-am r\u0103zvr\u0103tit, ab\u0103t\u00e2ndu-ne de la poruncile \u0219i regulile Tale.\"<\/p>\n\n\n\n<p>Daniel 9:8: \"Nou\u0103, Doamne, ne este ru\u0219ine, \u00eemp\u0103ra\u021bilor no\u0219tri, c\u0103peteniilor noastre \u0219i p\u0103rin\u021bilor no\u0219tri, pentru c\u0103 am p\u0103c\u0103tuit \u00eempotriva Ta.\"<\/p>\n\n\n\n<p>Daniel 9:10 (ESV), \"\u0219i nu au ascultat<br>glasul Domnului Dumnezeului nostru, merg\u00e2nd<br>\u00een legile Lui, pe care ni le-a dat \u00eenainte prin robii S\u0103i prooroci.\"<\/p>\n\n\n\n<figure class=\"wp-block-image size-full\"><img loading=\"lazy\" decoding=\"async\" width=\"1594\" height=\"912\" src=\"https:\/\/www.gdop-america.org\/wp-content\/uploads\/2024\/09\/home-bg-pray104.jpg\" alt=\"\" class=\"wp-image-685\" srcset=\"https:\/\/www.gdop-america.org\/wp-content\/uploads\/2024\/09\/home-bg-pray104.jpg 1594w, https:\/\/www.gdop-america.org\/wp-content\/uploads\/2024\/09\/home-bg-pray104-350x200.jpg 350w, https:\/\/www.gdop-america.org\/wp-content\/uploads\/2024\/09\/home-bg-pray104-768x439.jpg 768w, https:\/\/www.gdop-america.org\/wp-content\/uploads\/2024\/09\/home-bg-pray104-1536x879.jpg 1536w, https:\/\/www.gdop-america.org\/wp-content\/uploads\/2024\/09\/home-bg-pray104-18x10.jpg 18w\" sizes=\"auto, (max-width: 1594px) 100vw, 1594px\" \/><\/figure>\n\n\n\n<p><strong>S\u0103 ne amintim de mila lui Dumnezeu<\/strong><\/p>\n\n\n\n<p>Daniel 9:15-16: \"\u0218i acum, Doamne, Dumnezeul nostru, care ai scos pe poporul T\u0103u din \u021bara Egiptului cu o m\u00e2n\u0103 puternic\u0103 \u0219i \u021ai-ai f\u0103cut un nume, ca \u00een ziua aceasta, am p\u0103c\u0103tuit, am f\u0103cut r\u0103ut\u0103\u021bi. 16 \"Doamne, dup\u0103 toate faptele Tale cele drepte, m\u00e2nia \u0219i furia Ta s\u0103 se \u00eentoarc\u0103 de la cetatea Ta Ierusalim, de la dealul T\u0103u cel sf\u00e2nt, pentru c\u0103, din pricina p\u0103catelor noastre \u0219i din pricina nelegiuirilor p\u0103rin\u021bilor no\u0219tri, Ierusalimul \u0219i poporul T\u0103u au ajuns o vorb\u0103 de ocar\u0103 \u00eentre to\u021bi cei care sunt \u00een jurul nostru\"<\/p>\n\n\n\n<p><strong>S\u0103 pled\u0103m cu De<\/strong><strong>speran\u021b\u0103 pentru <\/strong><strong>Mil\u0103<\/strong><\/p>\n\n\n\n<p>Daniel 9:17-18: \"Acum, Dumnezeul nostru, ascult\u0103 rug\u0103ciunea robului T\u0103u \u0219i rug\u0103ciunea lui <strong>cereri de \u00eendurare<\/strong>\u0219i pentru binele T\u0103u, Doamne, f\u0103 s\u0103 str\u0103luceasc\u0103 fa\u021ba Ta peste sanctuarul T\u0103u, care este pustiu. 18 Dumnezeule, apleac\u0103-\u021ai urechea \u0219i ascult\u0103. Deschide-\u021ai ochii \u0219i vezi pustiirea noastr\u0103 \u0219i cetatea care se nume\u0219te dup\u0103 numele T\u0103u. C\u0103ci noi nu aducem \u00eenaintea Ta cererile noastre din pricina drept\u0103\u021bii noastre, ci din pricina <strong>marea ta mil\u0103<\/strong>\"<\/p>\n\n\n\n<p>Putem fi siguri c\u0103, dac\u0103 ne vom smeri \u00eenaintea m\u00e2inii puternice a lui Dumnezeu, dac\u0103 vom invoca Numele Lui, dac\u0103 vom pleda dup\u0103 voia Lui \u0219i pentru renumele Lui, El \u00ee\u0219i va elibera puterea ca r\u0103spuns la rug\u0103ciunile noastre!<\/p>\n\n\n\n<p><strong>Tat\u0103, f\u0103 Numele T\u0103u Mare din nou \u00een America!<\/strong><\/p>\n\n\n\n<p>Maleahi 1:11 (ESV), \"C\u0103ci de la r\u0103s\u0103ritul soarelui p\u00e2n\u0103 la apusul lui <strong>numele meu va fi mare <\/strong>printre na\u021biuni \u0219i \u00een <strong>fiecare loc <\/strong>se va aduce t\u0103m\u00e2ie Numelui Meu \u0219i o jertf\u0103 curat\u0103. C\u0103ci numele Meu va fi mare \u00eentre neamuri<strong>, spune L<\/strong><strong>ORD <\/strong><strong>de gazde<\/strong>\"<\/p>\n\n\n\n<p>A\u0219tept cu ner\u0103bdare s\u0103 m\u0103 rog cu voi pe 22 septembrie.<\/p>\n\n\n\n<p><strong>V\u0103 iubesc pe to\u021bi,<\/strong><\/p>\n\n\n\n<p><strong>Dr. Jason Hubbard - Director <\/strong><strong>Re\u021beaua interna\u021bional\u0103 de rug\u0103ciune<\/strong><\/p>\n\n\n\n<p>\"C\u0103ci a\u0219a zice Cel care este \u00eenalt \u0219i \u00een\u0103l\u021bat, care locuie\u0219te \u00een eternitate, al c\u0103rui nume este Sf\u00e2nt: \"Eu locuiesc \u00een locul \u00eenalt \u0219i sf\u00e2nt \u0219i, de asemenea, cu cel care are un duh aspru \u0219i smerit, pentru a \u00eenvia duhul celui smerit \u0219i pentru a \u00eenvia inima celui aspru\"<\/p>\n\n\n\n<div class=\"wp-block-buttons is-layout-flex wp-block-buttons-is-layout-flex\">\n<div class=\"wp-block-button\"><a class=\"wp-block-button__link wp-element-button\" href=\"https:\/\/www.gdop-america.org\/wp-content\/uploads\/2024\/09\/Call-to-Humility-Dr-Jason-Hubbard.pdf\" target=\"_blank\" rel=\"noreferrer noopener\">Descarc\u0103 PDF<\/a><\/div>\n<\/div>","protected":false},"excerpt":{"rendered":"<p>Preg\u0103tindu-ne pentru Ziua Mondial\u0103 de Rug\u0103ciune pentru America - Urm\u00e2nd exemplul lui Daniel Pe m\u0103sur\u0103 ce ne preg\u0103tim inimile s\u0103 ne rug\u0103m pe 22 septembrie -...<\/p>","protected":false},"author":1,"featured_media":459,"parent":0,"menu_order":0,"comment_status":"closed","ping_status":"closed","template":"","meta":{"footnotes":""},"class_list":["post-681","page","type-page","status-publish","has-post-thumbnail","hentry"],"_links":{"self":[{"href":"https:\/\/www.gdop-america.org\/ro\/wp-json\/wp\/v2\/pages\/681","targetHints":{"allow":["GET"]}}],"collection":[{"href":"https:\/\/www.gdop-america.org\/ro\/wp-json\/wp\/v2\/pages"}],"about":[{"href":"https:\/\/www.gdop-america.org\/ro\/wp-json\/wp\/v2\/types\/page"}],"author":[{"embeddable":true,"href":"https:\/\/www.gdop-america.org\/ro\/wp-json\/wp\/v2\/users\/1"}],"replies":[{"embeddable":true,"href":"https:\/\/www.gdop-america.org\/ro\/wp-json\/wp\/v2\/comments?post=681"}],"version-history":[{"count":2,"href":"https:\/\/www.gdop-america.org\/ro\/wp-json\/wp\/v2\/pages\/681\/revisions"}],"predecessor-version":[{"id":689,"href":"https:\/\/www.gdop-america.org\/ro\/wp-json\/wp\/v2\/pages\/681\/revisions\/689"}],"wp:featuredmedia":[{"embeddable":true,"href":"https:\/\/www.gdop-america.org\/ro\/wp-json\/wp\/v2\/media\/459"}],"wp:attachment":[{"href":"https:\/\/www.gdop-america.org\/ro\/wp-json\/wp\/v2\/media?parent=681"}],"curies":[{"name":"wp","href":"https:\/\/api.w.org\/{rel}","templated":true}]}}