{"id":681,"date":"2024-09-15T10:59:15","date_gmt":"2024-09-15T14:59:15","guid":{"rendered":"https:\/\/www.gdop-america.org\/?page_id=681"},"modified":"2024-09-15T11:00:30","modified_gmt":"2024-09-15T15:00:30","slug":"preparing","status":"publish","type":"page","link":"https:\/\/www.gdop-america.org\/pt\/preparing\/","title":{"rendered":"Prepara\u00e7\u00e3o"},"content":{"rendered":"<figure class=\"wp-block-image size-full\"><img loading=\"lazy\" decoding=\"async\" width=\"1971\" height=\"1104\" src=\"https:\/\/www.gdop-america.org\/wp-content\/uploads\/2024\/09\/home-bg-pray101.jpg\" alt=\"\" class=\"wp-image-682\" srcset=\"https:\/\/www.gdop-america.org\/wp-content\/uploads\/2024\/09\/home-bg-pray101.jpg 1971w, https:\/\/www.gdop-america.org\/wp-content\/uploads\/2024\/09\/home-bg-pray101-350x196.jpg 350w, https:\/\/www.gdop-america.org\/wp-content\/uploads\/2024\/09\/home-bg-pray101-768x430.jpg 768w, https:\/\/www.gdop-america.org\/wp-content\/uploads\/2024\/09\/home-bg-pray101-1536x860.jpg 1536w, https:\/\/www.gdop-america.org\/wp-content\/uploads\/2024\/09\/home-bg-pray101-18x10.jpg 18w\" sizes=\"auto, (max-width: 1971px) 100vw, 1971px\" \/><\/figure>\n\n\n\n<p><strong><em>Prepararmo-nos para o Dia Mundial de Ora\u00e7\u00e3o pela Am\u00e9rica - Seguindo o exemplo de Daniel<\/em><\/strong><\/p>\n\n\n\n<p>Ao prepararmos os nossos cora\u00e7\u00f5es para rezar no dia 22 de setembro - o Dia Mundial de Ora\u00e7\u00e3o pela Am\u00e9rica, Deus chama-nos a humilharmo-nos perante Ele. \u00c0 luz da Sua santidade e da nossa pecaminosidade, a nossa \u00fanica esperan\u00e7a \u00e9 um regresso \u00e0 cruz de Cristo e \u00e0 gra\u00e7a do Evangelho. Deus diz que se op\u00f5e aos soberbos, mas d\u00e1 gra\u00e7a aos humildes (Tiago 4:6).<\/p>\n\n\n\n<p>Um dos grandes homens das Escrituras que se humilhou perante o Senhor em nome do seu povo foi Daniel. A ora\u00e7\u00e3o de Daniel em 9:1-23 \u00e9 um \u00f3timo modelo para n\u00f3s, quando nos humilhamos e clamamos por miseric\u00f3rdia em nome da igreja na Am\u00e9rica. A ora\u00e7\u00e3o de Daniel foi uma s\u00faplica desesperada em nome da sua na\u00e7\u00e3o - Jud\u00e1 - que tinha ficado sob o julgamento de Deus. Durante setenta anos, o seu povo foi mantido em cativeiro pelos babil\u00f3nios, e separado do lugar de b\u00ean\u00e7\u00e3o de Deus. Deus tinha avisado repetidamente a na\u00e7\u00e3o de que, se n\u00e3o houvesse arrependimento nacional do pecado, o ju\u00edzo cairia. Daniel tinha 15 anos quando foi capturado pelos babil\u00f3nios e exilado numa terra estrangeira a 800 milhas a leste de Jerusal\u00e9m. No entanto, durante todo este tempo, Daniel glorificou o Senhor pelo seu car\u00e1cter, conduta, vida de ora\u00e7\u00e3o e profunda humildade. Daniel tinha preparado o seu cora\u00e7\u00e3o durante muitos anos antes de fazer a sua ora\u00e7\u00e3o em Daniel 9.<\/p>\n\n\n\n<p>Perguntamo-nos, por vezes, porque \u00e9 que as nossas ora\u00e7\u00f5es n\u00e3o movem o c\u00e9u e n\u00e3o mudam as na\u00e7\u00f5es - ser\u00e1 por falta de prepara\u00e7\u00e3o?<\/p>\n\n\n<div class=\"wp-block-image\">\n<figure class=\"alignright size-medium\"><img loading=\"lazy\" decoding=\"async\" width=\"350\" height=\"195\" src=\"https:\/\/www.gdop-america.org\/wp-content\/uploads\/2024\/09\/home-bg-pray102-350x195.jpg\" alt=\"\" class=\"wp-image-683\" srcset=\"https:\/\/www.gdop-america.org\/wp-content\/uploads\/2024\/09\/home-bg-pray102-350x195.jpg 350w, https:\/\/www.gdop-america.org\/wp-content\/uploads\/2024\/09\/home-bg-pray102-768x428.jpg 768w, https:\/\/www.gdop-america.org\/wp-content\/uploads\/2024\/09\/home-bg-pray102-18x10.jpg 18w, https:\/\/www.gdop-america.org\/wp-content\/uploads\/2024\/09\/home-bg-pray102.jpg 1187w\" sizes=\"auto, (max-width: 350px) 100vw, 350px\" \/><\/figure>\n<\/div>\n\n\n<p>Como \u00e9 que preparamos o nosso cora\u00e7\u00e3o para a ora\u00e7\u00e3o quando precisamos de Deus numa situa\u00e7\u00e3o desesperada?<\/p>\n\n\n\n<p>Como diz Daniel 6:10:<\/p>\n\n\n\n<p>\"Daniel foi para sua casa, onde tinha janelas no quarto superior abertas para Jerusal\u00e9m. Punha-se de joelhos tr\u00eas vezes por dia, orava e dava gra\u00e7as diante do seu Deus\"<\/p>\n\n\n\n<p>Daniel tinha um <strong><em>local preparado <\/em><\/strong>para rezar - foi para o seu quarto no andar de cima e rezou.<br>Daniel tinha um <strong><em>tempo de prepara\u00e7\u00e3o <\/em><\/strong>- rezar 3 vezes por dia.<br>Daniel tinha um <strong><em>posi\u00e7\u00e3o preparada <\/em><\/strong>- de joelhos em humilde submiss\u00e3o perante o Senhor.<br>Daniel tinha um <strong><em>atitude preparada <\/em><\/strong>- invocar o Senhor com a\u00e7\u00e3o de gra\u00e7as, mesmo no meio de circunst\u00e2ncias dif\u00edceis.<\/p>\n\n\n\n<p>Em Daniel 9, Israel j\u00e1 estava em cativeiro h\u00e1 67 anos. Daniel estava a pedir a Deus que libertasse o seu povo Israel. A base da sua ora\u00e7\u00e3o foi a promessa que encontrou na palavra de Deus, em Jeremias, de que, ap\u00f3s 70 anos, Deus libertaria o seu povo. Ele reivindicou essa promessa - rezou pela resposta com a resposta em mente e a sua ora\u00e7\u00e3o foi respondida - tr\u00eas anos mais tarde - Israel foi libertado!<\/p>\n\n\n\n<p>Muitos de n\u00f3s olhamos para a nossa na\u00e7\u00e3o hoje - uma na\u00e7\u00e3o em dificuldades - uma igreja dividida - e perguntamo-nos o que \u00e9 que uma pessoa pode fazer?<\/p>\n\n\n\n<p>Acredito que uma pessoa pode orar, tocando e movendo o cora\u00e7\u00e3o de Deus e libertando o seu poder numa na\u00e7\u00e3o! Daniel foi um homem assim, e tu e eu podemos seguir o seu exemplo.<\/p>\n\n\n\n<p><strong>Por que promessa b\u00edblica estamos a lutar nos dias de hoje?<\/strong><\/p>\n\n\n\n<p>\"Deus op\u00f5e-se aos soberbos, mas d\u00e1 gra\u00e7a aos humildes\"<\/p>\n\n\n\n<p>Todos concordamos que, tanto na Igreja como na nossa na\u00e7\u00e3o, necessitamos desesperadamente da <strong>'GRA\u00c7A DE DEUS'. <\/strong>Certamente n\u00e3o o merecemos. Como descobrimos na ora\u00e7\u00e3o de Daniel, em \u00faltima an\u00e1lise, n\u00e3o se trata de n\u00f3s - \u00e9 o nome de Deus que est\u00e1 em jogo na nossa na\u00e7\u00e3o atualmente!<\/p>\n\n\n\n<p>\"\u00d3 Senhor, ouve, \u00f3 Senhor, perdoa. \u00d3 Senhor, presta aten\u00e7\u00e3o e age. N\u00e3o te demores, <strong>para o vosso pr\u00f3prio bem<\/strong>Meu Deus\" <strong>Gostaria de nos encorajar a rezar a ora\u00e7\u00e3o de Daniel 9,1-23 durante este Dia Mundial de Ora\u00e7\u00e3o por<\/strong> <strong>Am\u00e9rica.<\/strong><\/p>\n\n\n\n<p><strong>Exaltemos o Senhor<\/strong><\/p>\n\n\n\n<p>\"Orei ao SENHOR, meu Deus, e confessei, dizendo: \"Senhor, Deus grande e tem\u00edvel, que guardas a alian\u00e7a e o amor inabal\u00e1vel para com os que te amam e guardam os teus mandamentos\", Daniel 9:4<\/p>\n\n\n<div class=\"wp-block-image\">\n<figure class=\"alignright size-medium\"><img loading=\"lazy\" decoding=\"async\" width=\"350\" height=\"193\" src=\"https:\/\/www.gdop-america.org\/wp-content\/uploads\/2024\/09\/home-bg-pray103-350x193.jpg\" alt=\"\" class=\"wp-image-684\" srcset=\"https:\/\/www.gdop-america.org\/wp-content\/uploads\/2024\/09\/home-bg-pray103-350x193.jpg 350w, https:\/\/www.gdop-america.org\/wp-content\/uploads\/2024\/09\/home-bg-pray103-768x425.jpg 768w, https:\/\/www.gdop-america.org\/wp-content\/uploads\/2024\/09\/home-bg-pray103-18x10.jpg 18w, https:\/\/www.gdop-america.org\/wp-content\/uploads\/2024\/09\/home-bg-pray103.jpg 1194w\" sizes=\"auto, (max-width: 350px) 100vw, 350px\" \/><\/figure>\n<\/div>\n\n\n<p><strong>Confessemos os nossos pecados em nome da igreja (povo de Deus) na Am\u00e9rica<\/strong><\/p>\n\n\n\n<p>Daniel 9:5 (ESV): \"Pec\u00e1mos, cometemos erros, agimos mal e fomos rebeldes, desviando-nos dos teus mandamentos e regras.\"<\/p>\n\n\n\n<p>Daniel 9:8 (ESV): \"A n\u00f3s, Senhor, pertence a vergonha aberta, aos nossos reis, aos nossos pr\u00edncipes e aos nossos pais, porque pec\u00e1mos contra ti.\"<\/p>\n\n\n\n<p>Daniel 9:10 (ESV), \"e n\u00e3o obedeceram<br>a voz do Senhor nosso Deus, andando<br>nas suas leis, que ele nos apresentou pelos seus servos, os profetas\".<\/p>\n\n\n\n<figure class=\"wp-block-image size-full\"><img loading=\"lazy\" decoding=\"async\" width=\"1594\" height=\"912\" src=\"https:\/\/www.gdop-america.org\/wp-content\/uploads\/2024\/09\/home-bg-pray104.jpg\" alt=\"\" class=\"wp-image-685\" srcset=\"https:\/\/www.gdop-america.org\/wp-content\/uploads\/2024\/09\/home-bg-pray104.jpg 1594w, https:\/\/www.gdop-america.org\/wp-content\/uploads\/2024\/09\/home-bg-pray104-350x200.jpg 350w, https:\/\/www.gdop-america.org\/wp-content\/uploads\/2024\/09\/home-bg-pray104-768x439.jpg 768w, https:\/\/www.gdop-america.org\/wp-content\/uploads\/2024\/09\/home-bg-pray104-1536x879.jpg 1536w, https:\/\/www.gdop-america.org\/wp-content\/uploads\/2024\/09\/home-bg-pray104-18x10.jpg 18w\" sizes=\"auto, (max-width: 1594px) 100vw, 1594px\" \/><\/figure>\n\n\n\n<p><strong>Recordemos a miseric\u00f3rdia de Deus<\/strong><\/p>\n\n\n\n<p>Daniel 9,15-16 (ESV): \"E agora, Senhor nosso Deus, que tiraste o teu povo da terra do Egito com m\u00e3o poderosa, e que fizeste um nome para ti mesmo, como neste dia, n\u00f3s pec\u00e1mos, fizemos maldades. 16 \u00d3 Senhor, segundo todas as tuas justi\u00e7as, desvie-se a tua ira e o teu furor da tua cidade de Jerusal\u00e9m, do teu santo monte, porque, por causa dos nossos pecados e das iniq\u00fcidades de nossos pais, Jerusal\u00e9m e o teu povo se tornaram um prov\u00e9rbio entre todos os que nos rodeiam.<\/p>\n\n\n\n<p><strong>Vamos implorar a De<\/strong><strong>spera\u00e7\u00e3o para <\/strong><strong>Miseric\u00f3rdia<\/strong><\/p>\n\n\n\n<p>Daniel 9:17-18 (ESV): \"Agora, pois, \u00f3 nosso Deus, ouve a ora\u00e7\u00e3o do teu servo e a sua <strong>pedidos de clem\u00eancia<\/strong>e por amor de ti, Senhor, faze resplandecer o teu rosto sobre o teu santu\u00e1rio, que est\u00e1 desolado. 18 Inclina, \u00f3 meu Deus, os teus ouvidos e ouve. Abre os teus olhos e v\u00ea as nossas desola\u00e7\u00f5es, e a cidade que se chama pelo teu nome. Pois n\u00e3o apresentamos as nossas s\u00faplicas diante de ti por causa da nossa justi\u00e7a, mas por causa <strong>a vossa grande miseric\u00f3rdia<\/strong>\"<\/p>\n\n\n\n<p>Podemos ter a certeza de que, se nos humilharmos perante a poderosa m\u00e3o de Deus, invocarmos o seu nome, suplicando de acordo com a sua vontade e para o seu renome, Ele libertar\u00e1 o seu poder em resposta \u00e0s nossas ora\u00e7\u00f5es!<\/p>\n\n\n\n<p><strong>Pai, faz com que o Teu nome volte a ser grande na Am\u00e9rica!<\/strong><\/p>\n\n\n\n<p>Malaquias 1:11 (ESV): \"Porque desde o nascimento do sol at\u00e9 ao seu ocaso <strong>o meu nome ser\u00e1 \u00f3timo <\/strong>entre as na\u00e7\u00f5es, e em <strong>todos os s\u00edtios <\/strong>Oferecer-se-\u00e1 incenso ao meu nome, e uma oferta pura. Porque o meu nome ser\u00e1 grande entre as na\u00e7\u00f5es<strong>, diz o L<\/strong><strong>ORD <\/strong><strong>de anfitri\u00f5es<\/strong>\"<\/p>\n\n\n\n<p>Estou muito ansioso por rezar convosco no dia 22 de setembro.<\/p>\n\n\n\n<p><strong>Amo-vos a todos,<\/strong><\/p>\n\n\n\n<p><strong>Dr. Jason Hubbard - Diretor <\/strong><strong>Liga\u00e7\u00e3o Internacional de Ora\u00e7\u00e3o<\/strong><\/p>\n\n\n\n<p>\"Pois assim diz Aquele que \u00e9 alto e elevado, que habita a eternidade, cujo nome \u00e9 Santo: \"Eu habito no alto e santo lugar, e tamb\u00e9m com aquele que \u00e9 de esp\u00edrito contrito e humilde, para reavivar o esp\u00edrito do humilde, e para reavivar o cora\u00e7\u00e3o do contrito\"<\/p>\n\n\n\n<div class=\"wp-block-buttons is-layout-flex wp-block-buttons-is-layout-flex\">\n<div class=\"wp-block-button\"><a class=\"wp-block-button__link wp-element-button\" href=\"https:\/\/www.gdop-america.org\/wp-content\/uploads\/2024\/09\/Call-to-Humility-Dr-Jason-Hubbard.pdf\" target=\"_blank\" rel=\"noreferrer noopener\">Descarregar PDF<\/a><\/div>\n<\/div>","protected":false},"excerpt":{"rendered":"<p>Prepararmo-nos para o Dia Mundial de Ora\u00e7\u00e3o pela Am\u00e9rica - Seguindo o exemplo de Daniel Ao prepararmos os nossos cora\u00e7\u00f5es para rezar no dia 22 de setembro -...<\/p>","protected":false},"author":1,"featured_media":459,"parent":0,"menu_order":0,"comment_status":"closed","ping_status":"closed","template":"","meta":{"footnotes":""},"class_list":["post-681","page","type-page","status-publish","has-post-thumbnail","hentry"],"_links":{"self":[{"href":"https:\/\/www.gdop-america.org\/pt\/wp-json\/wp\/v2\/pages\/681","targetHints":{"allow":["GET"]}}],"collection":[{"href":"https:\/\/www.gdop-america.org\/pt\/wp-json\/wp\/v2\/pages"}],"about":[{"href":"https:\/\/www.gdop-america.org\/pt\/wp-json\/wp\/v2\/types\/page"}],"author":[{"embeddable":true,"href":"https:\/\/www.gdop-america.org\/pt\/wp-json\/wp\/v2\/users\/1"}],"replies":[{"embeddable":true,"href":"https:\/\/www.gdop-america.org\/pt\/wp-json\/wp\/v2\/comments?post=681"}],"version-history":[{"count":2,"href":"https:\/\/www.gdop-america.org\/pt\/wp-json\/wp\/v2\/pages\/681\/revisions"}],"predecessor-version":[{"id":689,"href":"https:\/\/www.gdop-america.org\/pt\/wp-json\/wp\/v2\/pages\/681\/revisions\/689"}],"wp:featuredmedia":[{"embeddable":true,"href":"https:\/\/www.gdop-america.org\/pt\/wp-json\/wp\/v2\/media\/459"}],"wp:attachment":[{"href":"https:\/\/www.gdop-america.org\/pt\/wp-json\/wp\/v2\/media?parent=681"}],"curies":[{"name":"wp","href":"https:\/\/api.w.org\/{rel}","templated":true}]}}