{"id":536,"date":"2024-08-20T10:40:26","date_gmt":"2024-08-20T14:40:26","guid":{"rendered":"https:\/\/www.gdop-america.org\/?page_id=536"},"modified":"2024-08-22T08:05:55","modified_gmt":"2024-08-22T12:05:55","slug":"invite","status":"publish","type":"page","link":"https:\/\/www.gdop-america.org\/pt\/invite\/","title":{"rendered":"Convite"},"content":{"rendered":"<h2 class=\"wp-block-heading has-text-align-center\">Dia Mundial de Ora\u00e7\u00e3o pela Am\u00e9rica<br>Dom 22 de setembro de 2024 - 4h (PAC) | 7h (EST)<\/h2>\n\n\n\n<p>O nosso desejo \u00e9 ver um reavivamento e um despertar em grande escala na Am\u00e9rica!<\/p>\n\n\n\n<p>Temos estado a pedir outro movimento hist\u00f3rico do Esp\u00edrito Santo para varrer a nossa terra e despertar uma gera\u00e7\u00e3o para o amor e entrega de todo o cora\u00e7\u00e3o a Jesus!<\/p>\n\n\n\n<p>Trata-se de um despertar de Cristo, em que o Esp\u00edrito de Deus usa a Palavra de Deus para <strong><em>despertar<\/em><\/strong> O povo de Deus volta ao Filho de Deus por tudo o que Ele \u00e9!<\/p>\n\n\n\n<p>Queremos entrar no poder e no prazer de sermos obcecados pela magnific\u00eancia de Jesus. Ele \u00e9 a personalidade dominante nesta era e na era vindoura!<\/p>\n\n\n\n<p>Estamos \u00e0 espera de um <em><strong>Explos\u00e3o evang\u00e9lica<\/strong><\/em>, a tsunami of revival to come crashing in on the beaches of our nation for the spread of his fame, for the extension of His reign, for the increase of His gain and for the honor of His claim of that which rightfully belongs to Him, from coast to coast, from sea to shining sea!<\/p>\n\n\n\n<blockquote class=\"wp-block-quote is-layout-flow wp-block-quote-is-layout-flow\">\n<p>\"Porque a terra se encher\u00e1 do conhecimento da gl\u00f3ria do Senhor, como as \u00e1guas cobrem o mar\" (Hab. 2,14).<\/p>\n<\/blockquote>\n\n\n\n<p>Nas palavras dos Moravianos <strong>\"Que o Cordeiro que foi morto receba a devida recompensa pelos seus sofrimentos.\"<\/strong> N\u00e3o \u00e9 \u00e0s \"estrelas e \u00e0s riscas\" que prestamos a nossa fidelidade, mas sim \u00e0s \"cicatrizes e \u00e0s riscas\" do digno Cordeiro!<\/p>\n\n\n\n<h3 class=\"wp-block-heading\">Necessidade desesperada de reavivamento...<\/h3>\n\n\n\n<p>Estamos a precisar desesperadamente de um reavivamento na Am\u00e9rica. Muitas das nossas igrejas n\u00e3o t\u00eam ora\u00e7\u00e3o e est\u00e3o infestadas de orgulho. Muitos dos nossos lares e casamentos est\u00e3o desfeitos. Diz-se que os crentes s\u00f3 d\u00e3o o d\u00edzimo de 2% do seu rendimento numa das na\u00e7\u00f5es mais ricas do mundo.<\/p>\n\n\n\n<p>O crescimento global da igreja na Am\u00e9rica est\u00e1 estagnado. Com mais de 40.000 denomina\u00e7\u00f5es na Am\u00e9rica, a igreja e os seus l\u00edderes est\u00e3o a lutar para caminhar na unidade de Jo\u00e3o 17.<\/p>\n\n\n\n<p>A nossa na\u00e7\u00e3o est\u00e1 dividida pol\u00edtica e socialmente. Como sabemos, s\u00f3 uma igreja unida pode curar uma na\u00e7\u00e3o dividida.<\/p>\n\n\n\n<h3 class=\"wp-block-heading\">No entanto, tenho esperan\u00e7a na nossa na\u00e7\u00e3o<\/h3>\n\n\n\n<p>Os Estados Unidos t\u00eam uma hist\u00f3ria rica de envio de mission\u00e1rios para levar o Evangelho a na\u00e7\u00f5es de todo o mundo. Onde quer que eu viaje pelo mundo, ou\u00e7o a gratid\u00e3o de outras na\u00e7\u00f5es pelos mission\u00e1rios americanos. E ainda hoje, acredito que precisamos que o Senhor envie mission\u00e1rios para a nossa na\u00e7\u00e3o.<\/p>\n\n\n\n<p><strong>Creio que temos de nos humilhar e pedir ajuda \u00e0s na\u00e7\u00f5es, intercess\u00e3o.<\/strong><\/p>\n\n\n\n<figure class=\"wp-block-embed is-type-video is-provider-youtube wp-block-embed-youtube wp-embed-aspect-16-9 wp-has-aspect-ratio\"><div class=\"wp-block-embed__wrapper\">\n<iframe loading=\"lazy\" title=\"Dia Mundial de Ora\u00e7\u00e3o pela Am\u00e9rica - 22 de setembro de 2024\" width=\"500\" height=\"281\" src=\"https:\/\/www.youtube.com\/embed\/UsSFy-2hD5c?feature=oembed\" frameborder=\"0\" allow=\"accelerometer; autoplay; clipboard-write; encrypted-media; gyroscope; picture-in-picture; web-share\" referrerpolicy=\"strict-origin-when-cross-origin\" allowfullscreen><\/iframe>\n<\/div><\/figure>\n\n\n\n<p>Depois de ouvirmos muitos l\u00edderes mundiais, decidimos convocar 7 Dias de Ora\u00e7\u00e3o que culminam com um <strong>Dia Mundial de Ora\u00e7\u00e3o pela Am\u00e9rica no domingo, 22 de setembro, com uma reuni\u00e3o em linha a decorrer das 7:00 \u00e0s 10:00 (EST)<\/strong>.<\/p>\n\n\n\n<p>Teremos l\u00edderes importantes a juntar-se a n\u00f3s e a liderar em ora\u00e7\u00e3o e adora\u00e7\u00e3o de todos os continentes do mundo!<\/p>\n\n\n\n<p>Por favor, junte-se a n\u00f3s em linha sempre que puder e considere a possibilidade de organizar um grupo de ora\u00e7\u00e3o de vigil\u00e2ncia em nome da sua cidade ou da sua na\u00e7\u00e3o.<\/p>\n\n\n\n<p><strong>Registe-se para receber actualiza\u00e7\u00f5es e assistir em <\/strong><a href=\"https:\/\/flj78ieab.cc.rs6.net\/tn.jsp?f=001iqCg-s9ECocPoMLGBYeb8bfwPXENwHGugYyz-UOix8cYR9fModEUrRNlisk3NszMyTxTGIJ6a7g3frCnVZEZEJnxJwftb_62MIiRuWcCrQtQx3uMk0BMxlZaqjUx374uj7xBGt1jvcGdBv4O7erDVhm5Cdb0xyn-&amp;c=4_yc4czp-nECwj8dING3o2dn_z_wFlIkrV2C7LkzsYMpKz8pmVjkMQ==&amp;ch=z3813YKnBzsmSF2e_31dcZnZVdaq_TpLwS4gXIlQt2Azqid9bivZFw==\" target=\"_blank\" rel=\"noreferrer noopener\">www.gdop-america.org<\/a><\/p>\n\n\n\n<div class=\"wp-block-buttons is-layout-flex wp-block-buttons-is-layout-flex\">\n<div class=\"wp-block-button\"><a class=\"wp-block-button__link wp-element-button\" href=\"https:\/\/www.gdop-america.org\/pt\/download-flyer\/\">Descarregar o folheto \/ Guia de Ora\u00e7\u00e3o<\/a><\/div>\n<\/div>\n\n\n\n<h3 class=\"wp-block-heading\">Poderemos ver um reavivamento transformador na Am\u00e9rica?<\/h3>\n\n\n\n<p>Uma quest\u00e3o fundamental que devemos colocar \u00e9 a seguinte: \"O que seria necess\u00e1rio para ver um genu\u00edno movimento de Deus iniciado e sustentado em cidades de toda a Am\u00e9rica?<\/p>\n\n\n\n<p>N\u00e3o \u00e9 suficiente apenas ver avivamento, queremos ver avivamento transformador nas fam\u00edlias, comunidades e cidades em toda a nossa na\u00e7\u00e3o antes do retorno de Cristo!<\/p>\n\n\n\n<p><strong>George Otis Jr. descreve uma comunidade transformada da seguinte forma...<\/strong><\/p>\n\n\n\n<ul class=\"wp-block-list\">\n<li>Um bairro, uma cidade ou uma na\u00e7\u00e3o cujos valores e institui\u00e7\u00f5es foram invadidos pela gra\u00e7a e pela presen\u00e7a de Deus.<\/li>\n\n\n\n<li>Um lugar onde o fogo divino n\u00e3o foi apenas convocado, ele caiu.<\/li>\n\n\n\n<li>Uma sociedade em que a mudan\u00e7a evolutiva natural foi interrompida por um poder sobrenatural invasivo.<\/li>\n\n\n\n<li>Uma cultura que foi impactada de forma abrangente e ineg\u00e1vel pelo Reino de Deus.<\/li>\n\n\n\n<li>Um local onde os valores do Reino s\u00e3o celebrados publicamente e transmitidos \u00e0s gera\u00e7\u00f5es futuras.<\/li>\n<\/ul>\n\n\n\n<p>Samuel Davies lembrou-nos, a partir do seu ponto de vista sobre o Segundo Grande Despertar, que \"h\u00e1 \u00e9pocas em que s\u00f3 um grande derramamento do Esp\u00edrito pode produzir uma reforma p\u00fablica geral\". Ele testemunhou em primeira m\u00e3o como o reavivamento e o despertar trouxeram uma mudan\u00e7a cultural que nada mais poderia realizar. John's-Wood Presbyterian church declarou ap\u00f3s o reavivamento gal\u00eas, no qual 100.000 pessoas vieram a Cristo em nove meses (1904-1905) que \"o poderoso sopro invis\u00edvel do Esp\u00edrito estava fazendo em um m\u00eas mais do que s\u00e9culos de legisla\u00e7\u00e3o poderiam realizar\".<\/p>\n\n\n\n<h3 class=\"wp-block-heading\">Poderemos assistir novamente a um tal despertar nos nossos dias?<\/h3>\n\n\n\n<p>Como George Otis nos lembra, \"o processo de transforma\u00e7\u00e3o do reavivamento nas na\u00e7\u00f5es \u00e9 desencadeado quando o nosso apetite pela presen\u00e7a de Deus supera todas as outras fomes\". Esta fome \u00e9 acesa e incendiada atrav\u00e9s do Evangelho da gloriosa Gra\u00e7a de Deus!<\/p>\n\n\n\n<p>Como escreveu Leonard Ravenhill,&nbsp;<\/p>\n\n\n\n<blockquote class=\"wp-block-quote is-layout-flow wp-block-quote-is-layout-flow\">\n<p>\"A \u00fanica raz\u00e3o pela qual n\u00e3o temos renascimento \u00e9 porque estamos dispostos a viver sem ele.\"&nbsp;<\/p>\n<\/blockquote>\n\n\n\n<p>Ficou c\u00e9lebre por ter denunciado a nossa vida de \u00eddolos quando afirmou,<\/p>\n\n\n\n<blockquote class=\"wp-block-quote is-layout-flow wp-block-quote-is-layout-flow\">\n<p>\"Vale a pena morrer por Cristo pelas coisas que est\u00e1s a viver?\"<\/p>\n<\/blockquote>\n\n\n\n<p>O verdadeiro reavivamento experimentado por muitos ao longo da hist\u00f3ria humana foi sempre acompanhado por uma extraordin\u00e1ria convic\u00e7\u00e3o de pecado, medo de Deus e do Seu julgamento, revela\u00e7\u00e3o do amor e da miseric\u00f3rdia de Deus, confiss\u00e3o, arrependimento profundo e pessoas a perguntar, como no dia de Pentecostes, \"O que devo fazer para ser salvo?\" (Actos 2)<\/p>\n\n\n\n<p>Deus \u00e9 especialmente atra\u00eddo por um ambiente de humildade, quebrantamento, fome espiritual desesperada, arrependimento, obedi\u00eancia capacitada pela gra\u00e7a e ora\u00e7\u00e3o unida urgente. Duncan Campbell, o grande pregador durante o reavivamento das H\u00e9bridas de 1949-52, resumiu bem o reavivamento quando escreveu&nbsp;<\/p>\n\n\n\n<blockquote class=\"wp-block-quote is-layout-flow wp-block-quote-is-layout-flow\">\n<p>\"Reavivamento \u00e9 quando os homens nas ruas t\u00eam medo de dizer palavras \u00edmpias por medo de que o julgamento de Deus caia! Quando os pecadores, conscientes do fogo da presen\u00e7a de Deus, tremem nas ruas e clamam por miseric\u00f3rdia! Quando (sem publicidade humana) o Esp\u00edrito Santo varre cidades e regi\u00f5es com poder sobrenatural e prende as pessoas com uma convic\u00e7\u00e3o aterradora! Quando cada loja se tornar um p\u00falpito, cada cora\u00e7\u00e3o um altar, cada casa um santu\u00e1rio, e as pessoas andarem cuidadosamente diante de Deus! Isto, meu amado, \u00e9 verdadeiramente o REVIVAMENTO DO C\u00c9U!\" - Duncan Campell<\/p>\n<\/blockquote>\n\n\n\n<p>O reavivamento \u00e9 centrado em Jesus! \u00c9 orientado pelo Evangelho! (Actos 19:10, 17). O reavivamento desafia o status quo e muda a atmosfera espiritual at\u00e9 que uma comunidade esteja \"saturada de Deus\".<\/p>\n\n\n\n<h3 class=\"wp-block-heading\">Ora\u00e7\u00e3o extraordin\u00e1ria<\/h3>\n\n\n\n<p>N\u00e3o \u00e9 preciso dizer que a ora\u00e7\u00e3o \u00e9 a incubadora e a fornalha do reavivamento. Como AT Pierson escreveu,<\/p>\n\n\n\n<blockquote class=\"wp-block-quote is-layout-flow wp-block-quote-is-layout-flow\">\n<p>\"Nunca houve um despertar espiritual em qualquer pa\u00eds ou localidade que n\u00e3o tenha come\u00e7ado com uma ora\u00e7\u00e3o unida.\"<\/p>\n<\/blockquote>\n\n\n\n<p>O reavivamento \u00e9 precedido por uma ora\u00e7\u00e3o extraordin\u00e1ria. Como Matthew Henry observou,<\/p>\n\n\n\n<blockquote class=\"wp-block-quote is-layout-flow wp-block-quote-is-layout-flow\">\n<p><strong>\"Quando Deus pretende uma grande miseric\u00f3rdia para o seu povo, a primeira coisa que faz \u00e9 p\u00f4-lo a rezar!\"<\/strong><\/p>\n<\/blockquote>\n\n\n\n<p>Edwin Orr, um dos grandes estudiosos do reavivamento, foi questionado uma vez,<\/p>\n\n\n\n<blockquote class=\"wp-block-quote is-layout-flow wp-block-quote-is-layout-flow\">\n<p>\"A ora\u00e7\u00e3o faz com que o reavivamento aconte\u00e7a? Ele respondeu: 'N\u00e3o... mas torna-o poss\u00edvel'\"<\/p>\n<\/blockquote>\n\n\n\n<p>Como A.W. Tozer escreveu num artigo intitulado \"N\u00e3o h\u00e1 limite para o reavivamento\"<\/p>\n\n\n\n<blockquote class=\"wp-block-quote is-layout-flow wp-block-quote-is-layout-flow\">\n<p>N\u00e3o h\u00e1 limite para o que Deus poderia fazer no nosso mundo se ous\u00e1ssemos render-nos perante ele com um compromisso que diz: \"\u00d3 Deus, eu entrego-me a ti, dou a minha fam\u00edlia, dou o meu neg\u00f3cio, dou tudo o que possuo. Toma tudo, Senhor - e toma-me a mim! Entrego-me de tal forma que, se for necess\u00e1rio que eu perca tudo por tua causa, deixa-me perder. N\u00e3o perguntarei qual o pre\u00e7o. Pedirei apenas que eu possa ser tudo o que devo ser como seguidor e disc\u00edpulo do Senhor Jesus Cristo\".<\/p>\n<\/blockquote>\n\n\n<div class=\"wp-block-image\">\n<figure class=\"alignright size-full is-resized\"><img loading=\"lazy\" decoding=\"async\" width=\"304\" height=\"454\" src=\"https:\/\/www.gdop-america.org\/wp-content\/uploads\/2024\/08\/Dr-Jason-Hubbard-IPCs-Director.jpg\" alt=\"\" class=\"wp-image-543\" style=\"width:231px;height:auto\" srcset=\"https:\/\/www.gdop-america.org\/wp-content\/uploads\/2024\/08\/Dr-Jason-Hubbard-IPCs-Director.jpg 304w, https:\/\/www.gdop-america.org\/wp-content\/uploads\/2024\/08\/Dr-Jason-Hubbard-IPCs-Director-8x12.jpg 8w\" sizes=\"auto, (max-width: 304px) 100vw, 304px\" \/><\/figure>\n<\/div>\n\n\n<p>Que a igreja na Am\u00e9rica coloque as nossas mentes e cora\u00e7\u00f5es perante a fogueira do Filho de Deus que tudo consome, o Senhor Jesus, pedindo uma maior revela\u00e7\u00e3o de Quem Ele \u00e9, para onde vai, o que est\u00e1 a fazer e como \u00e9 aben\u00e7oado. Vamos pedir uma gloriosa <strong>Explos\u00e3o evang\u00e9lica<\/strong> a irromper nesta na\u00e7\u00e3o pela sua fama!&nbsp;<\/p>\n\n\n\n<p>Obrigado por nos ajudar a transmitir a mensagem sobre este importante encontro.<\/p>\n\n\n\n<p>Toda a gl\u00f3ria ao Cordeiro!<\/p>\n\n\n\n<p><strong>Dr. Jason Hubbard - Diretor<\/strong><br><a href=\"https:\/\/flj78ieab.cc.rs6.net\/tn.jsp?f=001iqCg-s9ECocPoMLGBYeb8bfwPXENwHGugYyz-UOix8cYR9fModEUrZk6xJgknfVCVdC7K8DCdrISPDuAC8JpMhIlsMSeIkDfjp6nhqepGeZbnsNg3LpIhSYhBhBxW9P6Q1EYlb9CZBQcI5fciGLYMjWquKewhgLK&amp;c=4_yc4czp-nECwj8dING3o2dn_z_wFlIkrV2C7LkzsYMpKz8pmVjkMQ==&amp;ch=z3813YKnBzsmSF2e_31dcZnZVdaq_TpLwS4gXIlQt2Azqid9bivZFw==\" target=\"_blank\" rel=\"noreferrer noopener\">Liga\u00e7\u00e3o Internacional de Ora\u00e7\u00e3o<\/a><\/p>","protected":false},"excerpt":{"rendered":"<p>Dia Global de Ora\u00e7\u00e3o pela Am\u00e9ricaDom 22 de setembro de 2024 - 4h (PAC) | 7h (EST) \u00c9 nosso desejo ver um reavivamento em grande escala e...<\/p>","protected":false},"author":1,"featured_media":0,"parent":0,"menu_order":0,"comment_status":"closed","ping_status":"closed","template":"","meta":{"footnotes":""},"class_list":["post-536","page","type-page","status-publish","hentry"],"_links":{"self":[{"href":"https:\/\/www.gdop-america.org\/pt\/wp-json\/wp\/v2\/pages\/536","targetHints":{"allow":["GET"]}}],"collection":[{"href":"https:\/\/www.gdop-america.org\/pt\/wp-json\/wp\/v2\/pages"}],"about":[{"href":"https:\/\/www.gdop-america.org\/pt\/wp-json\/wp\/v2\/types\/page"}],"author":[{"embeddable":true,"href":"https:\/\/www.gdop-america.org\/pt\/wp-json\/wp\/v2\/users\/1"}],"replies":[{"embeddable":true,"href":"https:\/\/www.gdop-america.org\/pt\/wp-json\/wp\/v2\/comments?post=536"}],"version-history":[{"count":9,"href":"https:\/\/www.gdop-america.org\/pt\/wp-json\/wp\/v2\/pages\/536\/revisions"}],"predecessor-version":[{"id":642,"href":"https:\/\/www.gdop-america.org\/pt\/wp-json\/wp\/v2\/pages\/536\/revisions\/642"}],"wp:attachment":[{"href":"https:\/\/www.gdop-america.org\/pt\/wp-json\/wp\/v2\/media?parent=536"}],"curies":[{"name":"wp","href":"https:\/\/api.w.org\/{rel}","templated":true}]}}