{"id":469,"date":"2024-08-16T01:43:22","date_gmt":"2024-08-16T05:43:22","guid":{"rendered":"https:\/\/www.gdop-america.org\/?page_id=469"},"modified":"2024-08-22T03:38:47","modified_gmt":"2024-08-22T07:38:47","slug":"email-sign-up","status":"publish","type":"page","link":"https:\/\/www.gdop-america.org\/pt\/email-sign-up\/","title":{"rendered":"SUBSCRI\u00c7\u00c3O DE E-MAIL"},"content":{"rendered":"<div data-form-id=\"617\" id=\"ctct-form-wrapper-0\" class=\"ctct-form-wrapper\"><form class=\"ctct-form ctct-form-617 no-recaptcha\" id=\"ctct-form-2705614749\" data-doajax=\"off\" style=\"\" action=\"\" method=\"post\" data-trp-original-action=\"\"><p class=\"ctct-form-field ctct-form-field-text ctct-form-field-required\"><span class=\"ctct-label-top\"><label for=\"first_name___7e7a6eef7e0a3734f39d6757b27d474b_0_4153076255\">Nome pr\u00f3prio <abbr title=\"necess\u00e1rio\">*<\/abbr><\/label><\/span><input required type=\"text\" name=\"first_name___7e7a6eef7e0a3734f39d6757b27d474b\"  value=\"\" maxlength=\"255\" placeholder=\"\" class=\"ctct-text ctct-label-top first_name___7e7a6eef7e0a3734f39d6757b27d474b\" id=\"first_name___7e7a6eef7e0a3734f39d6757b27d474b_0_4153076255\"  \/><\/p><p class=\"ctct-form-field ctct-form-field-text ctct-form-field-required\"><span class=\"ctct-label-top\"><label for=\"last_name___86b6d953df0fd1bff8e02cde526c2b3c_0_2032685369\">Apelido <abbr title=\"necess\u00e1rio\">*<\/abbr><\/label><\/span><input required type=\"text\" name=\"last_name___86b6d953df0fd1bff8e02cde526c2b3c\"  value=\"\" maxlength=\"255\" placeholder=\"\" class=\"ctct-text ctct-label-top last_name___86b6d953df0fd1bff8e02cde526c2b3c\" id=\"last_name___86b6d953df0fd1bff8e02cde526c2b3c_0_2032685369\"  \/><\/p><p class=\"ctct-form-field ctct-form-field-email ctct-form-field-required\"><span class=\"ctct-label-top\"><label for=\"email___ecd412e904309dcce66177488240b016_0_43752973\">Correio eletr\u00f3nico <abbr title=\"necess\u00e1rio\">*<\/abbr><\/label><\/span><input required type=\"email\" name=\"email___ecd412e904309dcce66177488240b016\"  value=\"\"  placeholder=\"\" class=\"ctct-email ctct-label-top email___ecd412e904309dcce66177488240b016\" id=\"email___ecd412e904309dcce66177488240b016_0_43752973\"  \/><\/p><div class='ctct-list-selector' style='display:none;'><div class=\"ctct-form-field ctct-form-field-checkbox ctct-form-field-required\"><fieldset><legend class=\"ctct-label-top\">Selecionar lista(s) para subscrever<\/legend><input type=\"checkbox\" name=\"lists___cadf46531783a66ce0e76a7aa96cca81[]\" id=\"lists___cadf46531783a66ce0e76a7aa96cca81_0_0\" value=\"d6646bda-5b91-11ef-bc6a-fa163edfff7e\" class=\"ctct-checkbox ctct-label-right\" checked \/><span class=\"ctct-label-right\"><label for=\"lists___cadf46531783a66ce0e76a7aa96cca81_0_0\">GDOP Am\u00e9rica<\/label><\/span><\/fieldset><\/div><\/div><div class=\"ctct-optin-hide\" style=\"display:none;\"><p class=\"ctct-form-field ctct-form-field-checkbox\"><span class=\"ctct-input-container\"><input type=\"checkbox\" checked name=\"ctct-opt-in\" class=\"ctct-checkbox ctct-opt-in\" value=\"1\" id=\"ctct-opt-in_0\" \/><label for=\"ctct-opt-in_0\"> Exemplo: Sim, gostaria de receber mensagens electr\u00f3nicas do Dia Mundial de Ora\u00e7\u00e3o pela Am\u00e9rica (GDOP). (Pode anular a subscri\u00e7\u00e3o em qualquer altura)<\/label><\/span><\/p><\/div><!--.ctct-optin-hide --><p class=\"ctct-form-field ctct-form-field-submit\"><input  type=\"submit\" name=\"ctct-submitted\"  value=\"Inscrever-se\"   class=\"ctct-submit ctct-label-top ctct-submitted\" id=\"ctct-submitted_0_2280992039\"  \/><\/p><div class=\"ctct_usage\"style=\"border: 0 none; clip: rect( 0, 0, 0, 0 ); height: 1px; margin: -1px; overflow: hidden; padding: 0; position: absolute; width: 1px;\"><label for=\"ctct_usage_field\">Utiliza\u00e7\u00e3o do Constant Contact. Por favor, deixe este campo em branco.<\/label><input type=\"text\" value=\"\" id=\"ctct_usage_field\" name=\"ctct_usage_field\" class=\"ctct_usage_field\" tabindex=\"-1\" \/><\/div><input type=\"hidden\" name=\"ctct-id\" value=\"617\" \/><input type=\"hidden\" name=\"ctct-verify\" value=\"HZhds5tbM9l6ESFnaBYEjOEIV\" \/><input type=\"hidden\" name=\"ctct-instance\" value=\"0\" \/><input type=\"hidden\" name=\"ctct_time\" value=\"1778653616\" \/><input type=\"hidden\" name=\"trp-form-language\" value=\"pt\"\/><\/form><div class=\"ctct-disclosure\"><hr><small>Ao submeter este formul\u00e1rio, est\u00e1 a consentir receber e-mails de marketing de: Global Day of Prayer for America (GDOP). Pode revogar o seu consentimento para receber mensagens de correio eletr\u00f3nico em qualquer altura, utilizando a liga\u00e7\u00e3o SafeUnsubscribe\u00ae, que se encontra na parte inferior de cada mensagem de correio eletr\u00f3nico. <a href=\"https:\/\/www.constantcontact.com\/legal\/service-provider\" target=\"_blank\" rel=\"noopener noreferrer\">Os e-mails s\u00e3o geridos pela Constant Contact<\/a><\/small><\/div><script type=\"text\/javascript\">var ajaxurl = \"https:\/\/www.gdop-america.org\/wp-admin\/admin-ajax.php\";<\/script><\/div>","protected":false},"excerpt":{"rendered":"","protected":false},"author":1,"featured_media":0,"parent":0,"menu_order":0,"comment_status":"closed","ping_status":"closed","template":"","meta":{"footnotes":""},"class_list":["post-469","page","type-page","status-publish","hentry"],"_links":{"self":[{"href":"https:\/\/www.gdop-america.org\/pt\/wp-json\/wp\/v2\/pages\/469","targetHints":{"allow":["GET"]}}],"collection":[{"href":"https:\/\/www.gdop-america.org\/pt\/wp-json\/wp\/v2\/pages"}],"about":[{"href":"https:\/\/www.gdop-america.org\/pt\/wp-json\/wp\/v2\/types\/page"}],"author":[{"embeddable":true,"href":"https:\/\/www.gdop-america.org\/pt\/wp-json\/wp\/v2\/users\/1"}],"replies":[{"embeddable":true,"href":"https:\/\/www.gdop-america.org\/pt\/wp-json\/wp\/v2\/comments?post=469"}],"version-history":[{"count":7,"href":"https:\/\/www.gdop-america.org\/pt\/wp-json\/wp\/v2\/pages\/469\/revisions"}],"predecessor-version":[{"id":621,"href":"https:\/\/www.gdop-america.org\/pt\/wp-json\/wp\/v2\/pages\/469\/revisions\/621"}],"wp:attachment":[{"href":"https:\/\/www.gdop-america.org\/pt\/wp-json\/wp\/v2\/media?parent=469"}],"curies":[{"name":"wp","href":"https:\/\/api.w.org\/{rel}","templated":true}]}}