{"id":681,"date":"2024-09-15T10:59:15","date_gmt":"2024-09-15T14:59:15","guid":{"rendered":"https:\/\/www.gdop-america.org\/?page_id=681"},"modified":"2024-09-15T11:00:30","modified_gmt":"2024-09-15T15:00:30","slug":"preparing","status":"publish","type":"page","link":"https:\/\/www.gdop-america.org\/nl\/preparing\/","title":{"rendered":"voorbereiden"},"content":{"rendered":"<figure class=\"wp-block-image size-full\"><img loading=\"lazy\" decoding=\"async\" width=\"1971\" height=\"1104\" src=\"https:\/\/www.gdop-america.org\/wp-content\/uploads\/2024\/09\/home-bg-pray101.jpg\" alt=\"\" class=\"wp-image-682\" srcset=\"https:\/\/www.gdop-america.org\/wp-content\/uploads\/2024\/09\/home-bg-pray101.jpg 1971w, https:\/\/www.gdop-america.org\/wp-content\/uploads\/2024\/09\/home-bg-pray101-350x196.jpg 350w, https:\/\/www.gdop-america.org\/wp-content\/uploads\/2024\/09\/home-bg-pray101-768x430.jpg 768w, https:\/\/www.gdop-america.org\/wp-content\/uploads\/2024\/09\/home-bg-pray101-1536x860.jpg 1536w, https:\/\/www.gdop-america.org\/wp-content\/uploads\/2024\/09\/home-bg-pray101-18x10.jpg 18w\" sizes=\"auto, (max-width: 1971px) 100vw, 1971px\" \/><\/figure>\n\n\n\n<p><strong><em>Ons voorbereiden op de Wereldgebedsdag voor Amerika - Dani\u00ebls voorbeeld volgen<\/em><\/strong><\/p>\n\n\n\n<p>Terwijl we onze harten voorbereiden om te bidden op 22 september - de Wereldgebedsdag voor Amerika, roept God ons op om onszelf voor Hem te verootmoedigen. In het licht van Zijn heiligheid en onze zondigheid is onze enige hoop een terugkeer naar het kruis van Christus en de genade van het evangelie. God zegt dat Hij de hoogmoedigen tegenwerkt, maar de nederigen genade schenkt (Jakobus 4:6).<\/p>\n\n\n\n<p>Een van de grote mannen in de Schrift die zichzelf voor de Heer verootmoedigde namens zijn volk is Dani\u00ebl. Dani\u00ebls gebed in 9:1-23 is een geweldig voorbeeld voor ons als we onszelf vernederen en om genade roepen namens de kerk in Amerika. Dani\u00ebls gebed was een wanhopige smeekbede namens zijn volk - Juda - dat onder Gods oordeel was komen te staan. Zeventig jaar lang werd zijn volk gevangen gehouden door de Babyloni\u00ebrs en gescheiden van Gods plaats van zegen. God had de natie herhaaldelijk gewaarschuwd dat als er geen nationaal berouw over de zonde zou komen, het oordeel zou vallen. Dani\u00ebl was 15 jaar oud toen hij gevangen werd genomen door de Babyloni\u00ebrs en verbannen werd naar een vreemd land 800 mijl ten oosten van Jeruzalem. En toch verheerlijkte Dani\u00ebl de Heer door zijn karakter, zijn gedrag, zijn gebedsleven en zijn diepe nederigheid. Dani\u00ebl had zijn hart vele jaren voorbereid voordat hij zijn gebed in Dani\u00ebl 9 bad.<\/p>\n\n\n\n<p>We vragen ons soms af waarom onze gebeden de hemel niet bewegen en naties niet veranderen - is het omdat we niet goed voorbereid zijn?<\/p>\n\n\n<div class=\"wp-block-image\">\n<figure class=\"alignright size-medium\"><img loading=\"lazy\" decoding=\"async\" width=\"350\" height=\"195\" src=\"https:\/\/www.gdop-america.org\/wp-content\/uploads\/2024\/09\/home-bg-pray102-350x195.jpg\" alt=\"\" class=\"wp-image-683\" srcset=\"https:\/\/www.gdop-america.org\/wp-content\/uploads\/2024\/09\/home-bg-pray102-350x195.jpg 350w, https:\/\/www.gdop-america.org\/wp-content\/uploads\/2024\/09\/home-bg-pray102-768x428.jpg 768w, https:\/\/www.gdop-america.org\/wp-content\/uploads\/2024\/09\/home-bg-pray102-18x10.jpg 18w, https:\/\/www.gdop-america.org\/wp-content\/uploads\/2024\/09\/home-bg-pray102.jpg 1187w\" sizes=\"auto, (max-width: 350px) 100vw, 350px\" \/><\/figure>\n<\/div>\n\n\n<p>Hoe bereiden we onze harten voor op gebed als we God nodig hebben in een wanhopige toestand?<\/p>\n\n\n\n<p>Zoals Dani\u00ebl 6:10 schrijft:<\/p>\n\n\n\n<p>\"Dani\u00ebl ging naar zijn huis, waar hij ramen in zijn bovenkamer had die open stonden naar Jeruzalem. Hij ging drie keer per dag op zijn knie\u00ebn en bad en dankte zijn God\".<\/p>\n\n\n\n<p>Daniel had een <strong><em>voorbereide plaats <\/em><\/strong>om te bidden - hij ging naar zijn kamer boven om te bidden.<br>Daniel had een <strong><em>bereide tijd <\/em><\/strong>- 3 keer per dag bidden.<br>Daniel had een <strong><em>voorbereide positie <\/em><\/strong>- op zijn knie\u00ebn in nederige onderdanigheid voor de Heer.<br>Daniel had een <strong><em>voorbereide houding <\/em><\/strong>- de Heer met dankzegging aanroepen, zelfs te midden van moeilijke omstandigheden.<\/p>\n\n\n\n<p>In Dani\u00ebl 9 was Isra\u00ebl al 67 jaar in gevangenschap. Dani\u00ebl vroeg God om zijn volk Isra\u00ebl te bevrijden. De basis van zijn gebed was de belofte die hij in Gods woord in Jeremia vond dat God zijn volk na 70 jaar zou bevrijden. Hij maakte aanspraak op die belofte - hij bad om het antwoord met het antwoord in gedachten en zijn gebed werd verhoord - drie jaar later - werd Isra\u00ebl bevrijd!<\/p>\n\n\n\n<p>Velen van ons kijken naar onze natie van vandaag - een natie in nood - een kerk verdeeld - en vragen zich af wat \u00e9\u00e9n persoon kan doen?<\/p>\n\n\n\n<p>Ik geloof dat \u00e9\u00e9n persoon kan bidden, Gods hart kan raken en bewegen en zijn kracht in een land kan losmaken! Dani\u00ebl was zo'n man en jij en ik kunnen zijn voorbeeld volgen.<\/p>\n\n\n\n<p><strong>Voor welke Bijbelse belofte strijden we in deze tijd?<\/strong><\/p>\n\n\n\n<p>\"God verzet zich tegen de hoogmoedigen, maar schenkt genade aan de nederigen\".<\/p>\n\n\n\n<p>We zullen het er allemaal over eens zijn dat we zowel in de kerk als in onze natie wanhopig behoefte hebben aan de <strong>GENADE VAN GOD. <\/strong>We verdienen het zeker niet. Zoals we in Dani\u00ebls gebed ontdekken, gaat het uiteindelijk niet om ons - het is Gods naam die vandaag de dag op het spel staat in onze natie!<\/p>\n\n\n\n<p>\"O Heer hoor, O Heer vergeef. O Heer geef aandacht en handel. Wacht niet, <strong>voor je eigen bestwil<\/strong>O mijn God\". <strong>Ik wil ons aanmoedigen om het gebed in Dani\u00ebl 9:1-23 te bidden tijdens deze Wereldgebedsdag voor<\/strong> <strong>Amerika.<\/strong><\/p>\n\n\n\n<p><strong>Laten we de Heer verheffen<\/strong><\/p>\n\n\n\n<p>\"Ik bad tot de HEER, mijn God, en deed belijdenis, zeggende: O HEER, de grote en ontzagwekkende God, die verbond en standvastige liefde bewaart met hen die Hem liefhebben en zijn geboden bewaren,\" Dani\u00ebl 9:4<\/p>\n\n\n<div class=\"wp-block-image\">\n<figure class=\"alignright size-medium\"><img loading=\"lazy\" decoding=\"async\" width=\"350\" height=\"193\" src=\"https:\/\/www.gdop-america.org\/wp-content\/uploads\/2024\/09\/home-bg-pray103-350x193.jpg\" alt=\"\" class=\"wp-image-684\" srcset=\"https:\/\/www.gdop-america.org\/wp-content\/uploads\/2024\/09\/home-bg-pray103-350x193.jpg 350w, https:\/\/www.gdop-america.org\/wp-content\/uploads\/2024\/09\/home-bg-pray103-768x425.jpg 768w, https:\/\/www.gdop-america.org\/wp-content\/uploads\/2024\/09\/home-bg-pray103-18x10.jpg 18w, https:\/\/www.gdop-america.org\/wp-content\/uploads\/2024\/09\/home-bg-pray103.jpg 1194w\" sizes=\"auto, (max-width: 350px) 100vw, 350px\" \/><\/figure>\n<\/div>\n\n\n<p><strong>Laten we onze zonden belijden namens de kerk (Gods volk) in Amerika<\/strong><\/p>\n\n\n\n<p>Dani\u00ebl 9:5 (ESV): \"Wij hebben gezondigd en verkeerd gedaan en ons misdadig gedragen en zijn in opstand gekomen en hebben ons afgekeerd van uw geboden en regels.\"<\/p>\n\n\n\n<p>Dani\u00ebl 9:8 (ESV): \"Aan ons, HEER, komt openlijke schaamte toe, aan onze koningen, aan onze vorsten en aan onze vaderen, omdat wij tegen U gezondigd hebben.\"<\/p>\n\n\n\n<p>Dani\u00ebl 9:10 (ESV), \"en hebben niet gehoorzaamd<br>de stem van de HEER, onze God, door te wandelen<br>in zijn wetten, die hij ons heeft voorgelezen door zijn dienaren, de profeten.\"<\/p>\n\n\n\n<figure class=\"wp-block-image size-full\"><img loading=\"lazy\" decoding=\"async\" width=\"1594\" height=\"912\" src=\"https:\/\/www.gdop-america.org\/wp-content\/uploads\/2024\/09\/home-bg-pray104.jpg\" alt=\"\" class=\"wp-image-685\" srcset=\"https:\/\/www.gdop-america.org\/wp-content\/uploads\/2024\/09\/home-bg-pray104.jpg 1594w, https:\/\/www.gdop-america.org\/wp-content\/uploads\/2024\/09\/home-bg-pray104-350x200.jpg 350w, https:\/\/www.gdop-america.org\/wp-content\/uploads\/2024\/09\/home-bg-pray104-768x439.jpg 768w, https:\/\/www.gdop-america.org\/wp-content\/uploads\/2024\/09\/home-bg-pray104-1536x879.jpg 1536w, https:\/\/www.gdop-america.org\/wp-content\/uploads\/2024\/09\/home-bg-pray104-18x10.jpg 18w\" sizes=\"auto, (max-width: 1594px) 100vw, 1594px\" \/><\/figure>\n\n\n\n<p><strong>Laten we de genade van God niet vergeten<\/strong><\/p>\n\n\n\n<p>Dani\u00ebl 9:15-16 (ESV), \"En nu, o Here, onze God, die uw volk met machtige hand uit het land Egypte heeft gebracht en naam heeft gemaakt, zoals op deze dag, hebben wij gezondigd, hebben wij goddeloos gehandeld. 16 \"O Heer, naar al uw rechtvaardige daden, laat uw toorn en uw gramschap zich afwenden van uw stad Jeruzalem, uw heilige heuvel, want om onze zonden en om de ongerechtigheden van onze vaderen zijn Jeruzalem en uw volk een bijbel geworden onder allen die om ons heen zijn.\"<\/p>\n\n\n\n<p><strong>Laten we pleiten met De<\/strong><strong>samenwerking voor <\/strong><strong>Mercy<\/strong><\/p>\n\n\n\n<p>Dani\u00ebl 9:17-18 (ESV), \"Nu dan, o onze God, luister naar het gebed van uw dienaar en naar zijn <strong>pleidooien voor genade<\/strong>En om uwentwil, o Here! doe uw aangezicht lichten over uw heiligdom, dat verlaten is. 18 O mijn God, neig uw oor en hoor. Open uw ogen en zie onze verwoestingen en de stad die met uw naam genoemd wordt. Want wij leggen onze pleidooien niet voor u vanwege onze gerechtigheid, maar vanwege <strong>uw grote genade<\/strong>\"<\/p>\n\n\n\n<p>We kunnen er zeker van zijn dat als we onszelf verootmoedigen voor de machtige hand van God, zijn naam aanroepen en pleiten naar zijn wil en voor zijn eer, Hij zijn kracht zal vrijgeven in antwoord op onze gebeden!<\/p>\n\n\n\n<p><strong>Vader, maak Uw naam weer groot in Amerika!<\/strong><\/p>\n\n\n\n<p>Maleachi 1:11 (ESV), \"Want van het opgaan van de zon tot haar ondergang <strong>mijn naam zal groot zijn <\/strong>onder de volkeren, en in <strong>elke locatie <\/strong>wierook zal worden geofferd aan mijn naam, en een rein offer. Want mijn naam zal groot zijn onder de volken<strong>zegt de L<\/strong><strong>ORD <\/strong><strong>van gastheren<\/strong>\"<\/p>\n\n\n\n<p>Ik kijk er erg naar uit om met jullie te bidden op 22 september.<\/p>\n\n\n\n<p><strong>Ik hou van jullie allemaal,<\/strong><\/p>\n\n\n\n<p><strong>Dr Jason Hubbard - Directeur <\/strong><strong>Internationaal Gebed<\/strong><\/p>\n\n\n\n<p>\"Want zo zegt Degene die hoog en verheven is, die de eeuwigheid bewoont, wiens naam Heilig is: \"Ik woon in de hoge en heilige plaats, en ook bij hem die van een berouwvolle en nederige geest is, om de geest van de nederige te doen herleven, en het hart van de berouwvolle te doen herleven.\"<\/p>\n\n\n\n<div class=\"wp-block-buttons is-layout-flex wp-block-buttons-is-layout-flex\">\n<div class=\"wp-block-button\"><a class=\"wp-block-button__link wp-element-button\" href=\"https:\/\/www.gdop-america.org\/wp-content\/uploads\/2024\/09\/Call-to-Humility-Dr-Jason-Hubbard.pdf\" target=\"_blank\" rel=\"noreferrer noopener\">Downloaden PDF<\/a><\/div>\n<\/div>","protected":false},"excerpt":{"rendered":"<p>Onszelf voorbereiden op de Wereldgebedsdag voor Amerika - Dani\u00ebls voorbeeld volgen Terwijl we onze harten voorbereiden om te bidden op 22 september -...<\/p>","protected":false},"author":1,"featured_media":459,"parent":0,"menu_order":0,"comment_status":"closed","ping_status":"closed","template":"","meta":{"footnotes":""},"class_list":["post-681","page","type-page","status-publish","has-post-thumbnail","hentry"],"_links":{"self":[{"href":"https:\/\/www.gdop-america.org\/nl\/wp-json\/wp\/v2\/pages\/681","targetHints":{"allow":["GET"]}}],"collection":[{"href":"https:\/\/www.gdop-america.org\/nl\/wp-json\/wp\/v2\/pages"}],"about":[{"href":"https:\/\/www.gdop-america.org\/nl\/wp-json\/wp\/v2\/types\/page"}],"author":[{"embeddable":true,"href":"https:\/\/www.gdop-america.org\/nl\/wp-json\/wp\/v2\/users\/1"}],"replies":[{"embeddable":true,"href":"https:\/\/www.gdop-america.org\/nl\/wp-json\/wp\/v2\/comments?post=681"}],"version-history":[{"count":2,"href":"https:\/\/www.gdop-america.org\/nl\/wp-json\/wp\/v2\/pages\/681\/revisions"}],"predecessor-version":[{"id":689,"href":"https:\/\/www.gdop-america.org\/nl\/wp-json\/wp\/v2\/pages\/681\/revisions\/689"}],"wp:featuredmedia":[{"embeddable":true,"href":"https:\/\/www.gdop-america.org\/nl\/wp-json\/wp\/v2\/media\/459"}],"wp:attachment":[{"href":"https:\/\/www.gdop-america.org\/nl\/wp-json\/wp\/v2\/media?parent=681"}],"curies":[{"name":"wp","href":"https:\/\/api.w.org\/{rel}","templated":true}]}}