{"id":681,"date":"2024-09-15T10:59:15","date_gmt":"2024-09-15T14:59:15","guid":{"rendered":"https:\/\/www.gdop-america.org\/?page_id=681"},"modified":"2024-09-15T11:00:30","modified_gmt":"2024-09-15T15:00:30","slug":"preparing","status":"publish","type":"page","link":"https:\/\/www.gdop-america.org\/it\/preparing\/","title":{"rendered":"Preparazione"},"content":{"rendered":"<figure class=\"wp-block-image size-full\"><img loading=\"lazy\" decoding=\"async\" width=\"1971\" height=\"1104\" src=\"https:\/\/www.gdop-america.org\/wp-content\/uploads\/2024\/09\/home-bg-pray101.jpg\" alt=\"\" class=\"wp-image-682\" srcset=\"https:\/\/www.gdop-america.org\/wp-content\/uploads\/2024\/09\/home-bg-pray101.jpg 1971w, https:\/\/www.gdop-america.org\/wp-content\/uploads\/2024\/09\/home-bg-pray101-350x196.jpg 350w, https:\/\/www.gdop-america.org\/wp-content\/uploads\/2024\/09\/home-bg-pray101-768x430.jpg 768w, https:\/\/www.gdop-america.org\/wp-content\/uploads\/2024\/09\/home-bg-pray101-1536x860.jpg 1536w, https:\/\/www.gdop-america.org\/wp-content\/uploads\/2024\/09\/home-bg-pray101-18x10.jpg 18w\" sizes=\"auto, (max-width: 1971px) 100vw, 1971px\" \/><\/figure>\n\n\n\n<p><strong><em>Prepararsi alla Giornata mondiale di preghiera per l'America - Seguendo l'esempio di Daniele<\/em><\/strong><\/p>\n\n\n\n<p>Mentre prepariamo i nostri cuori a pregare il 22 settembre, Giornata mondiale di preghiera per l'America, Dio ci chiama a umiliarci davanti a Lui. Alla luce della Sua santit\u00e0 e della nostra peccaminosit\u00e0, la nostra unica speranza \u00e8 il ritorno alla croce di Cristo e alla grazia del Vangelo. Dio dice che si oppone ai superbi ma d\u00e0 grazia agli umili (Giacomo 4:6).<\/p>\n\n\n\n<p>Uno dei grandi uomini della Scrittura che si \u00e8 umiliato davanti al Signore per conto del suo popolo \u00e8 Daniele. La preghiera di Daniele in 9:1-23 \u00e8 un ottimo modello per noi che ci umiliamo e chiediamo misericordia a nome della Chiesa in America. La preghiera di Daniele era una supplica disperata a nome della sua nazione - Giuda - che era finita sotto il giudizio di Dio. Per settant'anni, il suo popolo era stato tenuto in cattivit\u00e0 dai Babilonesi e separato dal luogo di benedizione di Dio. Dio aveva ripetutamente preannunciato alla nazione che se non ci fosse stato un pentimento nazionale del peccato, il giudizio sarebbe caduto. Daniele aveva 15 anni quando fu catturato dai Babilonesi ed esiliato in una terra straniera a 800 miglia a est di Gerusalemme. Eppure, durante tutto questo, Daniele glorific\u00f2 il Signore con il suo carattere, la sua condotta, la sua vita di preghiera e la sua profonda umilt\u00e0. Daniele aveva preparato il suo cuore per molti anni prima di recitare la sua preghiera in Daniele 9.<\/p>\n\n\n\n<p>A volte ci chiediamo perch\u00e9 le nostre preghiere non smuovono i cieli e non cambiano le nazioni: \u00e8 perch\u00e9 non siamo preparati?<\/p>\n\n\n<div class=\"wp-block-image\">\n<figure class=\"alignright size-medium\"><img loading=\"lazy\" decoding=\"async\" width=\"350\" height=\"195\" src=\"https:\/\/www.gdop-america.org\/wp-content\/uploads\/2024\/09\/home-bg-pray102-350x195.jpg\" alt=\"\" class=\"wp-image-683\" srcset=\"https:\/\/www.gdop-america.org\/wp-content\/uploads\/2024\/09\/home-bg-pray102-350x195.jpg 350w, https:\/\/www.gdop-america.org\/wp-content\/uploads\/2024\/09\/home-bg-pray102-768x428.jpg 768w, https:\/\/www.gdop-america.org\/wp-content\/uploads\/2024\/09\/home-bg-pray102-18x10.jpg 18w, https:\/\/www.gdop-america.org\/wp-content\/uploads\/2024\/09\/home-bg-pray102.jpg 1187w\" sizes=\"auto, (max-width: 350px) 100vw, 350px\" \/><\/figure>\n<\/div>\n\n\n<p>Come possiamo preparare il nostro cuore alla preghiera quando abbiamo bisogno di Dio in una condizione disperata?<\/p>\n\n\n\n<p>Come scrive Daniele 6:10:<\/p>\n\n\n\n<p>\"Daniele and\u00f2 a casa sua, dove aveva le finestre della camera superiore aperte verso Gerusalemme. Si inginocchiava tre volte al giorno, pregava e ringraziava il suo Dio\".<\/p>\n\n\n\n<p>Daniel aveva un <strong><em>luogo preparato <\/em><\/strong>per pregare - andava nella sua stanza al piano di sopra a pregare.<br>Daniel aveva un <strong><em>tempo preparato <\/em><\/strong>- pregare 3 volte al giorno.<br>Daniel aveva un <strong><em>posizione preparata <\/em><\/strong>- in ginocchio in umile sottomissione davanti al Signore.<br>Daniel aveva un <strong><em>atteggiamento preparato <\/em><\/strong>- invocare il Signore con gratitudine anche in mezzo a circostanze difficili.<\/p>\n\n\n\n<p>In Daniele 9, Israele era ormai in cattivit\u00e0 da 67 anni. Daniele chiedeva a Dio di liberare il suo popolo. La base della sua preghiera era la promessa che aveva trovato nella parola di Dio in Geremia: dopo 70 anni, Dio avrebbe liberato il suo popolo. Egli rivendic\u00f2 quella promessa, preg\u00f2 per la risposta con la mente alla risposta e la sua preghiera fu esaudita: tre anni dopo Israele fu liberato!<\/p>\n\n\n\n<p>Molti di noi guardano la nostra nazione oggi - una nazione in difficolt\u00e0, una chiesa divisa - e si chiedono cosa pu\u00f2 fare una persona?<\/p>\n\n\n\n<p>Credo che una sola persona possa pregare, toccando e muovendo il cuore di Dio e liberando la sua potenza in una nazione! Daniele era un uomo di questo tipo, e voi e io possiamo seguire il suo esempio.<\/p>\n\n\n\n<p><strong>Per quale promessa biblica stiamo lottando in questo giorno?<\/strong><\/p>\n\n\n\n<p>\"Dio si oppone ai superbi, ma d\u00e0 grazia agli umili\".<\/p>\n\n\n\n<p>Siamo tutti d'accordo sul fatto che, sia nella Chiesa che nella nostra nazione, abbiamo un disperato bisogno del <strong>La grazia di Dio\". <\/strong>Di certo non lo meritiamo. Come scopriamo nella preghiera di Daniele, alla fine non si tratta di noi, ma del nome di Dio che \u00e8 in gioco oggi nella nostra nazione!<\/p>\n\n\n\n<p>\"O Signore ascolta, o Signore perdona. O Signore, presta attenzione e agisci. Non indugiare, <strong>per il tuo bene<\/strong>O mio Dio\". <strong>Voglio incoraggiarci a pregare attraverso la preghiera di Daniele 9:1-23 durante questa Giornata Mondiale di Preghiera per<\/strong> <strong>America.<\/strong><\/p>\n\n\n\n<p><strong>Esaltiamo il Signore<\/strong><\/p>\n\n\n\n<p>\"Pregai l'Eterno, il mio Dio, e lo confessai dicendo: \"O Signore, Dio grande e grandioso, che mantiene l'alleanza e l'amore costante con coloro che lo amano e osservano i suoi comandamenti\"\", Daniele 9:4.<\/p>\n\n\n<div class=\"wp-block-image\">\n<figure class=\"alignright size-medium\"><img loading=\"lazy\" decoding=\"async\" width=\"350\" height=\"193\" src=\"https:\/\/www.gdop-america.org\/wp-content\/uploads\/2024\/09\/home-bg-pray103-350x193.jpg\" alt=\"\" class=\"wp-image-684\" srcset=\"https:\/\/www.gdop-america.org\/wp-content\/uploads\/2024\/09\/home-bg-pray103-350x193.jpg 350w, https:\/\/www.gdop-america.org\/wp-content\/uploads\/2024\/09\/home-bg-pray103-768x425.jpg 768w, https:\/\/www.gdop-america.org\/wp-content\/uploads\/2024\/09\/home-bg-pray103-18x10.jpg 18w, https:\/\/www.gdop-america.org\/wp-content\/uploads\/2024\/09\/home-bg-pray103.jpg 1194w\" sizes=\"auto, (max-width: 350px) 100vw, 350px\" \/><\/figure>\n<\/div>\n\n\n<p><strong>Confessiamo i nostri peccati a nome della chiesa (popolo di Dio) in America<\/strong><\/p>\n\n\n\n<p>Daniele 9:5 (ESV): \"Abbiamo peccato, abbiamo sbagliato, abbiamo agito con malvagit\u00e0 e ci siamo ribellati, allontanandoci dai tuoi comandamenti e dalle tue regole\".<\/p>\n\n\n\n<p>Daniele 9:8 (ESV): \"A noi, o Signore, appartiene la vergogna aperta, ai nostri re, ai nostri principi e ai nostri padri, perch\u00e9 abbiamo peccato contro di te\".<\/p>\n\n\n\n<p>Daniele 9:10 (ESV): \"e non hanno ubbidito<br>la voce dell'Eterno, il nostro Dio, camminando<br>nelle sue leggi, che ci ha fatto conoscere per mezzo dei suoi servi, i profeti\".<\/p>\n\n\n\n<figure class=\"wp-block-image size-full\"><img loading=\"lazy\" decoding=\"async\" width=\"1594\" height=\"912\" src=\"https:\/\/www.gdop-america.org\/wp-content\/uploads\/2024\/09\/home-bg-pray104.jpg\" alt=\"\" class=\"wp-image-685\" srcset=\"https:\/\/www.gdop-america.org\/wp-content\/uploads\/2024\/09\/home-bg-pray104.jpg 1594w, https:\/\/www.gdop-america.org\/wp-content\/uploads\/2024\/09\/home-bg-pray104-350x200.jpg 350w, https:\/\/www.gdop-america.org\/wp-content\/uploads\/2024\/09\/home-bg-pray104-768x439.jpg 768w, https:\/\/www.gdop-america.org\/wp-content\/uploads\/2024\/09\/home-bg-pray104-1536x879.jpg 1536w, https:\/\/www.gdop-america.org\/wp-content\/uploads\/2024\/09\/home-bg-pray104-18x10.jpg 18w\" sizes=\"auto, (max-width: 1594px) 100vw, 1594px\" \/><\/figure>\n\n\n\n<p><strong>Ricordiamo la misericordia di Dio<\/strong><\/p>\n\n\n\n<p>Daniele 9:15-16 (ESV): \"E ora, o Signore, nostro Dio, che hai fatto uscire il tuo popolo dal paese d'Egitto con mano potente e ti sei fatto un nome, come in questo giorno, abbiamo peccato, abbiamo fatto malvagit\u00e0. 16 \"O Signore, secondo tutte le tue azioni giuste, allontana la tua ira e la tua collera dalla tua citt\u00e0 Gerusalemme, il tuo colle santo, perch\u00e9 per i nostri peccati e per le iniquit\u00e0 dei nostri padri, Gerusalemme e il tuo popolo sono diventati un sinonimo tra tutti quelli che ci circondano\".<\/p>\n\n\n\n<p><strong>Supplichiamo De<\/strong><strong>per la cooperazione per <\/strong><strong>Misericordia<\/strong><\/p>\n\n\n\n<p>Daniele 9:17-18 (ESV), \"Ora dunque, o nostro Dio, ascolta la preghiera del tuo servo e la sua <strong>suppliche di misericordia<\/strong>e per il tuo bene, Signore, fai risplendere il tuo volto sul tuo santuario, che \u00e8 desolato. 18 O mio Dio, inclina il tuo orecchio e ascolta. Apri i tuoi occhi e vedi le nostre desolazioni e la citt\u00e0 che \u00e8 chiamata con il tuo nome. Perch\u00e9 noi non presentiamo le nostre suppliche davanti a te a causa della nostra giustizia, ma a causa di <strong>la tua grande misericordia<\/strong>\"<\/p>\n\n\n\n<p>Possiamo essere certi che se ci umilieremo davanti alla potente mano di Dio, invocando il suo nome, supplicando secondo la sua volont\u00e0 e per la sua fama, Egli rilascer\u00e0 la sua potenza in risposta alle nostre preghiere!<\/p>\n\n\n\n<p><strong>Padre, rendi di nuovo grande il tuo nome in America!<\/strong><\/p>\n\n\n\n<p>Malachia 1:11 (ESV): \"Perch\u00e9 dal sorgere del sole fino al suo tramonto <strong>il mio nome sar\u00e0 grande <\/strong>tra le nazioni e in <strong>ogni luogo <\/strong>al mio nome sar\u00e0 offerto incenso e un'offerta pura. Il mio nome sar\u00e0 grande tra le nazioni.<strong>, dice la L<\/strong><strong>ORD <\/strong><strong>di ospiti<\/strong>\"<\/p>\n\n\n\n<p>Non vedo l'ora di pregare con voi il 22 settembre.<\/p>\n\n\n\n<p><strong>Vi amo tutti,<\/strong><\/p>\n\n\n\n<p><strong>Dr. Jason Hubbard - Direttore <\/strong><strong>Collegamento internazionale di preghiera<\/strong><\/p>\n\n\n\n<p>\"Perch\u00e9 cos\u00ec dice Colui che \u00e8 alto e innalzato, che abita l'eternit\u00e0, il cui nome \u00e8 Santo: \"Io abito nel luogo alto e santo, e anche con colui che ha uno spirito contrito e umile, per ravvivare lo spirito dell'umile e per ravvivare il cuore del contrito\"\".<\/p>\n\n\n\n<div class=\"wp-block-buttons is-layout-flex wp-block-buttons-is-layout-flex\">\n<div class=\"wp-block-button\"><a class=\"wp-block-button__link wp-element-button\" href=\"https:\/\/www.gdop-america.org\/wp-content\/uploads\/2024\/09\/Call-to-Humility-Dr-Jason-Hubbard.pdf\" target=\"_blank\" rel=\"noreferrer noopener\">Scaricare PDF<\/a><\/div>\n<\/div>","protected":false},"excerpt":{"rendered":"<p>Prepararsi alla Giornata mondiale di preghiera per l'America - Seguendo l'esempio di Daniele Mentre prepariamo i nostri cuori a pregare il 22 settembre -...<\/p>","protected":false},"author":1,"featured_media":459,"parent":0,"menu_order":0,"comment_status":"closed","ping_status":"closed","template":"","meta":{"footnotes":""},"class_list":["post-681","page","type-page","status-publish","has-post-thumbnail","hentry"],"_links":{"self":[{"href":"https:\/\/www.gdop-america.org\/it\/wp-json\/wp\/v2\/pages\/681","targetHints":{"allow":["GET"]}}],"collection":[{"href":"https:\/\/www.gdop-america.org\/it\/wp-json\/wp\/v2\/pages"}],"about":[{"href":"https:\/\/www.gdop-america.org\/it\/wp-json\/wp\/v2\/types\/page"}],"author":[{"embeddable":true,"href":"https:\/\/www.gdop-america.org\/it\/wp-json\/wp\/v2\/users\/1"}],"replies":[{"embeddable":true,"href":"https:\/\/www.gdop-america.org\/it\/wp-json\/wp\/v2\/comments?post=681"}],"version-history":[{"count":2,"href":"https:\/\/www.gdop-america.org\/it\/wp-json\/wp\/v2\/pages\/681\/revisions"}],"predecessor-version":[{"id":689,"href":"https:\/\/www.gdop-america.org\/it\/wp-json\/wp\/v2\/pages\/681\/revisions\/689"}],"wp:featuredmedia":[{"embeddable":true,"href":"https:\/\/www.gdop-america.org\/it\/wp-json\/wp\/v2\/media\/459"}],"wp:attachment":[{"href":"https:\/\/www.gdop-america.org\/it\/wp-json\/wp\/v2\/media?parent=681"}],"curies":[{"name":"wp","href":"https:\/\/api.w.org\/{rel}","templated":true}]}}