{"id":681,"date":"2024-09-15T10:59:15","date_gmt":"2024-09-15T14:59:15","guid":{"rendered":"https:\/\/www.gdop-america.org\/?page_id=681"},"modified":"2024-09-15T11:00:30","modified_gmt":"2024-09-15T15:00:30","slug":"preparing","status":"publish","type":"page","link":"https:\/\/www.gdop-america.org\/fr\/preparing\/","title":{"rendered":"Pr\u00e9paration"},"content":{"rendered":"<figure class=\"wp-block-image size-full\"><img loading=\"lazy\" decoding=\"async\" width=\"1971\" height=\"1104\" src=\"https:\/\/www.gdop-america.org\/wp-content\/uploads\/2024\/09\/home-bg-pray101.jpg\" alt=\"\" class=\"wp-image-682\" srcset=\"https:\/\/www.gdop-america.org\/wp-content\/uploads\/2024\/09\/home-bg-pray101.jpg 1971w, https:\/\/www.gdop-america.org\/wp-content\/uploads\/2024\/09\/home-bg-pray101-350x196.jpg 350w, https:\/\/www.gdop-america.org\/wp-content\/uploads\/2024\/09\/home-bg-pray101-768x430.jpg 768w, https:\/\/www.gdop-america.org\/wp-content\/uploads\/2024\/09\/home-bg-pray101-1536x860.jpg 1536w, https:\/\/www.gdop-america.org\/wp-content\/uploads\/2024\/09\/home-bg-pray101-18x10.jpg 18w\" sizes=\"auto, (max-width: 1971px) 100vw, 1971px\" \/><\/figure>\n\n\n\n<p><strong><em>Se pr\u00e9parer \u00e0 la Journ\u00e9e mondiale de pri\u00e8re pour l'Am\u00e9rique - Suivre l'exemple de Daniel<\/em><\/strong><\/p>\n\n\n\n<p>Alors que nous pr\u00e9parons nos c\u0153urs \u00e0 prier le 22 septembre, Journ\u00e9e mondiale de pri\u00e8re pour l'Am\u00e9rique, Dieu nous appelle \u00e0 nous humilier devant lui. \u00c0 la lumi\u00e8re de sa saintet\u00e9 et de notre p\u00e9ch\u00e9, notre seul espoir est un retour \u00e0 la croix du Christ et \u00e0 la gr\u00e2ce de l'\u00c9vangile. Dieu dit qu'il s'oppose aux orgueilleux mais qu'il fait gr\u00e2ce aux humbles (Jacques 4:6).<\/p>\n\n\n\n<p>L'un des grands hommes de l'\u00c9criture qui s'est humili\u00e9 devant le Seigneur au nom de son peuple est Daniel. La pri\u00e8re de Daniel en 9:1-23 est un excellent mod\u00e8le pour nous qui nous humilions et implorons la mis\u00e9ricorde au nom de l'\u00c9glise en Am\u00e9rique. La pri\u00e8re de Daniel \u00e9tait un appel d\u00e9sesp\u00e9r\u00e9 au nom de sa nation - Juda - qui avait subi le jugement de Dieu. Pendant soixante-dix ans, son peuple avait \u00e9t\u00e9 retenu en captivit\u00e9 par les Babyloniens et s\u00e9par\u00e9 du lieu de b\u00e9n\u00e9diction de Dieu. Dieu avait \u00e0 plusieurs reprises averti la nation que si elle ne se repentait pas de ses p\u00e9ch\u00e9s, le jugement s'abattrait sur elle. Daniel avait 15 ans lorsqu'il a \u00e9t\u00e9 captur\u00e9 par les Babyloniens et exil\u00e9 dans un pays \u00e9tranger, \u00e0 800 miles \u00e0 l'est de J\u00e9rusalem. Malgr\u00e9 tout, Daniel a glorifi\u00e9 le Seigneur par son caract\u00e8re, sa conduite, sa vie de pri\u00e8re et sa profonde humilit\u00e9. Daniel avait pr\u00e9par\u00e9 son c\u0153ur pendant de nombreuses ann\u00e9es avant de faire la pri\u00e8re de Daniel 9.<\/p>\n\n\n\n<p>Nous nous demandons parfois pourquoi nos pri\u00e8res ne font pas bouger les cieux et ne changent pas les nations - est-ce parce que nous manquons de pr\u00e9paration ?<\/p>\n\n\n<div class=\"wp-block-image\">\n<figure class=\"alignright size-medium\"><img loading=\"lazy\" decoding=\"async\" width=\"350\" height=\"195\" src=\"https:\/\/www.gdop-america.org\/wp-content\/uploads\/2024\/09\/home-bg-pray102-350x195.jpg\" alt=\"\" class=\"wp-image-683\" srcset=\"https:\/\/www.gdop-america.org\/wp-content\/uploads\/2024\/09\/home-bg-pray102-350x195.jpg 350w, https:\/\/www.gdop-america.org\/wp-content\/uploads\/2024\/09\/home-bg-pray102-768x428.jpg 768w, https:\/\/www.gdop-america.org\/wp-content\/uploads\/2024\/09\/home-bg-pray102-18x10.jpg 18w, https:\/\/www.gdop-america.org\/wp-content\/uploads\/2024\/09\/home-bg-pray102.jpg 1187w\" sizes=\"auto, (max-width: 350px) 100vw, 350px\" \/><\/figure>\n<\/div>\n\n\n<p>Comment pr\u00e9parer nos c\u0153urs \u00e0 la pri\u00e8re lorsque nous avons besoin de Dieu dans une situation d\u00e9sesp\u00e9r\u00e9e ?<\/p>\n\n\n\n<p>Comme l'\u00e9crit Daniel 6:10 :<\/p>\n\n\n\n<p>\"Daniel se rendit dans sa maison o\u00f9 les fen\u00eatres de la chambre haute \u00e9taient ouvertes sur J\u00e9rusalem. Trois fois par jour, il se mettait \u00e0 genoux, priait et rendait gr\u00e2ce \u00e0 son Dieu.<\/p>\n\n\n\n<p>Daniel avait un <strong><em>lieu pr\u00e9par\u00e9 <\/em><\/strong>prier - il est all\u00e9 prier dans sa chambre \u00e0 l'\u00e9tage.<br>Daniel avait un <strong><em>temps de pr\u00e9paration <\/em><\/strong>- prier 3 fois par jour.<br>Daniel avait un <strong><em>position pr\u00e9par\u00e9e <\/em><\/strong>- \u00e0 genoux dans une humble soumission devant le Seigneur.<br>Daniel avait un <strong><em>attitude pr\u00e9par\u00e9e <\/em><\/strong>- invoquer le Seigneur avec reconnaissance, m\u00eame au milieu de circonstances difficiles.<\/p>\n\n\n\n<p>Dans Daniel 9, Isra\u00ebl est en captivit\u00e9 depuis 67 ans. Daniel demandait \u00e0 Dieu de lib\u00e9rer son peuple. La base de sa pri\u00e8re \u00e9tait la promesse qu'il avait trouv\u00e9e dans la parole de Dieu en J\u00e9r\u00e9mie, \u00e0 savoir qu'apr\u00e8s 70 ans, Dieu lib\u00e9rerait son peuple. Il a revendiqu\u00e9 cette promesse - il a pri\u00e9 pour la r\u00e9ponse en pensant \u00e0 la r\u00e9ponse et sa pri\u00e8re a \u00e9t\u00e9 exauc\u00e9e - trois ans plus tard - Isra\u00ebl a \u00e9t\u00e9 lib\u00e9r\u00e9 !<\/p>\n\n\n\n<p>Beaucoup d'entre nous regardent notre nation aujourd'hui - une nation en d\u00e9tresse - une \u00e9glise divis\u00e9e - et se demandent ce qu'une seule personne peut faire.<\/p>\n\n\n\n<p>Je crois qu'une seule personne peut prier, toucher et \u00e9mouvoir le c\u0153ur de Dieu et lib\u00e9rer sa puissance dans une nation ! Daniel \u00e9tait un tel homme, et vous et moi pouvons suivre son exemple.<\/p>\n\n\n\n<p><strong>Pour quelle promesse biblique luttons-nous aujourd'hui ?<\/strong><\/p>\n\n\n\n<p>\"Dieu s'oppose aux orgueilleux mais fait gr\u00e2ce aux humbles\".<\/p>\n\n\n\n<p>Nous sommes tous d'accord pour dire que, tant dans l'\u00c9glise que dans notre pays, nous avons d\u00e9sesp\u00e9r\u00e9ment besoin de l'aide de l'\u00c9glise. <strong>GRACE DE DIEU\". <\/strong>Nous ne le m\u00e9ritons certainement pas. Comme nous le d\u00e9couvrons dans la pri\u00e8re de Daniel, ce n'est pas de nous qu'il s'agit en fin de compte - c'est le nom de Dieu qui est en jeu dans notre nation aujourd'hui !<\/p>\n\n\n\n<p>\"Seigneur, \u00e9coute, pardonne. Seigneur, sois attentif et agis. Ne tarde pas, <strong>pour votre propre bien<\/strong>O mon Dieu\" <strong>Je souhaite nous encourager \u00e0 prier \u00e0 travers la pri\u00e8re de Daniel 9:1-23 au cours de cette Journ\u00e9e mondiale de pri\u00e8re pour la paix.<\/strong> <strong>Am\u00e9rique.<\/strong><\/p>\n\n\n\n<p><strong>Exaltons le Seigneur<\/strong><\/p>\n\n\n\n<p>\"Je priai l'\u00c9ternel, mon Dieu, et je lui fis cette confession : \"Seigneur, Dieu grand et redoutable, qui garde l'alliance et l'amour in\u00e9branlable avec ceux qui l'aiment et qui gardent ses commandements\" (Daniel 9:4).<\/p>\n\n\n<div class=\"wp-block-image\">\n<figure class=\"alignright size-medium\"><img loading=\"lazy\" decoding=\"async\" width=\"350\" height=\"193\" src=\"https:\/\/www.gdop-america.org\/wp-content\/uploads\/2024\/09\/home-bg-pray103-350x193.jpg\" alt=\"\" class=\"wp-image-684\" srcset=\"https:\/\/www.gdop-america.org\/wp-content\/uploads\/2024\/09\/home-bg-pray103-350x193.jpg 350w, https:\/\/www.gdop-america.org\/wp-content\/uploads\/2024\/09\/home-bg-pray103-768x425.jpg 768w, https:\/\/www.gdop-america.org\/wp-content\/uploads\/2024\/09\/home-bg-pray103-18x10.jpg 18w, https:\/\/www.gdop-america.org\/wp-content\/uploads\/2024\/09\/home-bg-pray103.jpg 1194w\" sizes=\"auto, (max-width: 350px) 100vw, 350px\" \/><\/figure>\n<\/div>\n\n\n<p><strong>Confessons nos p\u00e9ch\u00e9s au nom de l'\u00c9glise (le peuple de Dieu) en Am\u00e9rique<\/strong><\/p>\n\n\n\n<p>Daniel 9:5 (ESV), \"Nous avons p\u00e9ch\u00e9, nous avons fait le mal, nous avons agi m\u00e9chamment et nous nous sommes rebell\u00e9s, en nous d\u00e9tournant de tes commandements et de tes r\u00e8gles\".<\/p>\n\n\n\n<p>Daniel 9:8 (ESV) : \"A nous, Yahv\u00e9, la honte ouverte, \u00e0 nos rois, \u00e0 nos chefs et \u00e0 nos p\u00e8res, parce que nous avons p\u00e9ch\u00e9 contre toi\".<\/p>\n\n\n\n<p>Daniel 9:10 (ESV), \"et n'ont pas ob\u00e9i\".<br>la voix de l'\u00c9ternel, notre Dieu, en marchant<br>dans ses lois, qu'il nous a fait conna\u00eetre par ses serviteurs les proph\u00e8tes\".<\/p>\n\n\n\n<figure class=\"wp-block-image size-full\"><img loading=\"lazy\" decoding=\"async\" width=\"1594\" height=\"912\" src=\"https:\/\/www.gdop-america.org\/wp-content\/uploads\/2024\/09\/home-bg-pray104.jpg\" alt=\"\" class=\"wp-image-685\" srcset=\"https:\/\/www.gdop-america.org\/wp-content\/uploads\/2024\/09\/home-bg-pray104.jpg 1594w, https:\/\/www.gdop-america.org\/wp-content\/uploads\/2024\/09\/home-bg-pray104-350x200.jpg 350w, https:\/\/www.gdop-america.org\/wp-content\/uploads\/2024\/09\/home-bg-pray104-768x439.jpg 768w, https:\/\/www.gdop-america.org\/wp-content\/uploads\/2024\/09\/home-bg-pray104-1536x879.jpg 1536w, https:\/\/www.gdop-america.org\/wp-content\/uploads\/2024\/09\/home-bg-pray104-18x10.jpg 18w\" sizes=\"auto, (max-width: 1594px) 100vw, 1594px\" \/><\/figure>\n\n\n\n<p><strong>Souvenons-nous de la mis\u00e9ricorde de Dieu<\/strong><\/p>\n\n\n\n<p>Daniel 9:15-16 (ESV), \"Et maintenant, Seigneur notre Dieu, qui as fait sortir ton peuple du pays d'\u00c9gypte par une main puissante, et qui t'es fait un nom, comme aujourd'hui, nous avons p\u00e9ch\u00e9, nous avons fait le mal. 16 Seigneur, selon toute ta justice, que ta col\u00e8re et ton courroux se d\u00e9tournent de ta ville J\u00e9rusalem, ta colline sainte, car \u00e0 cause de nos p\u00e9ch\u00e9s et des iniquit\u00e9s de nos p\u00e8res, J\u00e9rusalem et ton peuple sont devenus un sujet de discorde pour tous ceux qui nous entourent.<\/p>\n\n\n\n<p><strong>Plaidons avec De<\/strong><strong>speration pour <\/strong><strong>Piti\u00e9<\/strong><\/p>\n\n\n\n<p>Daniel 9:17-18 : \"Maintenant, \u00f4 notre Dieu, \u00e9coute la pri\u00e8re de ton serviteur et sa volont\u00e9. <strong>appels \u00e0 la cl\u00e9mence<\/strong>Et pour l'amour de toi, Seigneur, fais briller ta face sur ton sanctuaire, qui est d\u00e9vast\u00e9. 18 Mon Dieu, pr\u00eate l'oreille et \u00e9coute ! Ouvre les yeux, et vois nos ruines, et la ville qui s'appelle de ton nom. Car ce n'est pas \u00e0 cause de notre justice que nous pr\u00e9sentons nos requ\u00eates devant toi, mais \u00e0 cause de <strong>ta grande mis\u00e9ricorde<\/strong>\"<\/p>\n\n\n\n<p>Nous pouvons \u00eatre assur\u00e9s que si nous nous humilions devant la main puissante de Dieu, invoquant son nom, plaidant selon sa volont\u00e9 et pour sa renomm\u00e9e, il lib\u00e9rera sa puissance en r\u00e9ponse \u00e0 nos pri\u00e8res !<\/p>\n\n\n\n<p><strong>P\u00e8re, fais que ton nom redevienne grand en Am\u00e9rique !<\/strong><\/p>\n\n\n\n<p>Malachie 1:11 (ESV), \"Car depuis le lever du soleil jusqu'\u00e0 son coucher <strong>mon nom sera grand <\/strong>parmi les nations, et en <strong>partout <\/strong>On offrira de l'encens \u00e0 mon nom, et une offrande pure. Car mon nom sera grand parmi les nations<strong>, dit le L<\/strong><strong>ORD <\/strong><strong>d'h\u00f4tes<\/strong>\"<\/p>\n\n\n\n<p>J'ai h\u00e2te de prier avec vous le 22 septembre.<\/p>\n\n\n\n<p><strong>Je vous aime tous,<\/strong><\/p>\n\n\n\n<p><strong>Dr Jason Hubbard - Directeur <\/strong><strong>Connexion internationale de pri\u00e8re<\/strong><\/p>\n\n\n\n<p>\"Car ainsi parle celui qui est haut et \u00e9lev\u00e9, qui habite l'\u00e9ternit\u00e9, et dont le nom est Saint : \"J'habite dans le lieu \u00e9lev\u00e9 et saint, et aussi avec celui qui a l'esprit contrit et humble, pour ranimer l'esprit de celui qui est humble, et pour ranimer le c\u0153ur de celui qui est contrit.<\/p>\n\n\n\n<div class=\"wp-block-buttons is-layout-flex wp-block-buttons-is-layout-flex\">\n<div class=\"wp-block-button\"><a class=\"wp-block-button__link wp-element-button\" href=\"https:\/\/www.gdop-america.org\/wp-content\/uploads\/2024\/09\/Call-to-Humility-Dr-Jason-Hubbard.pdf\" target=\"_blank\" rel=\"noreferrer noopener\">T\u00e9l\u00e9charger le PDF<\/a><\/div>\n<\/div>","protected":false},"excerpt":{"rendered":"<p>Se pr\u00e9parer \u00e0 la Journ\u00e9e mondiale de pri\u00e8re pour l'Am\u00e9rique - Suivre l'exemple de Daniel Alors que nous pr\u00e9parons nos c\u0153urs \u00e0 prier le 22 septembre -...<\/p>","protected":false},"author":1,"featured_media":459,"parent":0,"menu_order":0,"comment_status":"closed","ping_status":"closed","template":"","meta":{"footnotes":""},"class_list":["post-681","page","type-page","status-publish","has-post-thumbnail","hentry"],"_links":{"self":[{"href":"https:\/\/www.gdop-america.org\/fr\/wp-json\/wp\/v2\/pages\/681","targetHints":{"allow":["GET"]}}],"collection":[{"href":"https:\/\/www.gdop-america.org\/fr\/wp-json\/wp\/v2\/pages"}],"about":[{"href":"https:\/\/www.gdop-america.org\/fr\/wp-json\/wp\/v2\/types\/page"}],"author":[{"embeddable":true,"href":"https:\/\/www.gdop-america.org\/fr\/wp-json\/wp\/v2\/users\/1"}],"replies":[{"embeddable":true,"href":"https:\/\/www.gdop-america.org\/fr\/wp-json\/wp\/v2\/comments?post=681"}],"version-history":[{"count":2,"href":"https:\/\/www.gdop-america.org\/fr\/wp-json\/wp\/v2\/pages\/681\/revisions"}],"predecessor-version":[{"id":689,"href":"https:\/\/www.gdop-america.org\/fr\/wp-json\/wp\/v2\/pages\/681\/revisions\/689"}],"wp:featuredmedia":[{"embeddable":true,"href":"https:\/\/www.gdop-america.org\/fr\/wp-json\/wp\/v2\/media\/459"}],"wp:attachment":[{"href":"https:\/\/www.gdop-america.org\/fr\/wp-json\/wp\/v2\/media?parent=681"}],"curies":[{"name":"wp","href":"https:\/\/api.w.org\/{rel}","templated":true}]}}