{"id":681,"date":"2024-09-15T10:59:15","date_gmt":"2024-09-15T14:59:15","guid":{"rendered":"https:\/\/www.gdop-america.org\/?page_id=681"},"modified":"2024-09-15T11:00:30","modified_gmt":"2024-09-15T15:00:30","slug":"preparing","status":"publish","type":"page","link":"https:\/\/www.gdop-america.org\/fi\/preparing\/","title":{"rendered":"Valmistelu"},"content":{"rendered":"<figure class=\"wp-block-image size-full\"><img loading=\"lazy\" decoding=\"async\" width=\"1971\" height=\"1104\" src=\"https:\/\/www.gdop-america.org\/wp-content\/uploads\/2024\/09\/home-bg-pray101.jpg\" alt=\"\" class=\"wp-image-682\" srcset=\"https:\/\/www.gdop-america.org\/wp-content\/uploads\/2024\/09\/home-bg-pray101.jpg 1971w, https:\/\/www.gdop-america.org\/wp-content\/uploads\/2024\/09\/home-bg-pray101-350x196.jpg 350w, https:\/\/www.gdop-america.org\/wp-content\/uploads\/2024\/09\/home-bg-pray101-768x430.jpg 768w, https:\/\/www.gdop-america.org\/wp-content\/uploads\/2024\/09\/home-bg-pray101-1536x860.jpg 1536w, https:\/\/www.gdop-america.org\/wp-content\/uploads\/2024\/09\/home-bg-pray101-18x10.jpg 18w\" sizes=\"auto, (max-width: 1971px) 100vw, 1971px\" \/><\/figure>\n\n\n\n<p><strong><em>Valmistautuminen maailmanlaajuiseen rukousp\u00e4iv\u00e4\u00e4n Amerikan puolesta - Danielin esimerkin seuraaminen<\/em><\/strong><\/p>\n\n\n\n<p>Kun valmistelemme syd\u00e4mi\u00e4mme rukoilemaan 22. syyskuuta - maailmanlaajuisena Amerikan puolesta vietett\u00e4v\u00e4n\u00e4 rukousp\u00e4iv\u00e4n\u00e4 - Jumala kutsuu meit\u00e4 n\u00f6yrtym\u00e4\u00e4n H\u00e4nen edess\u00e4\u00e4n. H\u00e4nen pyhyytens\u00e4 ja syntisyytemme valossa ainoa toivomme on paluu Kristuksen ristin ja evankeliumin armon \u00e4\u00e4relle. Jumala sanoo, ett\u00e4 h\u00e4n vastustaa ylpeit\u00e4, mutta antaa armon n\u00f6yrille (Jaak. 4:6).<\/p>\n\n\n\n<p>Yksi Raamatun suurista miehist\u00e4, jotka n\u00f6yrtyiv\u00e4t Herran edess\u00e4 kansansa puolesta, on Daniel. Danielin rukous kohdasta 9:1-23 on hyv\u00e4 malli meille, kun n\u00f6yrtymme ja huudamme armoa Amerikan seurakunnan puolesta. Danielin rukous oli ep\u00e4toivoinen vetoomus kansansa - Juudan - puolesta, joka oli joutunut Jumalan tuomion kohteeksi. Babylonialaiset pitiv\u00e4t h\u00e4nen kansaansa seitsem\u00e4nkymmenen vuoden ajan vankeudessa ja erossa Jumalan siunauksen paikasta. Jumala oli toistuvasti varoittanut kansaa siit\u00e4, ett\u00e4 jos kansakunta ei tekisi parannusta synneist\u00e4\u00e4n, tuomio langetettaisiin. Daniel oli 15-vuotias, kun babylonialaiset vangitsivat h\u00e4net ja karkottivat h\u00e4net vieraaseen maahan 800 kilometri\u00e4 Jerusalemista it\u00e4\u00e4n. Kaikesta huolimatta Daniel kirkasti Herraa luonteensa, k\u00e4yt\u00f6ksens\u00e4, rukousel\u00e4m\u00e4ns\u00e4 ja syv\u00e4n n\u00f6yryytens\u00e4 kautta. Daniel oli valmistellut syd\u00e4nt\u00e4\u00e4n monta vuotta ennen kuin h\u00e4n rukoili Daniel 9:ss\u00e4 olevan rukouksensa.<\/p>\n\n\n\n<p>Ihmettelemme toisinaan, miksi rukouksemme eiv\u00e4t liikuta taivasta ja muuta kansakuntia - johtuuko se siit\u00e4, ett\u00e4 meilt\u00e4 puuttuu valmistautuminen?<\/p>\n\n\n<div class=\"wp-block-image\">\n<figure class=\"alignright size-medium\"><img loading=\"lazy\" decoding=\"async\" width=\"350\" height=\"195\" src=\"https:\/\/www.gdop-america.org\/wp-content\/uploads\/2024\/09\/home-bg-pray102-350x195.jpg\" alt=\"\" class=\"wp-image-683\" srcset=\"https:\/\/www.gdop-america.org\/wp-content\/uploads\/2024\/09\/home-bg-pray102-350x195.jpg 350w, https:\/\/www.gdop-america.org\/wp-content\/uploads\/2024\/09\/home-bg-pray102-768x428.jpg 768w, https:\/\/www.gdop-america.org\/wp-content\/uploads\/2024\/09\/home-bg-pray102-18x10.jpg 18w, https:\/\/www.gdop-america.org\/wp-content\/uploads\/2024\/09\/home-bg-pray102.jpg 1187w\" sizes=\"auto, (max-width: 350px) 100vw, 350px\" \/><\/figure>\n<\/div>\n\n\n<p>Miten valmistamme syd\u00e4memme rukoukseen, kun tarvitsemme Jumalaa ep\u00e4toivoisessa tilanteessa?<\/p>\n\n\n\n<p>Kuten Daniel 6:10 kirjoittaa:<\/p>\n\n\n\n<p>\"Daniel meni taloonsa, jonka yl\u00e4kerran ikkunat olivat auki Jerusalemiin p\u00e4in. H\u00e4n laskeutui polvilleen kolme kertaa p\u00e4iv\u00e4ss\u00e4 ja rukoili ja kiitti Jumalaansa.\"<\/p>\n\n\n\n<p>Danielilla oli <strong><em>valmis paikka <\/em><\/strong>rukoilemaan - h\u00e4n meni yl\u00e4kerran huoneeseensa rukoilemaan.<br>Danielilla oli <strong><em>valmisteltu aika <\/em><\/strong>- rukoileminen 3 kertaa p\u00e4iv\u00e4ss\u00e4.<br>Danielilla oli <strong><em>valmis asento <\/em><\/strong>- polvillaan n\u00f6yr\u00e4sti Herran edess\u00e4.<br>Danielilla oli <strong><em>valmis asenne <\/em><\/strong>- kutsua Herraa kiitoksella vaikeidenkin olosuhteiden keskell\u00e4.<\/p>\n\n\n\n<p>Daniel 9:ss\u00e4 Israel oli nyt ollut vankeudessa 67 vuotta. Daniel pyysi Jumalaa vapauttamaan kansansa Israelin. H\u00e4nen rukouksensa perustana oli lupaus, jonka h\u00e4n l\u00f6ysi Jumalan sanasta Jeremiasta, ett\u00e4 70 vuoden kuluttua Jumala vapauttaisi kansansa. H\u00e4n asetti vaatimuksen tuolle lupaukselle - h\u00e4n rukoili vastausta silm\u00e4ll\u00e4 pit\u00e4en, ja h\u00e4nen rukoukseensa vastattiin - kolme vuotta my\u00f6hemmin - Israel vapautettiin!<\/p>\n\n\n\n<p>Monet meist\u00e4 katsovat nykyist\u00e4 kansakuntaamme - kansakuntaa h\u00e4d\u00e4ss\u00e4 - kirkkoa jakautuneena - ja ihmettelev\u00e4t, mit\u00e4 yksi ihminen voi tehd\u00e4?<\/p>\n\n\n\n<p>Uskon, ett\u00e4 yksi ihminen voi rukoilla, koskettaa ja liikuttaa Jumalan syd\u00e4nt\u00e4 ja vapauttaa h\u00e4nen voimansa kansakunnassa! Daniel oli t\u00e4llainen mies, ja sin\u00e4 ja min\u00e4 voimme seurata h\u00e4nen esimerkki\u00e4\u00e4n.<\/p>\n\n\n\n<p><strong>Mink\u00e4 raamatullisen lupauksen puolesta me taistelemme t\u00e4n\u00e4 p\u00e4iv\u00e4n\u00e4?<\/strong><\/p>\n\n\n\n<p>\"Jumala vastustaa ylpeit\u00e4, mutta antaa armoa n\u00f6yrille\"<\/p>\n\n\n\n<p>Olemme kaikki samaa mielt\u00e4 siit\u00e4, ett\u00e4 sek\u00e4 kirkossamme ett\u00e4 kansakunnassamme tarvitsemme kipe\u00e4sti <strong>'Jumalan armo.' <\/strong>Emme todellakaan ansaitse sit\u00e4. Kuten huomaamme Danielin rukouksessa, kyse ei ole viime k\u00e4dess\u00e4 meist\u00e4 - Jumalan nimi on vaakalaudalla kansakunnassamme t\u00e4n\u00e4\u00e4n!<\/p>\n\n\n\n<p>\"Herra kuule, Herra anna anteeksi. Oi Herra, kiinnit\u00e4 huomiota ja toimi. \u00c4l\u00e4 viivyttele, <strong>omaksi parhaaksesi<\/strong>Oi minun Jumalani\" <strong>Haluan rohkaista meit\u00e4 rukoilemaan Danielin kirjan 9:1-23 rukouksen kautta t\u00e4m\u00e4n maailmanlaajuisen rukousp\u00e4iv\u00e4n aikana seuraavien asioiden puolesta<\/strong> <strong>Amerikka.<\/strong><\/p>\n\n\n\n<p><strong>Ylistet\u00e4\u00e4n Herraa<\/strong><\/p>\n\n\n\n<p>\"Min\u00e4 rukoilin Herraa, minun Jumalaani, ja tunnustin ja sanoin: \"Herra, suuri ja mahtava Jumala, joka pid\u00e4t liiton ja pysyv\u00e4n rakkauden niiden kanssa, jotka h\u00e4nt\u00e4 rakastavat ja pit\u00e4v\u00e4t h\u00e4nen k\u00e4skyns\u00e4.\" Daniel 9:4<\/p>\n\n\n<div class=\"wp-block-image\">\n<figure class=\"alignright size-medium\"><img loading=\"lazy\" decoding=\"async\" width=\"350\" height=\"193\" src=\"https:\/\/www.gdop-america.org\/wp-content\/uploads\/2024\/09\/home-bg-pray103-350x193.jpg\" alt=\"\" class=\"wp-image-684\" srcset=\"https:\/\/www.gdop-america.org\/wp-content\/uploads\/2024\/09\/home-bg-pray103-350x193.jpg 350w, https:\/\/www.gdop-america.org\/wp-content\/uploads\/2024\/09\/home-bg-pray103-768x425.jpg 768w, https:\/\/www.gdop-america.org\/wp-content\/uploads\/2024\/09\/home-bg-pray103-18x10.jpg 18w, https:\/\/www.gdop-america.org\/wp-content\/uploads\/2024\/09\/home-bg-pray103.jpg 1194w\" sizes=\"auto, (max-width: 350px) 100vw, 350px\" \/><\/figure>\n<\/div>\n\n\n<p><strong>Tunnustetaan syntimme Amerikan seurakunnan (Jumalan kansan) puolesta.<\/strong><\/p>\n\n\n\n<p>Daniel 9:5 (ESV): \"Me olemme tehneet synti\u00e4 ja tehneet v\u00e4\u00e4rin ja toimineet pahasti ja kapinoineet, k\u00e4\u00e4ntyneet pois sinun k\u00e4skyist\u00e4si ja s\u00e4\u00e4nn\u00f6ist\u00e4si.\"<\/p>\n\n\n\n<p>Daniel 9:8 (ESV), \"Meille, Herra, kuuluu avoin h\u00e4pe\u00e4, kuninkaillemme, ruhtinaillemme ja isillemme, koska olemme tehneet synti\u00e4 sinua vastaan.\"<\/p>\n\n\n\n<p>Daniel 9:10 (ESV), \"ja eiv\u00e4t ole totelleet<br>Herran, meid\u00e4n Jumalamme, \u00e4\u00e4nt\u00e4 k\u00e4velem\u00e4ll\u00e4<br>h\u00e4nen laeissaan, jotka h\u00e4n on antanut meille palvelijoidensa, profeettojensa, kautta.\"\"<\/p>\n\n\n\n<figure class=\"wp-block-image size-full\"><img loading=\"lazy\" decoding=\"async\" width=\"1594\" height=\"912\" src=\"https:\/\/www.gdop-america.org\/wp-content\/uploads\/2024\/09\/home-bg-pray104.jpg\" alt=\"\" class=\"wp-image-685\" srcset=\"https:\/\/www.gdop-america.org\/wp-content\/uploads\/2024\/09\/home-bg-pray104.jpg 1594w, https:\/\/www.gdop-america.org\/wp-content\/uploads\/2024\/09\/home-bg-pray104-350x200.jpg 350w, https:\/\/www.gdop-america.org\/wp-content\/uploads\/2024\/09\/home-bg-pray104-768x439.jpg 768w, https:\/\/www.gdop-america.org\/wp-content\/uploads\/2024\/09\/home-bg-pray104-1536x879.jpg 1536w, https:\/\/www.gdop-america.org\/wp-content\/uploads\/2024\/09\/home-bg-pray104-18x10.jpg 18w\" sizes=\"auto, (max-width: 1594px) 100vw, 1594px\" \/><\/figure>\n\n\n\n<p><strong>Muistakaamme Jumalan armoa<\/strong><\/p>\n\n\n\n<p>Daniel 9:15-16 (ESV), \"Ja nyt, Herra, meid\u00e4n Jumalamme, joka toit kansasi Egyptin maasta v\u00e4kev\u00e4ll\u00e4 k\u00e4dell\u00e4 ja olet tehnyt itsellesi nimen, niin kuin t\u00e4n\u00e4 p\u00e4iv\u00e4n\u00e4, me olemme tehneet synti\u00e4, me olemme tehneet pahaa. 16 \"Herra, kaikkien vanhurskautesi mukaan k\u00e4\u00e4nn\u00e4 vihasi ja vihasi pois kaupungistasi Jerusalemista, pyh\u00e4st\u00e4 kukkulastasi, sill\u00e4 meid\u00e4n syntiemme ja isiemme rikkomusten t\u00e4hden Jerusalem ja sinun kansasi ovat tulleet sananlaskuiksi kaikkien meid\u00e4n ymp\u00e4rill\u00e4mme olevien keskuudessa.\"<\/p>\n\n\n\n<p><strong>Pyydet\u00e4\u00e4n De<\/strong><strong>speration for <\/strong><strong>Mercy<\/strong><\/p>\n\n\n\n<p>Daniel 9:17-18 (ESV), \"Nyt siis, meid\u00e4n Jumalamme, kuule palvelijasi rukous ja h\u00e4nen rukouksensa. <strong>armonpyynn\u00f6t<\/strong>Ja sinun t\u00e4hteesi, Herra, anna kasvosi loistaa pyh\u00e4kk\u00f6si ylle, joka on autio. 18 Minun Jumalani, kallista korvasi ja kuule. Avaa silm\u00e4si ja n\u00e4e meid\u00e4n autioitumisemme ja kaupunki, joka on nimetty sinun nimesi mukaan. Sill\u00e4 me emme esit\u00e4 anomuksiamme sinun eteesi vanhurskautemme t\u00e4hden, vaan sen t\u00e4hden, ett\u00e4 <strong>sinun suuri armosi<\/strong>\"<\/p>\n\n\n\n<p>Voimme olla varmoja siit\u00e4, ett\u00e4 jos n\u00f6yrtymme Jumalan v\u00e4kev\u00e4n k\u00e4den edess\u00e4, huudamme h\u00e4nen nime\u00e4\u00e4n, anomme h\u00e4nen tahtonsa mukaan ja h\u00e4nen kunniansa t\u00e4hden, h\u00e4n vapauttaa voimansa vastauksena rukouksiimme!<\/p>\n\n\n\n<p><strong>Is\u00e4, tee nimesi j\u00e4lleen suureksi Amerikassa!<\/strong><\/p>\n\n\n\n<p>Malakia 1:11 (ESV), \"Sill\u00e4 auringon noususta sen laskuun. <strong>nimeni tulee olemaan suuri <\/strong>kansojen keskuudessa, ja <strong>joka paikassa <\/strong>Minun nimelleni uhrataan suitsukkeita ja puhdas uhri. Sill\u00e4 minun nimeni on oleva suuri kansojen keskuudessa.<strong>, sanoo L<\/strong><strong>ORD <\/strong><strong>is\u00e4nn\u00e4t<\/strong>\"<\/p>\n\n\n\n<p>Odotan kovasti, ett\u00e4 p\u00e4\u00e4sen rukoilemaan kanssanne 22. syyskuuta.<\/p>\n\n\n\n<p><strong>Rakastan teit\u00e4 kaikkia,<\/strong><\/p>\n\n\n\n<p><strong>Tri Jason Hubbard - johtaja <\/strong><strong>Kansainv\u00e4linen rukousyhteys<\/strong><\/p>\n\n\n\n<p>\"Sill\u00e4 n\u00e4in sanoo se, joka on korkea ja ylh\u00e4inen, joka asuu ikuisuudessa ja jonka nimi on Pyh\u00e4\": \"Min\u00e4 asun korkeassa ja pyh\u00e4ss\u00e4, ja my\u00f6s sen kanssa, joka on n\u00f6yr\u00e4n ja n\u00f6yr\u00e4n mielen omaava, her\u00e4tt\u00e4\u00e4kseni n\u00f6yr\u00e4n hengen ja her\u00e4tt\u00e4\u00e4kseni n\u00f6yr\u00e4n syd\u00e4men.\"<\/p>\n\n\n\n<div class=\"wp-block-buttons is-layout-flex wp-block-buttons-is-layout-flex\">\n<div class=\"wp-block-button\"><a class=\"wp-block-button__link wp-element-button\" href=\"https:\/\/www.gdop-america.org\/wp-content\/uploads\/2024\/09\/Call-to-Humility-Dr-Jason-Hubbard.pdf\" target=\"_blank\" rel=\"noreferrer noopener\">Lataa PDF<\/a><\/div>\n<\/div>","protected":false},"excerpt":{"rendered":"<p>Valmistautuminen maailmanlaajuiseen rukousp\u00e4iv\u00e4\u00e4n Amerikan puolesta - Danielin esimerkin seuraaminen Kun valmistelemme syd\u00e4mi\u00e4mme rukoilemaan 22. syyskuuta -...<\/p>","protected":false},"author":1,"featured_media":459,"parent":0,"menu_order":0,"comment_status":"closed","ping_status":"closed","template":"","meta":{"footnotes":""},"class_list":["post-681","page","type-page","status-publish","has-post-thumbnail","hentry"],"_links":{"self":[{"href":"https:\/\/www.gdop-america.org\/fi\/wp-json\/wp\/v2\/pages\/681","targetHints":{"allow":["GET"]}}],"collection":[{"href":"https:\/\/www.gdop-america.org\/fi\/wp-json\/wp\/v2\/pages"}],"about":[{"href":"https:\/\/www.gdop-america.org\/fi\/wp-json\/wp\/v2\/types\/page"}],"author":[{"embeddable":true,"href":"https:\/\/www.gdop-america.org\/fi\/wp-json\/wp\/v2\/users\/1"}],"replies":[{"embeddable":true,"href":"https:\/\/www.gdop-america.org\/fi\/wp-json\/wp\/v2\/comments?post=681"}],"version-history":[{"count":2,"href":"https:\/\/www.gdop-america.org\/fi\/wp-json\/wp\/v2\/pages\/681\/revisions"}],"predecessor-version":[{"id":689,"href":"https:\/\/www.gdop-america.org\/fi\/wp-json\/wp\/v2\/pages\/681\/revisions\/689"}],"wp:featuredmedia":[{"embeddable":true,"href":"https:\/\/www.gdop-america.org\/fi\/wp-json\/wp\/v2\/media\/459"}],"wp:attachment":[{"href":"https:\/\/www.gdop-america.org\/fi\/wp-json\/wp\/v2\/media?parent=681"}],"curies":[{"name":"wp","href":"https:\/\/api.w.org\/{rel}","templated":true}]}}