{"id":469,"date":"2024-08-16T01:43:22","date_gmt":"2024-08-16T05:43:22","guid":{"rendered":"https:\/\/www.gdop-america.org\/?page_id=469"},"modified":"2024-08-22T03:38:47","modified_gmt":"2024-08-22T07:38:47","slug":"email-sign-up","status":"publish","type":"page","link":"https:\/\/www.gdop-america.org\/fi\/email-sign-up\/","title":{"rendered":"EMAIL-ILMOITTAUTUMINEN"},"content":{"rendered":"<div data-form-id=\"617\" id=\"ctct-form-wrapper-0\" class=\"ctct-form-wrapper\"><form class=\"ctct-form ctct-form-617 no-recaptcha\" id=\"ctct-form-1921493012\" data-doajax=\"off\" style=\"\" action=\"\" method=\"post\" data-trp-original-action=\"\"><p class=\"ctct-form-field ctct-form-field-text ctct-form-field-required\"><span class=\"ctct-label-top\"><label for=\"first_name___7e7a6eef7e0a3734f39d6757b27d474b_0_2539665888\">Etunimi <abbr title=\"vaadittu\">*<\/abbr><\/label><\/span><input required type=\"text\" name=\"first_name___7e7a6eef7e0a3734f39d6757b27d474b\"  value=\"\" maxlength=\"255\" placeholder=\"\" class=\"ctct-text ctct-label-top first_name___7e7a6eef7e0a3734f39d6757b27d474b\" id=\"first_name___7e7a6eef7e0a3734f39d6757b27d474b_0_2539665888\"  \/><\/p><p class=\"ctct-form-field ctct-form-field-text ctct-form-field-required\"><span class=\"ctct-label-top\"><label for=\"last_name___86b6d953df0fd1bff8e02cde526c2b3c_0_3330556811\">Sukunimi <abbr title=\"vaadittu\">*<\/abbr><\/label><\/span><input required type=\"text\" name=\"last_name___86b6d953df0fd1bff8e02cde526c2b3c\"  value=\"\" maxlength=\"255\" placeholder=\"\" class=\"ctct-text ctct-label-top last_name___86b6d953df0fd1bff8e02cde526c2b3c\" id=\"last_name___86b6d953df0fd1bff8e02cde526c2b3c_0_3330556811\"  \/><\/p><p class=\"ctct-form-field ctct-form-field-email ctct-form-field-required\"><span class=\"ctct-label-top\"><label for=\"email___ecd412e904309dcce66177488240b016_0_712471800\">S\u00e4hk\u00f6posti <abbr title=\"vaadittu\">*<\/abbr><\/label><\/span><input required type=\"email\" name=\"email___ecd412e904309dcce66177488240b016\"  value=\"\"  placeholder=\"\" class=\"ctct-email ctct-label-top email___ecd412e904309dcce66177488240b016\" id=\"email___ecd412e904309dcce66177488240b016_0_712471800\"  \/><\/p><div class='ctct-list-selector' style='display:none;'><div class=\"ctct-form-field ctct-form-field-checkbox ctct-form-field-required\"><fieldset><legend class=\"ctct-label-top\">Valitse tilattava(t) luettelo(t)<\/legend><input type=\"checkbox\" name=\"lists___cadf46531783a66ce0e76a7aa96cca81[]\" id=\"lists___cadf46531783a66ce0e76a7aa96cca81_0_0\" value=\"d6646bda-5b91-11ef-bc6a-fa163edfff7e\" class=\"ctct-checkbox ctct-label-right\" checked \/><span class=\"ctct-label-right\"><label for=\"lists___cadf46531783a66ce0e76a7aa96cca81_0_0\">GDOP Amerikka<\/label><\/span><\/fieldset><\/div><\/div><div class=\"ctct-optin-hide\" style=\"display:none;\"><p class=\"ctct-form-field ctct-form-field-checkbox\"><span class=\"ctct-input-container\"><input type=\"checkbox\" checked name=\"ctct-opt-in\" class=\"ctct-checkbox ctct-opt-in\" value=\"1\" id=\"ctct-opt-in_0\" \/><label for=\"ctct-opt-in_0\"> Esimerkki: Kyll\u00e4, haluan saada s\u00e4hk\u00f6postiviestej\u00e4 Global Day of Prayer for America (GDOP) -j\u00e4rjest\u00f6lt\u00e4. (Voit peruuttaa tilauksen milloin tahansa).<\/label><\/span><\/p><\/div><!--.ctct-optin-hide --><p class=\"ctct-form-field ctct-form-field-submit\"><input  type=\"submit\" name=\"ctct-submitted\"  value=\"Rekister\u00f6idy\"   class=\"ctct-submit ctct-label-top ctct-submitted\" id=\"ctct-submitted_0_580456891\"  \/><\/p><div class=\"ctct_usage\"style=\"border: 0 none; clip: rect( 0, 0, 0, 0 ); height: 1px; margin: -1px; overflow: hidden; padding: 0; position: absolute; width: 1px;\"><label for=\"ctct_usage_field\">Constant Contactin k\u00e4ytt\u00f6. J\u00e4t\u00e4 t\u00e4m\u00e4 kentt\u00e4 tyhj\u00e4ksi.<\/label><input type=\"text\" value=\"\" id=\"ctct_usage_field\" name=\"ctct_usage_field\" class=\"ctct_usage_field\" tabindex=\"-1\" \/><\/div><input type=\"hidden\" name=\"ctct-id\" value=\"617\" \/><input type=\"hidden\" name=\"ctct-verify\" value=\"HZhds5tbM9l6ESFnaBYEjOEIV\" \/><input type=\"hidden\" name=\"ctct-instance\" value=\"0\" \/><input type=\"hidden\" name=\"ctct_time\" value=\"1775983350\" \/><input type=\"hidden\" name=\"trp-form-language\" value=\"fi\"\/><\/form><div class=\"ctct-disclosure\"><hr><small>L\u00e4hett\u00e4m\u00e4ll\u00e4 t\u00e4m\u00e4n lomakkeen annat suostumuksesi saada markkinointis\u00e4hk\u00f6postia seuraavalta taholta: Global Day of Prayer for America (GDOP). Voit peruuttaa suostumuksesi s\u00e4hk\u00f6postien vastaanottamiseen milloin tahansa k\u00e4ytt\u00e4m\u00e4ll\u00e4 SafeUnsubscribe\u00ae-linkki\u00e4, joka l\u00f6ytyy jokaisen s\u00e4hk\u00f6postin alareunasta. <a href=\"https:\/\/www.constantcontact.com\/legal\/service-provider\" target=\"_blank\" rel=\"noopener noreferrer\">S\u00e4hk\u00f6postit ovat Constant Contactin yll\u00e4pit\u00e4mi\u00e4<\/a><\/small><\/div><script type=\"text\/javascript\">var ajaxurl = \"https:\/\/www.gdop-america.org\/wp-admin\/admin-ajax.php\";<\/script><\/div>","protected":false},"excerpt":{"rendered":"","protected":false},"author":1,"featured_media":0,"parent":0,"menu_order":0,"comment_status":"closed","ping_status":"closed","template":"","meta":{"footnotes":""},"class_list":["post-469","page","type-page","status-publish","hentry"],"_links":{"self":[{"href":"https:\/\/www.gdop-america.org\/fi\/wp-json\/wp\/v2\/pages\/469","targetHints":{"allow":["GET"]}}],"collection":[{"href":"https:\/\/www.gdop-america.org\/fi\/wp-json\/wp\/v2\/pages"}],"about":[{"href":"https:\/\/www.gdop-america.org\/fi\/wp-json\/wp\/v2\/types\/page"}],"author":[{"embeddable":true,"href":"https:\/\/www.gdop-america.org\/fi\/wp-json\/wp\/v2\/users\/1"}],"replies":[{"embeddable":true,"href":"https:\/\/www.gdop-america.org\/fi\/wp-json\/wp\/v2\/comments?post=469"}],"version-history":[{"count":7,"href":"https:\/\/www.gdop-america.org\/fi\/wp-json\/wp\/v2\/pages\/469\/revisions"}],"predecessor-version":[{"id":621,"href":"https:\/\/www.gdop-america.org\/fi\/wp-json\/wp\/v2\/pages\/469\/revisions\/621"}],"wp:attachment":[{"href":"https:\/\/www.gdop-america.org\/fi\/wp-json\/wp\/v2\/media?parent=469"}],"curies":[{"name":"wp","href":"https:\/\/api.w.org\/{rel}","templated":true}]}}