{"id":536,"date":"2024-08-20T10:40:26","date_gmt":"2024-08-20T14:40:26","guid":{"rendered":"https:\/\/www.gdop-america.org\/?page_id=536"},"modified":"2024-08-22T08:05:55","modified_gmt":"2024-08-22T12:05:55","slug":"invite","status":"publish","type":"page","link":"https:\/\/www.gdop-america.org\/es\/invite\/","title":{"rendered":"Invite a"},"content":{"rendered":"<h2 class=\"wp-block-heading has-text-align-center\">D\u00eda Mundial de Oraci\u00f3n por Am\u00e9rica<br>Dom 22 Septiembre 2024 - 4am (PAC) | 7am (EST)<\/h2>\n\n\n\n<p>Es nuestro deseo ver un renacimiento y despertar masivo a gran escala en Am\u00e9rica.<\/p>\n\n\n\n<p>Hemos estado pidiendo que otro movimiento hist\u00f3rico del Esp\u00edritu Santo recorra nuestra tierra y despierte a una generaci\u00f3n al amor incondicional y a la entrega a Jes\u00fas.<\/p>\n\n\n\n<p>Se trata de un despertar de Cristo, en el que el Esp\u00edritu de Dios utiliza la Palabra de Dios para <strong><em>volver a despertar<\/em><\/strong> \u00a1El pueblo de Dios vuelve al Hijo de Dios por todo lo que \u00c9l es!<\/p>\n\n\n\n<p>Queremos entrar en el poder y el placer de estar obsesionados con la magnificencia de Jes\u00fas. \u00c9l es la personalidad dominante en esta \u00e9poca y en la venidera.<\/p>\n\n\n\n<p>Anhelamos una <em><strong>Explosi\u00f3n evang\u00e9lica<\/strong><\/em>...un tsunami de avivamiento se estrelle en las playas de nuestra naci\u00f3n para la difusi\u00f3n de su fama, para la extensi\u00f3n de su reinado, para el aumento de su ganancia y para el honor de su reclamo de lo que leg\u00edtimamente le pertenece, \u00a1de costa a costa, de mar a mar!<\/p>\n\n\n\n<blockquote class=\"wp-block-quote is-layout-flow wp-block-quote-is-layout-flow\">\n<p>\"Porque la tierra se llenar\u00e1 del conocimiento de la gloria del Se\u00f1or como las aguas cubren el mar\" (Hab. 2,14).<\/p>\n<\/blockquote>\n\n\n\n<p>En palabras de los moravos <strong>\"Que el Cordero que fue inmolado reciba la debida recompensa por sus sufrimientos\".<\/strong> No juremos lealtad a las \"barras y estrellas\", sino a las \"cicatrices y galones\" del digno Cordero.<\/p>\n\n\n\n<h3 class=\"wp-block-heading\">Desesperada necesidad de Revival...<\/h3>\n\n\n\n<p>Necesitamos desesperadamente un avivamiento en Am\u00e9rica. Muchas de nuestras iglesias no oran y est\u00e1n plagadas de orgullo. Muchos de nuestros hogares y matrimonios est\u00e1n rotos. Se dice que los creyentes s\u00f3lo diezman el 2 por ciento de sus ingresos en una de las naciones m\u00e1s ricas del mundo.<\/p>\n\n\n\n<p>El crecimiento general de la iglesia en Am\u00e9rica est\u00e1 estancado. Con m\u00e1s de 40.000 denominaciones en Am\u00e9rica, la iglesia y sus l\u00edderes est\u00e1n luchando por caminar en la unidad de Juan 17.<\/p>\n\n\n\n<p>Nuestra naci\u00f3n est\u00e1 dividida pol\u00edtica y socialmente. Como sabemos, s\u00f3lo una iglesia unida puede sanar a una naci\u00f3n dividida.<\/p>\n\n\n\n<h3 class=\"wp-block-heading\">Sin embargo, tengo esperanza para nuestra naci\u00f3n<\/h3>\n\n\n\n<p>Estados Unidos ha tenido una rica historia de env\u00edo de misioneros para llevar el Evangelio a naciones de todo el mundo. Dondequiera que viajo por el mundo escucho la gratitud de otras naciones por los misioneros estadounidenses. Sin embargo, hoy en d\u00eda, creo que necesitamos que el Se\u00f1or env\u00ede misioneros a nuestra naci\u00f3n.<\/p>\n\n\n\n<p><strong>Creo que debemos humillarnos y pedir ayuda, intercesi\u00f3n, a las naciones.<\/strong><\/p>\n\n\n\n<figure class=\"wp-block-embed is-type-video is-provider-youtube wp-block-embed-youtube wp-embed-aspect-16-9 wp-has-aspect-ratio\"><div class=\"wp-block-embed__wrapper\">\n<iframe loading=\"lazy\" title=\"D\u00eda Mundial de Oraci\u00f3n por Am\u00e9rica - 22 de septiembre de 2024\" width=\"500\" height=\"281\" src=\"https:\/\/www.youtube.com\/embed\/UsSFy-2hD5c?feature=oembed\" frameborder=\"0\" allow=\"accelerometer; autoplay; clipboard-write; encrypted-media; gyroscope; picture-in-picture; web-share\" referrerpolicy=\"strict-origin-when-cross-origin\" allowfullscreen><\/iframe>\n<\/div><\/figure>\n\n\n\n<p>Tras escuchar a muchos l\u00edderes mundiales, hemos decidido convocar 7 D\u00edas de Oraci\u00f3n que culminar\u00e1n en un <strong>D\u00eda Mundial de Oraci\u00f3n por Am\u00e9rica el domingo 22 de septiembre, con una reuni\u00f3n en l\u00ednea que tendr\u00e1 lugar de 7:00 a 10:00 (EST)<\/strong>.<\/p>\n\n\n\n<p>Nos acompa\u00f1ar\u00e1n l\u00edderes clave de todos los continentes del mundo, que nos guiar\u00e1n en la oraci\u00f3n y el culto.<\/p>\n\n\n\n<p>Por favor, \u00fanase a nosotros en l\u00ednea en la medida de lo posible, y considere la posibilidad de organizar una fiesta de oraci\u00f3n de vigilancia en nombre de su ciudad o su naci\u00f3n.<\/p>\n\n\n\n<p><strong>Inscr\u00edbase para recibir actualizaciones y verlo en <\/strong><a href=\"https:\/\/flj78ieab.cc.rs6.net\/tn.jsp?f=001iqCg-s9ECocPoMLGBYeb8bfwPXENwHGugYyz-UOix8cYR9fModEUrRNlisk3NszMyTxTGIJ6a7g3frCnVZEZEJnxJwftb_62MIiRuWcCrQtQx3uMk0BMxlZaqjUx374uj7xBGt1jvcGdBv4O7erDVhm5Cdb0xyn-&amp;c=4_yc4czp-nECwj8dING3o2dn_z_wFlIkrV2C7LkzsYMpKz8pmVjkMQ==&amp;ch=z3813YKnBzsmSF2e_31dcZnZVdaq_TpLwS4gXIlQt2Azqid9bivZFw==\" target=\"_blank\" rel=\"noreferrer noopener\">www.gdop-america.org<\/a><\/p>\n\n\n\n<div class=\"wp-block-buttons is-layout-flex wp-block-buttons-is-layout-flex\">\n<div class=\"wp-block-button\"><a class=\"wp-block-button__link wp-element-button\" href=\"https:\/\/www.gdop-america.org\/es\/download-flyer\/\">Descargar el folleto \/ Gu\u00eda de oraci\u00f3n<\/a><\/div>\n<\/div>\n\n\n\n<h3 class=\"wp-block-heading\">\u00bfPodemos ver un renacimiento transformador en Estados Unidos?<\/h3>\n\n\n\n<p>Una pregunta clave que debemos hacernos es la siguiente: \"\u00bfQu\u00e9 har\u00eda falta para que se iniciara y mantuviera un aut\u00e9ntico movimiento de Dios en las ciudades de Estados Unidos?<\/p>\n\n\n\n<p>No basta con ver un avivamiento, \u00a1queremos ver un avivamiento transformador en familias, comunidades y ciudades de toda nuestra naci\u00f3n antes del regreso de Cristo!<\/p>\n\n\n\n<p><strong>George Otis Jr. describe as\u00ed una comunidad transformada...<\/strong><\/p>\n\n\n\n<ul class=\"wp-block-list\">\n<li>Un barrio, una ciudad o una naci\u00f3n cuyos valores e instituciones han sido invadidos por la gracia y la presencia de Dios.<\/li>\n\n\n\n<li>Un lugar donde el fuego divino no s\u00f3lo ha sido convocado, sino que ha ca\u00eddo.<\/li>\n\n\n\n<li>Una sociedad en la que el cambio evolutivo natural ha sido interrumpido por un poder sobrenatural invasor.<\/li>\n\n\n\n<li>Una cultura que ha sido impactada de manera integral e innegable por el Reino de Dios.<\/li>\n\n\n\n<li>Un lugar donde los valores del Reino se celebran p\u00fablicamente y se transmiten a las generaciones futuras.<\/li>\n<\/ul>\n\n\n\n<p>Samuel Davies nos record\u00f3, desde su posici\u00f3n ventajosa en el Segundo Gran Despertar, que \"hay \u00e9pocas en las que s\u00f3lo un gran derramamiento del Esp\u00edritu puede producir una reforma general p\u00fablica\". Fue testigo directo de c\u00f3mo el avivamiento y el despertar provocaron un cambio cultural que ninguna otra cosa pod\u00eda lograr. El pastor de la iglesia presbiteriana de St. John's-Wood declar\u00f3 tras el avivamiento gal\u00e9s, en el que 100.000 personas vinieron a Cristo en nueve meses (1904-1905) que \"el poderoso soplo invisible del Esp\u00edritu estaba haciendo en un mes m\u00e1s de lo que siglos de legislaci\u00f3n podr\u00edan lograr.\"<\/p>\n\n\n\n<h3 class=\"wp-block-heading\">\u00bfPodr\u00edamos volver a ver un despertar semejante en nuestros d\u00edas?<\/h3>\n\n\n\n<p>Como nos recuerda George Otis, \"el proceso de transformaci\u00f3n del avivamiento en las naciones se desencadena cuando nuestro apetito por la presencia de Dios supera todas las dem\u00e1s hambres\". Esta hambre se enciende y se aviva a trav\u00e9s del Evangelio de la gloriosa Gracia de Dios.<\/p>\n\n\n\n<p>Como escribi\u00f3 Leonard Ravenhill,&nbsp;<\/p>\n\n\n\n<blockquote class=\"wp-block-quote is-layout-flow wp-block-quote-is-layout-flow\">\n<p>\"La \u00fanica raz\u00f3n por la que no tenemos avivamiento es porque estamos dispuestos a vivir sin \u00e9l\".&nbsp;<\/p>\n<\/blockquote>\n\n\n\n<p>Fue famoso por desenmascarar nuestras vidas guiadas por \u00eddolos cuando afirm\u00f3,<\/p>\n\n\n\n<blockquote class=\"wp-block-quote is-layout-flow wp-block-quote-is-layout-flow\">\n<p>\"\u00bfVale la pena que Cristo muera por las cosas por las que vives?\".<\/p>\n<\/blockquote>\n\n\n\n<p>El verdadero avivamiento experimentado por muchos a lo largo de la historia de la humanidad siempre ha ido acompa\u00f1ado de una extraordinaria convicci\u00f3n de pecado, temor de Dios y de su juicio, revelaci\u00f3n del amor y la misericordia de Dios, confesi\u00f3n, profundo arrepentimiento y gente preguntando, como el d\u00eda de Pentecost\u00e9s: \"\u00bfQu\u00e9 debo hacer para salvarme?\" (Hechos 2).<\/p>\n\n\n\n<p>Dios se siente especialmente atra\u00eddo por un ambiente de humildad, quebrantamiento, hambre espiritual desesperada, arrepentimiento, obediencia impulsada por la gracia y oraci\u00f3n unida y urgente. Duncan Campbell, el gran predicador durante el avivamiento de las H\u00e9bridas de 1949-52 resumi\u00f3 bien el avivamiento cuando escribi\u00f3,&nbsp;<\/p>\n\n\n\n<blockquote class=\"wp-block-quote is-layout-flow wp-block-quote-is-layout-flow\">\n<p>\"\u00a1Revivamiento es cuando los hombres en las calles temen hablar palabras imp\u00edas por miedo a que caiga el juicio de Dios! \u00a1Cuando los pecadores, conscientes del fuego de la presencia de Dios, tiemblan en las calles y claman por misericordia! \u00a1Cuando (sin publicidad humana) el Esp\u00edritu Santo recorra ciudades y regiones con poder sobrenatural y mantenga a la gente en las garras de una convicci\u00f3n aterradora! Cuando cada tienda se convierta en un p\u00falpito, cada coraz\u00f3n en un altar, cada hogar en un santuario, \u00a1y la gente camine cuidadosamente delante de Dios! Esto, mis amados, es verdaderamente un AVIVAMIENTO DEL CIELO\". - Duncan Campell<\/p>\n<\/blockquote>\n\n\n\n<p>El avivamiento est\u00e1 centrado en Jes\u00fas. \u00a1Est\u00e1 impulsado por el Evangelio! (Hechos 19:10, 17). El avivamiento desaf\u00eda el status quo y cambia la atm\u00f3sfera espiritual hasta que una comunidad est\u00e1 \"saturada de Dios\".<\/p>\n\n\n\n<h3 class=\"wp-block-heading\">Oraci\u00f3n extraordinaria<\/h3>\n\n\n\n<p>Ni que decir tiene que la oraci\u00f3n es la incubadora y el horno del avivamiento. Como escribi\u00f3 AT Pierson,<\/p>\n\n\n\n<blockquote class=\"wp-block-quote is-layout-flow wp-block-quote-is-layout-flow\">\n<p>\"Nunca ha habido un despertar espiritual en ning\u00fan pa\u00eds o localidad que no comenzara en la oraci\u00f3n unida\".<\/p>\n<\/blockquote>\n\n\n\n<p>El avivamiento va precedido de una oraci\u00f3n extraordinaria. Como Matthew Henry se\u00f1al\u00f3,<\/p>\n\n\n\n<blockquote class=\"wp-block-quote is-layout-flow wp-block-quote-is-layout-flow\">\n<p><strong>\"Cuando Dios se propone una gran misericordia para su pueblo, lo primero que hace es ponerlo a rezar\".<\/strong><\/p>\n<\/blockquote>\n\n\n\n<p>Una vez le preguntaron a Edwin Orr, uno de los grandes estudiosos del renacimiento,<\/p>\n\n\n\n<blockquote class=\"wp-block-quote is-layout-flow wp-block-quote-is-layout-flow\">\n<p>\"\u00bfLa oraci\u00f3n hace posible el avivamiento? \u00c9l respondi\u00f3: 'No... pero lo hace posible'\".<\/p>\n<\/blockquote>\n\n\n\n<p>Como escribi\u00f3 A.W. Tozer en un art\u00edculo titulado \"No hay l\u00edmite para el avivamiento\".<\/p>\n\n\n\n<blockquote class=\"wp-block-quote is-layout-flow wp-block-quote-is-layout-flow\">\n<p>\"No hay l\u00edmite a lo que Dios podr\u00eda hacer en nuestro mundo si nos atrevi\u00e9ramos a rendirnos ante \u00c9l con un compromiso que dijera: 'Oh Dios, por la presente me entrego a ti, entrego a mi familia, entrego mi negocio, entrego todo lo que poseo. T\u00f3malo todo, Se\u00f1or, y t\u00f3mame a M\u00ed. Me entrego en tal medida que si es necesario que lo pierda todo por ti, d\u00e9jame perderlo. No preguntar\u00e9 cu\u00e1l es el precio. S\u00f3lo pedir\u00e9 que pueda ser todo lo que debo ser como seguidor y disc\u00edpulo del Se\u00f1or Jesucristo\".<\/p>\n<\/blockquote>\n\n\n<div class=\"wp-block-image\">\n<figure class=\"alignright size-full is-resized\"><img loading=\"lazy\" decoding=\"async\" width=\"304\" height=\"454\" src=\"https:\/\/www.gdop-america.org\/wp-content\/uploads\/2024\/08\/Dr-Jason-Hubbard-IPCs-Director.jpg\" alt=\"\" class=\"wp-image-543\" style=\"width:231px;height:auto\" srcset=\"https:\/\/www.gdop-america.org\/wp-content\/uploads\/2024\/08\/Dr-Jason-Hubbard-IPCs-Director.jpg 304w, https:\/\/www.gdop-america.org\/wp-content\/uploads\/2024\/08\/Dr-Jason-Hubbard-IPCs-Director-8x12.jpg 8w\" sizes=\"auto, (max-width: 304px) 100vw, 304px\" \/><\/figure>\n<\/div>\n\n\n<p>Que la iglesia en Am\u00e9rica lleve nuestras mentes y corazones ante la hoguera del Hijo de Dios que todo lo consume, el Se\u00f1or Jes\u00fas, pidiendo una mayor revelaci\u00f3n de Qui\u00e9n es \u00c9l, hacia d\u00f3nde se dirige, qu\u00e9 est\u00e1 haciendo y c\u00f3mo es bendecido. Pidamos una gloriosa <strong>Explosi\u00f3n evang\u00e9lica<\/strong> \u00a1que estalle en esta naci\u00f3n por su renombre!&nbsp;<\/p>\n\n\n\n<p>Gracias por ayudarnos a difundir el mensaje sobre este importante encuentro.<\/p>\n\n\n\n<p>\u00a1Gloria al Cordero!<\/p>\n\n\n\n<p><strong>Dr Jason Hubbard - Director<\/strong><br><a href=\"https:\/\/flj78ieab.cc.rs6.net\/tn.jsp?f=001iqCg-s9ECocPoMLGBYeb8bfwPXENwHGugYyz-UOix8cYR9fModEUrZk6xJgknfVCVdC7K8DCdrISPDuAC8JpMhIlsMSeIkDfjp6nhqepGeZbnsNg3LpIhSYhBhBxW9P6Q1EYlb9CZBQcI5fciGLYMjWquKewhgLK&amp;c=4_yc4czp-nECwj8dING3o2dn_z_wFlIkrV2C7LkzsYMpKz8pmVjkMQ==&amp;ch=z3813YKnBzsmSF2e_31dcZnZVdaq_TpLwS4gXIlQt2Azqid9bivZFw==\" target=\"_blank\" rel=\"noreferrer noopener\">Conexi\u00f3n Internacional de Oraci\u00f3n<\/a><\/p>","protected":false},"excerpt":{"rendered":"<p>D\u00eda Mundial de Oraci\u00f3n por Am\u00e9ricaDom 22 de septiembre 2024 - 4am (PAC) | 7am (EST) Es nuestro deseo ver un avivamiento masivo a gran escala y...<\/p>","protected":false},"author":1,"featured_media":0,"parent":0,"menu_order":0,"comment_status":"closed","ping_status":"closed","template":"","meta":{"footnotes":""},"class_list":["post-536","page","type-page","status-publish","hentry"],"_links":{"self":[{"href":"https:\/\/www.gdop-america.org\/es\/wp-json\/wp\/v2\/pages\/536","targetHints":{"allow":["GET"]}}],"collection":[{"href":"https:\/\/www.gdop-america.org\/es\/wp-json\/wp\/v2\/pages"}],"about":[{"href":"https:\/\/www.gdop-america.org\/es\/wp-json\/wp\/v2\/types\/page"}],"author":[{"embeddable":true,"href":"https:\/\/www.gdop-america.org\/es\/wp-json\/wp\/v2\/users\/1"}],"replies":[{"embeddable":true,"href":"https:\/\/www.gdop-america.org\/es\/wp-json\/wp\/v2\/comments?post=536"}],"version-history":[{"count":9,"href":"https:\/\/www.gdop-america.org\/es\/wp-json\/wp\/v2\/pages\/536\/revisions"}],"predecessor-version":[{"id":642,"href":"https:\/\/www.gdop-america.org\/es\/wp-json\/wp\/v2\/pages\/536\/revisions\/642"}],"wp:attachment":[{"href":"https:\/\/www.gdop-america.org\/es\/wp-json\/wp\/v2\/media?parent=536"}],"curies":[{"name":"wp","href":"https:\/\/api.w.org\/{rel}","templated":true}]}}