{"id":681,"date":"2024-09-15T10:59:15","date_gmt":"2024-09-15T14:59:15","guid":{"rendered":"https:\/\/www.gdop-america.org\/?page_id=681"},"modified":"2024-09-15T11:00:30","modified_gmt":"2024-09-15T15:00:30","slug":"preparing","status":"publish","type":"page","link":"https:\/\/www.gdop-america.org\/de\/preparing\/","title":{"rendered":"Vorbereiten von"},"content":{"rendered":"<figure class=\"wp-block-image size-full\"><img loading=\"lazy\" decoding=\"async\" width=\"1971\" height=\"1104\" src=\"https:\/\/www.gdop-america.org\/wp-content\/uploads\/2024\/09\/home-bg-pray101.jpg\" alt=\"\" class=\"wp-image-682\" srcset=\"https:\/\/www.gdop-america.org\/wp-content\/uploads\/2024\/09\/home-bg-pray101.jpg 1971w, https:\/\/www.gdop-america.org\/wp-content\/uploads\/2024\/09\/home-bg-pray101-350x196.jpg 350w, https:\/\/www.gdop-america.org\/wp-content\/uploads\/2024\/09\/home-bg-pray101-768x430.jpg 768w, https:\/\/www.gdop-america.org\/wp-content\/uploads\/2024\/09\/home-bg-pray101-1536x860.jpg 1536w, https:\/\/www.gdop-america.org\/wp-content\/uploads\/2024\/09\/home-bg-pray101-18x10.jpg 18w\" sizes=\"auto, (max-width: 1971px) 100vw, 1971px\" \/><\/figure>\n\n\n\n<p><strong><em>Vorbereitung auf den Weltgebetstag f\u00fcr Amerika - dem Beispiel Daniels folgen<\/em><\/strong><\/p>\n\n\n\n<p>W\u00e4hrend wir unsere Herzen auf das Gebet am 22. September - dem Weltgebetstag f\u00fcr Amerika - vorbereiten, ruft Gott uns auf, uns vor ihm zu dem\u00fctigen. Angesichts seiner Heiligkeit und unserer S\u00fcndhaftigkeit besteht unsere einzige Hoffnung in der R\u00fcckkehr zum Kreuz Christi und der Gnade des Evangeliums. Gott sagt, dass er sich den Stolzen widersetzt, den Dem\u00fctigen aber Gnade schenkt (Jakobus 4,6).<\/p>\n\n\n\n<p>Einer der gro\u00dfen M\u00e4nner der Heiligen Schrift, der sich im Namen seines Volkes vor dem Herrn dem\u00fctigte, ist Daniel. Daniels Gebet in 9,1-23 ist eine gro\u00dfartige Vorlage f\u00fcr uns, wenn wir uns dem\u00fctigen und im Namen der Kirche in Amerika um Erbarmen flehen. Daniels Gebet war ein verzweifeltes Flehen im Namen seines Volkes - Juda -, das unter Gottes Gericht geraten war. Siebzig Jahre lang wurde sein Volk von den Babyloniern in Gefangenschaft gehalten und von Gottes Segensort getrennt. Gott hatte das Volk wiederholt davor gewarnt, dass das Gericht \u00fcber es hereinbrechen w\u00fcrde, wenn es keine nationale Umkehr der S\u00fcnde vollz\u00f6ge. Daniel war 15 Jahre alt, als er von den Babyloniern gefangen genommen und in ein fremdes Land 800 Meilen \u00f6stlich von Jerusalem verbannt wurde. Doch durch all das hindurch verherrlichte Daniel den Herrn durch seinen Charakter, sein Verhalten, sein Gebetsleben und seine tiefe Demut. Daniel hatte sein Herz viele Jahre lang vorbereitet, bevor er sein Gebet in Daniel 9 betete.<\/p>\n\n\n\n<p>Manchmal fragen wir uns, warum unsere Gebete den Himmel nicht bewegen und die Nationen nicht ver\u00e4ndern - liegt es daran, dass wir nicht vorbereitet sind?<\/p>\n\n\n<div class=\"wp-block-image\">\n<figure class=\"alignright size-medium\"><img loading=\"lazy\" decoding=\"async\" width=\"350\" height=\"195\" src=\"https:\/\/www.gdop-america.org\/wp-content\/uploads\/2024\/09\/home-bg-pray102-350x195.jpg\" alt=\"\" class=\"wp-image-683\" srcset=\"https:\/\/www.gdop-america.org\/wp-content\/uploads\/2024\/09\/home-bg-pray102-350x195.jpg 350w, https:\/\/www.gdop-america.org\/wp-content\/uploads\/2024\/09\/home-bg-pray102-768x428.jpg 768w, https:\/\/www.gdop-america.org\/wp-content\/uploads\/2024\/09\/home-bg-pray102-18x10.jpg 18w, https:\/\/www.gdop-america.org\/wp-content\/uploads\/2024\/09\/home-bg-pray102.jpg 1187w\" sizes=\"auto, (max-width: 350px) 100vw, 350px\" \/><\/figure>\n<\/div>\n\n\n<p>Wie k\u00f6nnen wir unser Herz auf das Gebet vorbereiten, wenn wir Gott in einer verzweifelten Situation brauchen?<\/p>\n\n\n\n<p>Wie Daniel 6:10 schreibt:<\/p>\n\n\n\n<p>\"Daniel ging in sein Haus, dessen Fenster in der oberen Kammer nach Jerusalem hin offen waren. Dreimal am Tag ging er auf die Knie und betete und dankte vor seinem Gott.<\/p>\n\n\n\n<p>Daniel hatte einen <strong><em>vorbereiteter Platz <\/em><\/strong>um zu beten - er ging in sein Zimmer im Obergeschoss und betete.<br>Daniel hatte einen <strong><em>vorbereitete Zeit <\/em><\/strong>- 3 Mal am Tag beten.<br>Daniel hatte einen <strong><em>vorbereitete Position <\/em><\/strong>- auf seinen Knien in dem\u00fctiger Unterwerfung vor dem Herrn.<br>Daniel hatte einen <strong><em>vorbereitete Haltung <\/em><\/strong>- den Herrn mit Dankbarkeit anrufen, selbst inmitten schwieriger Umst\u00e4nde.<\/p>\n\n\n\n<p>In Daniel 9 befand sich Israel bereits seit 67 Jahren in Gefangenschaft. Daniel bat Gott, sein Volk Israel zu befreien. Die Grundlage f\u00fcr sein Gebet war die Verhei\u00dfung, die er in Gottes Wort bei Jeremia fand, dass Gott sein Volk nach 70 Jahren befreien w\u00fcrde. Er beanspruchte diese Verhei\u00dfung f\u00fcr sich - er betete um die Antwort, und sein Gebet wurde erh\u00f6rt - drei Jahre sp\u00e4ter wurde Israel befreit!<\/p>\n\n\n\n<p>Viele von uns schauen heute auf unsere Nation - eine Nation in Not - eine gespaltene Kirche - und fragen sich, was kann ein einzelner Mensch tun?<\/p>\n\n\n\n<p>Ich glaube, dass eine einzige Person beten kann, die Gottes Herz ber\u00fchrt und bewegt und seine Macht in einer Nation freisetzt! Daniel war ein solcher Mann, und Sie und ich k\u00f6nnen seinem Beispiel folgen.<\/p>\n\n\n\n<p><strong>Um welche biblische Verhei\u00dfung ringen wir heute?<\/strong><\/p>\n\n\n\n<p>\"Gott widersetzt sich den Stolzen, aber den Dem\u00fctigen gibt er Gnade\".<\/p>\n\n\n\n<p>Wir sind uns wohl alle einig, dass wir sowohl in der Kirche als auch in unserem Land dringend die <strong>GNADE GOTTES\". <\/strong>Wir haben es gewiss nicht verdient. Wie wir in Daniels Gebet entdecken, geht es letztlich nicht um uns - es ist Gottes Name, der heute in unserem Land auf dem Spiel steht!<\/p>\n\n\n\n<p>\"Oh Herr, h\u00f6re, oh Herr, vergib! O Herr, h\u00f6re auf und handle. Z\u00f6gere nicht, <strong>um Ihrer selbst willen<\/strong>O mein Gott\" <strong>Ich m\u00f6chte uns ermutigen, an diesem Weltgebetstag das Gebet aus Daniel 9:1-23 durchzubeten f\u00fcr<\/strong> <strong>Amerika.<\/strong><\/p>\n\n\n\n<p><strong>Lasst uns den Herrn preisen<\/strong><\/p>\n\n\n\n<p>\"Ich betete zu dem Herrn, meinem Gott, und bekannte: \"Herr, der gro\u00dfe und ehrfurchtgebietende Gott, der den Bund und die best\u00e4ndige Liebe h\u00e4lt mit denen, die ihn lieben und seine Gebote halten\" (Daniel 9,4).<\/p>\n\n\n<div class=\"wp-block-image\">\n<figure class=\"alignright size-medium\"><img loading=\"lazy\" decoding=\"async\" width=\"350\" height=\"193\" src=\"https:\/\/www.gdop-america.org\/wp-content\/uploads\/2024\/09\/home-bg-pray103-350x193.jpg\" alt=\"\" class=\"wp-image-684\" srcset=\"https:\/\/www.gdop-america.org\/wp-content\/uploads\/2024\/09\/home-bg-pray103-350x193.jpg 350w, https:\/\/www.gdop-america.org\/wp-content\/uploads\/2024\/09\/home-bg-pray103-768x425.jpg 768w, https:\/\/www.gdop-america.org\/wp-content\/uploads\/2024\/09\/home-bg-pray103-18x10.jpg 18w, https:\/\/www.gdop-america.org\/wp-content\/uploads\/2024\/09\/home-bg-pray103.jpg 1194w\" sizes=\"auto, (max-width: 350px) 100vw, 350px\" \/><\/figure>\n<\/div>\n\n\n<p><strong>Bekennen wir unsere S\u00fcnden im Namen der Kirche (des Volkes Gottes) in Amerika<\/strong><\/p>\n\n\n\n<p>Daniel 9:5 (ESV): \"Wir haben ges\u00fcndigt und Unrecht getan, wir haben b\u00f6se gehandelt und uns aufgelehnt und uns von deinen Geboten und Regeln abgewandt.\"<\/p>\n\n\n\n<p>Daniel 9:8 (ESV): \"Uns, HERR, geh\u00f6rt die offene Schande, unseren K\u00f6nigen, unseren F\u00fcrsten und unseren V\u00e4tern, weil wir gegen dich ges\u00fcndigt haben.\"<\/p>\n\n\n\n<p>Daniel 9:10 (ESV), \"und haben nicht gehorcht<br>die Stimme des HERRN, unseres Gottes, zu h\u00f6ren, indem sie wandeln<br>in seinen Gesetzen, die er uns durch seine Knechte, die Propheten, vor Augen gestellt hat.\"<\/p>\n\n\n\n<figure class=\"wp-block-image size-full\"><img loading=\"lazy\" decoding=\"async\" width=\"1594\" height=\"912\" src=\"https:\/\/www.gdop-america.org\/wp-content\/uploads\/2024\/09\/home-bg-pray104.jpg\" alt=\"\" class=\"wp-image-685\" srcset=\"https:\/\/www.gdop-america.org\/wp-content\/uploads\/2024\/09\/home-bg-pray104.jpg 1594w, https:\/\/www.gdop-america.org\/wp-content\/uploads\/2024\/09\/home-bg-pray104-350x200.jpg 350w, https:\/\/www.gdop-america.org\/wp-content\/uploads\/2024\/09\/home-bg-pray104-768x439.jpg 768w, https:\/\/www.gdop-america.org\/wp-content\/uploads\/2024\/09\/home-bg-pray104-1536x879.jpg 1536w, https:\/\/www.gdop-america.org\/wp-content\/uploads\/2024\/09\/home-bg-pray104-18x10.jpg 18w\" sizes=\"auto, (max-width: 1594px) 100vw, 1594px\" \/><\/figure>\n\n\n\n<p><strong>Erinnern wir uns an die Barmherzigkeit Gottes<\/strong><\/p>\n\n\n\n<p>Daniel 9:15-16 (ESV), \"Und nun, Herr, unser Gott, der du dein Volk mit m\u00e4chtiger Hand aus \u00c4gyptenland gef\u00fchrt und dir einen Namen gemacht hast, wie an diesem Tag, haben wir ges\u00fcndigt, wir haben Unrecht getan. 16 \"Herr, nach all deinen gerechten Taten soll sich dein Zorn und dein Grimm von deiner Stadt Jerusalem, deinem heiligen Berg, abwenden; denn um unserer S\u00fcnden willen und um der Missetaten unserer V\u00e4ter willen sind Jerusalem und dein Volk zum Schimpfwort geworden unter allen, die um uns sind.<\/p>\n\n\n\n<p><strong>Pl\u00e4dieren wir mit De<\/strong><strong>speration f\u00fcr <\/strong><strong>Barmherzigkeit<\/strong><\/p>\n\n\n\n<p>Daniel 9:17-18 (ESV), \"So h\u00f6re nun, o unser Gott, auf das Gebet deines Knechtes und auf sein <strong>Gnadengesuche<\/strong>und um deinetwillen, Herr, lass dein Angesicht leuchten \u00fcber deinem Heiligtum, das verw\u00fcstet ist. 18 Mein Gott, neige dein Ohr und h\u00f6re! \u00d6ffne deine Augen und sieh unsere Verw\u00fcstung und die Stadt, die nach deinem Namen genannt ist. Denn wir bringen unser Flehen nicht um unserer Gerechtigkeit willen vor dich, sondern um unserer Ungerechtigkeit willen. <strong>deine gro\u00dfe Barmherzigkeit<\/strong>\"<\/p>\n\n\n\n<p>Wir k\u00f6nnen sicher sein, dass, wenn wir uns vor der m\u00e4chtigen Hand Gottes dem\u00fctigen, seinen Namen anrufen und nach seinem Willen und zu seinem Ruhm bitten, er seine Macht als Antwort auf unsere Gebete freisetzen wird!<\/p>\n\n\n\n<p><strong>Vater, mach Deinen Namen in Amerika wieder gro\u00df!<\/strong><\/p>\n\n\n\n<p>Maleachi 1:11 (ESV): \"Denn vom Aufgang der Sonne bis zu ihrem Untergang <strong>mein Name wird gro\u00df sein <\/strong>unter den V\u00f6lkern, und in <strong>jeder Ort <\/strong>Weihrauch wird meinem Namen geopfert werden, und ein reines Opfer. Denn mein Name wird gro\u00df sein unter den V\u00f6lkern<strong>, sagt der L<\/strong><strong>ORD <\/strong><strong>von Wirten<\/strong>\"<\/p>\n\n\n\n<p>Ich freue mich schon sehr darauf, am 22. September mit Ihnen zu beten.<\/p>\n\n\n\n<p><strong>Ich liebe euch alle,<\/strong><\/p>\n\n\n\n<p><strong>Dr. Jason Hubbard - Direktor <\/strong><strong>Internationale Gebetsverbindung<\/strong><\/p>\n\n\n\n<p>\"Denn so spricht der, der hoch und erhaben ist, der die Ewigkeit bewohnt, dessen Name heilig ist: \"Ich wohne in der H\u00f6he und im Heiligtum und auch bei dem, der zerknirscht und dem\u00fctig ist, um den Geist der Dem\u00fctigen zu beleben und das Herz der Zerknirschten zu beleben.\"<\/p>\n\n\n\n<div class=\"wp-block-buttons is-layout-flex wp-block-buttons-is-layout-flex\">\n<div class=\"wp-block-button\"><a class=\"wp-block-button__link wp-element-button\" href=\"https:\/\/www.gdop-america.org\/wp-content\/uploads\/2024\/09\/Call-to-Humility-Dr-Jason-Hubbard.pdf\" target=\"_blank\" rel=\"noreferrer noopener\">PDF herunterladen<\/a><\/div>\n<\/div>","protected":false},"excerpt":{"rendered":"<p>Vorbereitung auf den Weltgebetstag f\u00fcr Amerika - dem Beispiel Daniels folgen W\u00e4hrend wir unsere Herzen auf das Gebet am 22. September vorbereiten -...<\/p>","protected":false},"author":1,"featured_media":459,"parent":0,"menu_order":0,"comment_status":"closed","ping_status":"closed","template":"","meta":{"footnotes":""},"class_list":["post-681","page","type-page","status-publish","has-post-thumbnail","hentry"],"_links":{"self":[{"href":"https:\/\/www.gdop-america.org\/de\/wp-json\/wp\/v2\/pages\/681","targetHints":{"allow":["GET"]}}],"collection":[{"href":"https:\/\/www.gdop-america.org\/de\/wp-json\/wp\/v2\/pages"}],"about":[{"href":"https:\/\/www.gdop-america.org\/de\/wp-json\/wp\/v2\/types\/page"}],"author":[{"embeddable":true,"href":"https:\/\/www.gdop-america.org\/de\/wp-json\/wp\/v2\/users\/1"}],"replies":[{"embeddable":true,"href":"https:\/\/www.gdop-america.org\/de\/wp-json\/wp\/v2\/comments?post=681"}],"version-history":[{"count":2,"href":"https:\/\/www.gdop-america.org\/de\/wp-json\/wp\/v2\/pages\/681\/revisions"}],"predecessor-version":[{"id":689,"href":"https:\/\/www.gdop-america.org\/de\/wp-json\/wp\/v2\/pages\/681\/revisions\/689"}],"wp:featuredmedia":[{"embeddable":true,"href":"https:\/\/www.gdop-america.org\/de\/wp-json\/wp\/v2\/media\/459"}],"wp:attachment":[{"href":"https:\/\/www.gdop-america.org\/de\/wp-json\/wp\/v2\/media?parent=681"}],"curies":[{"name":"wp","href":"https:\/\/api.w.org\/{rel}","templated":true}]}}