{"id":536,"date":"2024-08-20T10:40:26","date_gmt":"2024-08-20T14:40:26","guid":{"rendered":"https:\/\/www.gdop-america.org\/?page_id=536"},"modified":"2024-08-22T08:05:55","modified_gmt":"2024-08-22T12:05:55","slug":"invite","status":"publish","type":"page","link":"https:\/\/www.gdop-america.org\/de\/invite\/","title":{"rendered":"Einladen"},"content":{"rendered":"<h2 class=\"wp-block-heading has-text-align-center\">Weltgebetstag f\u00fcr Amerika<br>So 22. September 2024 - 4 Uhr (PAC) | 7 Uhr (EST)<\/h2>\n\n\n\n<p>Unser Wunsch ist es, dass in Amerika eine massive Erweckung und ein Aufbruch in vollem Umfang stattfindet!<\/p>\n\n\n\n<p>Wir haben um eine weitere historische Bewegung des Heiligen Geistes gebeten, die \u00fcber unser Land hinwegfegt und eine Generation zu r\u00fcckhaltloser Liebe und Hingabe an Jesus erweckt!<\/p>\n\n\n\n<p>Es geht um eine Christus-Erweckung, bei der der Geist Gottes das Wort Gottes benutzt, um <strong><em>wiedererwecken<\/em><\/strong> Gottes Volk zur\u00fcck zu Gottes Sohn f\u00fcr alles, was er ist!<\/p>\n\n\n\n<p>Wir wollen in die Kraft und das Vergn\u00fcgen eintreten, von der Herrlichkeit Jesu besessen zu sein. Er ist die dominierende Pers\u00f6nlichkeit in diesem Zeitalter und im kommenden Zeitalter!<\/p>\n\n\n\n<p>Wir sehnen uns nach einer <em><strong>Evangeliumsexplosion<\/strong><\/em>Ein Tsunami der Erweckung, der an den Str\u00e4nden unserer Nation hereinbricht, um seinen Ruhm zu verbreiten, um seine Herrschaft auszuweiten, um seinen Gewinn zu vergr\u00f6\u00dfern und um seinen Anspruch auf das, was ihm rechtm\u00e4\u00dfig geh\u00f6rt, zu ehren, von K\u00fcste zu K\u00fcste, von Meer zu Meer!<\/p>\n\n\n\n<blockquote class=\"wp-block-quote is-layout-flow wp-block-quote-is-layout-flow\">\n<p>\"Denn die Erde wird erf\u00fcllt sein von der Erkenntnis der Herrlichkeit des Herrn, wie Wasser das Meer bedeckt\" (Hab 2,14).<\/p>\n<\/blockquote>\n\n\n\n<p>Mit den Worten der M\u00e4hrer <strong>\"M\u00f6ge das Lamm, das geschlachtet wurde, den geb\u00fchrenden Lohn f\u00fcr seine Leiden erhalten.\"<\/strong> Lasst uns unsere Treue nicht den \"Stars and Stripes\", sondern den \"Narben und Streifen\" des w\u00fcrdigen Lammes schw\u00f6ren!<\/p>\n\n\n\n<h3 class=\"wp-block-heading\">Verzweifeltes Bed\u00fcrfnis nach Erweckung...<\/h3>\n\n\n\n<p>Wir brauchen in Amerika dringend eine Erweckung. Viele unserer Kirchen sind ohne Gebet und von Stolz geplagt. Viele unserer H\u00e4user und Ehen sind zerbrochen. Es hei\u00dft, dass Gl\u00e4ubige in einer der reichsten Nationen der Welt nur 2 Prozent ihres Einkommens als Zehnten geben.<\/p>\n\n\n\n<p>Das allgemeine Kirchenwachstum in Amerika stagniert. Mit \u00fcber 40.000 Konfessionen in Amerika haben die Kirche und ihre Leiter M\u00fche, in der Einheit nach Johannes 17 zu leben.<\/p>\n\n\n\n<p>Unsere Nation ist politisch und gesellschaftlich gespalten. Wie wir wissen, kann nur eine vereinte Kirche eine geteilte Nation heilen.<\/p>\n\n\n\n<h3 class=\"wp-block-heading\">Aber ich habe Hoffnung f\u00fcr unser Land<\/h3>\n\n\n\n<p>Amerika hat eine reiche Geschichte, was die Entsendung von Missionaren angeht, die das Evangelium in alle L\u00e4nder der Welt tragen. Wo immer ich in der Welt unterwegs bin, h\u00f6re ich die Dankbarkeit anderer Nationen f\u00fcr amerikanische Missionare. Und dennoch glaube ich, dass wir heute den Herrn brauchen, um Missionare in unser Land zu schicken.<\/p>\n\n\n\n<p><strong>Ich glaube, wir m\u00fcssen uns dem\u00fctigen und die V\u00f6lker um Hilfe und F\u00fcrsprache bitten.<\/strong><\/p>\n\n\n\n<figure class=\"wp-block-embed is-type-video is-provider-youtube wp-block-embed-youtube wp-embed-aspect-16-9 wp-has-aspect-ratio\"><div class=\"wp-block-embed__wrapper\">\n<iframe loading=\"lazy\" title=\"Weltgebetstag f\u00fcr Amerika - 22. September 2024\" width=\"500\" height=\"281\" src=\"https:\/\/www.youtube.com\/embed\/UsSFy-2hD5c?feature=oembed\" frameborder=\"0\" allow=\"accelerometer; autoplay; clipboard-write; encrypted-media; gyroscope; picture-in-picture; web-share\" referrerpolicy=\"strict-origin-when-cross-origin\" allowfullscreen><\/iframe>\n<\/div><\/figure>\n\n\n\n<p>Nachdem wir von vielen f\u00fchrenden Pers\u00f6nlichkeiten aus der ganzen Welt geh\u00f6rt haben, haben wir beschlossen, 7 Tage des Gebets auszurufen, die ihren H\u00f6hepunkt in einem <strong>Globaler Gebetstag f\u00fcr Amerika am Sonntag, 22. September, mit einem Online-Treffen von 7:00 bis 10:00 Uhr (EST)<\/strong>.<\/p>\n\n\n\n<p>Aus allen Kontinenten der Welt werden f\u00fchrende Pers\u00f6nlichkeiten zu uns kommen und uns in Gebet und Anbetung anleiten!<\/p>\n\n\n\n<p>Bitte schlie\u00dfen Sie sich uns online an und \u00fcberlegen Sie, ob Sie ein Gebetsfest f\u00fcr Ihre Stadt oder Ihr Land veranstalten wollen.<\/p>\n\n\n\n<p><strong>Registrieren Sie sich f\u00fcr Aktualisierungen und schauen Sie zu unter <\/strong><a href=\"https:\/\/flj78ieab.cc.rs6.net\/tn.jsp?f=001iqCg-s9ECocPoMLGBYeb8bfwPXENwHGugYyz-UOix8cYR9fModEUrRNlisk3NszMyTxTGIJ6a7g3frCnVZEZEJnxJwftb_62MIiRuWcCrQtQx3uMk0BMxlZaqjUx374uj7xBGt1jvcGdBv4O7erDVhm5Cdb0xyn-&amp;c=4_yc4czp-nECwj8dING3o2dn_z_wFlIkrV2C7LkzsYMpKz8pmVjkMQ==&amp;ch=z3813YKnBzsmSF2e_31dcZnZVdaq_TpLwS4gXIlQt2Azqid9bivZFw==\" target=\"_blank\" rel=\"noreferrer noopener\">www.gdop-america.org<\/a><\/p>\n\n\n\n<div class=\"wp-block-buttons is-layout-flex wp-block-buttons-is-layout-flex\">\n<div class=\"wp-block-button\"><a class=\"wp-block-button__link wp-element-button\" href=\"https:\/\/www.gdop-america.org\/de\/download-flyer\/\">Download des Flyers \/ Gebetsleitfadens<\/a><\/div>\n<\/div>\n\n\n\n<h3 class=\"wp-block-heading\">K\u00f6nnen wir eine transformierende Erweckung in Amerika erleben?<\/h3>\n\n\n\n<p>Eine Schl\u00fcsselfrage, die wir uns stellen m\u00fcssen, lautet: \"Was w\u00e4re n\u00f6tig, um eine echte Bewegung Gottes in St\u00e4dten in ganz Amerika in Gang zu setzen und aufrechtzuerhalten?<\/p>\n\n\n\n<p>Es reicht nicht aus, nur eine Erweckung zu sehen, wir wollen eine umgestaltende Erweckung in Familien, Gemeinden und St\u00e4dten in unserem Land sehen, bevor Christus wiederkommt!<\/p>\n\n\n\n<p><strong>George Otis Jr. beschreibt eine ver\u00e4nderte Gemeinschaft folgenderma\u00dfen...<\/strong><\/p>\n\n\n\n<ul class=\"wp-block-list\">\n<li>Eine Nachbarschaft, eine Stadt oder eine Nation, deren Werte und Institutionen von der Gnade und Gegenwart Gottes \u00fcberrollt worden sind.<\/li>\n\n\n\n<li>Ein Ort, an dem das g\u00f6ttliche Feuer nicht nur herbeigerufen wurde, sondern auch gefallen ist.<\/li>\n\n\n\n<li>Eine Gesellschaft, in der der nat\u00fcrliche evolution\u00e4re Wandel durch eine invasive \u00fcbernat\u00fcrliche Macht unterbrochen wurde.<\/li>\n\n\n\n<li>Eine Kultur, die umfassend und unbestreitbar vom Reich Gottes beeinflusst worden ist.<\/li>\n\n\n\n<li>Ein Ort, an dem die Werte des K\u00f6nigreichs \u00f6ffentlich gefeiert und an k\u00fcnftige Generationen weitergegeben werden.<\/li>\n<\/ul>\n\n\n\n<p>Samuel Davies erinnerte uns aus seinem Blickwinkel der Zweiten Gro\u00dfen Erweckung daran, dass \"es Zeiten gibt, in denen nur eine gro\u00dfe Ausgie\u00dfung des Geistes eine allgemeine \u00f6ffentliche Reformation bewirken kann\". Er erlebte aus erster Hand, wie Erweckung und Erweckung einen kulturellen Wandel herbeif\u00fchrten, den nichts anderes bewirken konnte. Der Pastor der presbyterianischen Kirche von St. John's-Wood erkl\u00e4rte nach der walisischen Erweckung, bei der innerhalb von neun Monaten (1904-1905) 100.000 Menschen zu Christus kamen, dass \"der m\u00e4chtige, unsichtbare Atem des Geistes in einem Monat mehr tat, als Jahrhunderte der Gesetzgebung erreichen konnten\".<\/p>\n\n\n\n<h3 class=\"wp-block-heading\">K\u00f6nnten wir ein solches Erwachen in unserer Zeit wieder erleben?<\/h3>\n\n\n\n<p>Wie George Otis uns daran erinnert, \"wird der Prozess der verwandelnden Erweckung in den Nationen ausgel\u00f6st, wenn unser Appetit auf Gottes Gegenwart alle anderen Bed\u00fcrfnisse \u00fcbertrumpft\". Dieser Hunger wird durch das Evangelium von Gottes herrlicher Gnade entz\u00fcndet und in Flammen aufgehen!<\/p>\n\n\n\n<p>Wie Leonard Ravenhill schrieb,&nbsp;<\/p>\n\n\n\n<blockquote class=\"wp-block-quote is-layout-flow wp-block-quote-is-layout-flow\">\n<p>\"Der einzige Grund, warum wir keine Erweckung haben, ist, dass wir bereit sind, ohne sie zu leben\".&nbsp;<\/p>\n<\/blockquote>\n\n\n\n<p>Er war ber\u00fchmt daf\u00fcr, dass er unser von Idolen bestimmtes Leben entlarvte, als er sagte,<\/p>\n\n\n\n<blockquote class=\"wp-block-quote is-layout-flow wp-block-quote-is-layout-flow\">\n<p>\"Sind die Dinge, f\u00fcr die Sie leben, es wert, dass Christus f\u00fcr sie stirbt?\"<\/p>\n<\/blockquote>\n\n\n\n<p>Echte Erweckung, wie sie viele Menschen im Laufe der Menschheitsgeschichte erlebt haben, war immer begleitet von au\u00dferordentlicher \u00dcberzeugung von der S\u00fcnde, Furcht vor Gott und seinem Gericht, Offenbarung von Gottes Liebe und Barmherzigkeit, Bekenntnis, tiefer Reue und der Frage: \"Was muss ich tun, um gerettet zu werden?\" (Apostelgeschichte 2).<\/p>\n\n\n\n<p>Gott f\u00fchlt sich besonders zu einem Umfeld der Demut, der Zerbrochenheit, des verzweifelten geistlichen Hungers, der Bu\u00dfe, des aus Gnade erwachsenden Gehorsams und des dringenden gemeinsamen Gebets hingezogen. Duncan Campbell, der gro\u00dfe Prediger w\u00e4hrend der Erweckung auf den Hebriden von 1949-52, fasste die Erweckung gut zusammen, als er schrieb,&nbsp;<\/p>\n\n\n\n<blockquote class=\"wp-block-quote is-layout-flow wp-block-quote-is-layout-flow\">\n<p>\"Erweckung ist, wenn die Menschen auf der Stra\u00dfe Angst haben, gottlose Worte zu sprechen, weil sie f\u00fcrchten, dass Gottes Urteil f\u00e4llt! Wenn S\u00fcnder, die sich des Feuers der Gegenwart Gottes bewusst sind, auf den Stra\u00dfen zittern und um Gnade schreien! Wenn (ohne menschliche Werbung) der Heilige Geist mit \u00fcbernat\u00fcrlicher Kraft \u00fcber St\u00e4dte und Regionen hinwegfegt und die Menschen in den Bann einer erschreckenden \u00dcberzeugung zieht! Wenn jedes Gesch\u00e4ft zu einer Kanzel wird, jedes Herz zu einem Altar, jedes Haus zu einem Heiligtum, und die Menschen vorsichtig vor Gott treten! Das, meine Geliebten, ist wahrhaftig ERWECKUNG AUS DEM HIMMEL!\" - Duncan Campell<\/p>\n<\/blockquote>\n\n\n\n<p>Erweckung ist Jesus-zentriert! Sie ist vom Evangelium bestimmt! (Apostelgeschichte 19:10, 17). Erweckung stellt den Status quo in Frage und ver\u00e4ndert die geistliche Atmosph\u00e4re, bis eine Gemeinschaft \"von Gott ges\u00e4ttigt\" ist.<\/p>\n\n\n\n<h3 class=\"wp-block-heading\">Au\u00dferordentliches Gebet<\/h3>\n\n\n\n<p>Es versteht sich von selbst, dass das Gebet der Inkubator und der Brennofen der Erweckung ist. Wie AT Pierson schrieb,<\/p>\n\n\n\n<blockquote class=\"wp-block-quote is-layout-flow wp-block-quote-is-layout-flow\">\n<p>\"Es hat in keinem Land und an keinem Ort einen geistlichen Aufbruch gegeben, der nicht im gemeinsamen Gebet seinen Anfang genommen h\u00e4tte.<\/p>\n<\/blockquote>\n\n\n\n<p>Der Erweckung geht ein au\u00dfergew\u00f6hnliches Gebet voraus. Wie Matthew Henry bemerkte,<\/p>\n\n\n\n<blockquote class=\"wp-block-quote is-layout-flow wp-block-quote-is-layout-flow\">\n<p><strong>\"Wenn Gott seinem Volk gro\u00dfe Barmherzigkeit erweisen will, l\u00e4sst er es als erstes beten!\"<\/strong><\/p>\n<\/blockquote>\n\n\n\n<p>Edwin Orr, einer der gro\u00dfen Gelehrten der Erweckung, wurde einmal gefragt,<\/p>\n\n\n\n<blockquote class=\"wp-block-quote is-layout-flow wp-block-quote-is-layout-flow\">\n<p>\"Macht das Gebet die Erweckung m\u00f6glich? Er antwortete: 'Nein... aber es macht sie m\u00f6glich'\".<\/p>\n<\/blockquote>\n\n\n\n<p>Wie A.W. Tozer in einem Artikel mit dem Titel \"Es gibt keine Grenzen f\u00fcr die Erweckung\" schrieb<\/p>\n\n\n\n<blockquote class=\"wp-block-quote is-layout-flow wp-block-quote-is-layout-flow\">\n<p>\"Es gibt keine Grenzen f\u00fcr das, was Gott in unserer Welt tun k\u00f6nnte, wenn wir es wagen w\u00fcrden, uns vor ihm mit einer Verpflichtung zu ergeben, die besagt: 'Oh Gott, ich gebe mich dir hiermit hin, ich gebe meine Familie, ich gebe mein Gesch\u00e4ft, ich gebe alles, was ich besitze. Nimm all das, Herr - und nimm mich! Ich gebe mich in dem Ma\u00dfe hin, dass ich, wenn es notwendig ist, dass ich alles um deinetwillen verliere, es mich verlieren lasse. Ich werde nicht fragen, wie hoch der Preis ist. Ich werde nur darum bitten, dass ich alles sein kann, was ich als Nachfolger und J\u00fcnger des Herrn Jesus Christus sein sollte.\"<\/p>\n<\/blockquote>\n\n\n<div class=\"wp-block-image\">\n<figure class=\"alignright size-full is-resized\"><img loading=\"lazy\" decoding=\"async\" width=\"304\" height=\"454\" src=\"https:\/\/www.gdop-america.org\/wp-content\/uploads\/2024\/08\/Dr-Jason-Hubbard-IPCs-Director.jpg\" alt=\"\" class=\"wp-image-543\" style=\"width:231px;height:auto\" srcset=\"https:\/\/www.gdop-america.org\/wp-content\/uploads\/2024\/08\/Dr-Jason-Hubbard-IPCs-Director.jpg 304w, https:\/\/www.gdop-america.org\/wp-content\/uploads\/2024\/08\/Dr-Jason-Hubbard-IPCs-Director-8x12.jpg 8w\" sizes=\"auto, (max-width: 304px) 100vw, 304px\" \/><\/figure>\n<\/div>\n\n\n<p>M\u00f6ge die Kirche in Amerika unseren Verstand und unsere Herzen vor das Feuer von Gottes alles verzehrendem Sohn, dem Herrn Jesus, bringen und um eine gr\u00f6\u00dfere Offenbarung dessen bitten, wer er ist, wohin er geht, was er tut und wie er gesegnet ist. Bitten wir um eine glorreiche <strong>Evangeliumsexplosion<\/strong> um in dieser Nation f\u00fcr seinen Ruhm auszubrechen!&nbsp;<\/p>\n\n\n\n<p>Vielen Dank, dass Sie uns helfen, die Nachricht von diesem bedeutenden Treffen zu verbreiten.<\/p>\n\n\n\n<p>Alle Ehre sei dem Lamm!<\/p>\n\n\n\n<p><strong>Dr. Jason Hubbard - Direktor<\/strong><br><a href=\"https:\/\/flj78ieab.cc.rs6.net\/tn.jsp?f=001iqCg-s9ECocPoMLGBYeb8bfwPXENwHGugYyz-UOix8cYR9fModEUrZk6xJgknfVCVdC7K8DCdrISPDuAC8JpMhIlsMSeIkDfjp6nhqepGeZbnsNg3LpIhSYhBhBxW9P6Q1EYlb9CZBQcI5fciGLYMjWquKewhgLK&amp;c=4_yc4czp-nECwj8dING3o2dn_z_wFlIkrV2C7LkzsYMpKz8pmVjkMQ==&amp;ch=z3813YKnBzsmSF2e_31dcZnZVdaq_TpLwS4gXIlQt2Azqid9bivZFw==\" target=\"_blank\" rel=\"noreferrer noopener\">Internationale Gebetsverbindung<\/a><\/p>","protected":false},"excerpt":{"rendered":"<p>Globaler Gebetstag f\u00fcr AmerikaSonntag, 22. September 2024 - 4 Uhr (PAC) | 7 Uhr (EST) Es ist unser Wunsch, eine massive Erweckung und...<\/p>","protected":false},"author":1,"featured_media":0,"parent":0,"menu_order":0,"comment_status":"closed","ping_status":"closed","template":"","meta":{"footnotes":""},"class_list":["post-536","page","type-page","status-publish","hentry"],"_links":{"self":[{"href":"https:\/\/www.gdop-america.org\/de\/wp-json\/wp\/v2\/pages\/536","targetHints":{"allow":["GET"]}}],"collection":[{"href":"https:\/\/www.gdop-america.org\/de\/wp-json\/wp\/v2\/pages"}],"about":[{"href":"https:\/\/www.gdop-america.org\/de\/wp-json\/wp\/v2\/types\/page"}],"author":[{"embeddable":true,"href":"https:\/\/www.gdop-america.org\/de\/wp-json\/wp\/v2\/users\/1"}],"replies":[{"embeddable":true,"href":"https:\/\/www.gdop-america.org\/de\/wp-json\/wp\/v2\/comments?post=536"}],"version-history":[{"count":9,"href":"https:\/\/www.gdop-america.org\/de\/wp-json\/wp\/v2\/pages\/536\/revisions"}],"predecessor-version":[{"id":642,"href":"https:\/\/www.gdop-america.org\/de\/wp-json\/wp\/v2\/pages\/536\/revisions\/642"}],"wp:attachment":[{"href":"https:\/\/www.gdop-america.org\/de\/wp-json\/wp\/v2\/media?parent=536"}],"curies":[{"name":"wp","href":"https:\/\/api.w.org\/{rel}","templated":true}]}}