{"id":681,"date":"2024-09-15T10:59:15","date_gmt":"2024-09-15T14:59:15","guid":{"rendered":"https:\/\/www.gdop-america.org\/?page_id=681"},"modified":"2024-09-15T11:00:30","modified_gmt":"2024-09-15T15:00:30","slug":"preparing","status":"publish","type":"page","link":"https:\/\/www.gdop-america.org\/af\/preparing\/","title":{"rendered":"Voorbereiding"},"content":{"rendered":"<figure class=\"wp-block-image size-full\"><img loading=\"lazy\" decoding=\"async\" width=\"1971\" height=\"1104\" src=\"https:\/\/www.gdop-america.org\/wp-content\/uploads\/2024\/09\/home-bg-pray101.jpg\" alt=\"\" class=\"wp-image-682\" srcset=\"https:\/\/www.gdop-america.org\/wp-content\/uploads\/2024\/09\/home-bg-pray101.jpg 1971w, https:\/\/www.gdop-america.org\/wp-content\/uploads\/2024\/09\/home-bg-pray101-350x196.jpg 350w, https:\/\/www.gdop-america.org\/wp-content\/uploads\/2024\/09\/home-bg-pray101-768x430.jpg 768w, https:\/\/www.gdop-america.org\/wp-content\/uploads\/2024\/09\/home-bg-pray101-1536x860.jpg 1536w, https:\/\/www.gdop-america.org\/wp-content\/uploads\/2024\/09\/home-bg-pray101-18x10.jpg 18w\" sizes=\"auto, (max-width: 1971px) 100vw, 1971px\" \/><\/figure>\n\n\n\n<p><strong><em>Berei onsself voor vir die W\u00earelddag van Gebed vir Amerika \u2013 Na Dani\u00ebl se Voorbeeld<\/em><\/strong><\/p>\n\n\n\n<p>Terwyl ons ons harte voorberei om te bid op 22 September \u2013 die W\u00earelddag van Gebed vir Amerika, roep God ons om onsself voor Hom te verootmoedig. In die lig van Sy heiligheid en ons sondigheid is ons enigste hoop &#039;n terugkeer na die kruis van Christus en die genade van die evangelie. God s\u00ea hy staan die hoogmoediges te\u00eb, maar gee genade aan die nederiges (Jakobus 4:6).<\/p>\n\n\n\n<p>Een van die groot manne in die Skrif wat hom namens sy volk voor die Here verneder het, is Dani\u00ebl. Dani\u00ebl se gebed in 9:1-23 is &#039;n wonderlike sjabloon vir ons terwyl ons onsself verootmoedig en uitroep om genade namens die kerk in Amerika. Dani\u00ebl se gebed was &#039;n desperate pleidooi namens sy nasie \u2013 Juda \u2013 wat onder God se oordeel gekom het. Vir sewentig jaar was sy volk in ballingskap gehou deur die Babiloni\u00ebrs, en geskei van God se plek van se\u00ebn. God het die nasie herhaaldelik gewaarsku dat as daar geen nasionale bekering van sonde was nie, die oordeel sou val. Dani\u00ebl was 15 jaar oud toe hy deur die Babiloni\u00ebrs gevange geneem is en na &#039;n vreemde land 800 myl oos van Jerusalem verban is. Tog het Dani\u00ebl deur dit alles die Here verheerlik deur sy karakter, gedrag, lewe van gebed en diepe nederigheid. Dani\u00ebl het sy hart vir baie jare voorberei voordat hy sy gebed in Dani\u00ebl 9 gebid het.<\/p>\n\n\n\n<p>Ons wonder soms hoekom ons gebede nie die hemel verskuif en nasies verander nie \u2013 is dit omdat ons voorbereiding kortkom?<\/p>\n\n\n<div class=\"wp-block-image\">\n<figure class=\"alignright size-medium\"><img loading=\"lazy\" decoding=\"async\" width=\"350\" height=\"195\" src=\"https:\/\/www.gdop-america.org\/wp-content\/uploads\/2024\/09\/home-bg-pray102-350x195.jpg\" alt=\"\" class=\"wp-image-683\" srcset=\"https:\/\/www.gdop-america.org\/wp-content\/uploads\/2024\/09\/home-bg-pray102-350x195.jpg 350w, https:\/\/www.gdop-america.org\/wp-content\/uploads\/2024\/09\/home-bg-pray102-768x428.jpg 768w, https:\/\/www.gdop-america.org\/wp-content\/uploads\/2024\/09\/home-bg-pray102-18x10.jpg 18w, https:\/\/www.gdop-america.org\/wp-content\/uploads\/2024\/09\/home-bg-pray102.jpg 1187w\" sizes=\"auto, (max-width: 350px) 100vw, 350px\" \/><\/figure>\n<\/div>\n\n\n<p>Hoe berei ons ons harte voor vir gebed wanneer ons God in &#039;n desperate toestand nodig het?<\/p>\n\n\n\n<p>Soos Dani\u00ebl 6:10 skryf:<\/p>\n\n\n\n<p>\u201cDani\u00ebl het na sy huis gegaan waar hy vensters in sy bovertrek gehad het wat oop was na Jerusalem toe. Hy het drie keer per dag op sy knie\u00eb neergeval en gebid en gedank voor sy God.\u201d<\/p>\n\n\n\n<p>Dani\u00ebl het &#039;n <strong><em>voorbereide plek <\/em><\/strong>om te bid \u2013 hy het na sy boonste kamer gegaan en gebid.<br>Dani\u00ebl het &#039;n <strong><em>voorbereide tyd <\/em><\/strong>\u2013 bid 3 keer per dag.<br>Dani\u00ebl het &#039;n <strong><em>voorbereide posisie <\/em><\/strong>\u2013 op sy knie\u00eb in nederige onderdanigheid voor die Here.<br>Dani\u00ebl het &#039;n <strong><em>voorbereide houding <\/em><\/strong>\u2013 die Here met danksegging aanroep selfs te midde van moeilike omstandighede.<\/p>\n\n\n\n<p>In Dani\u00ebl 9 was Israel nou vir 67 jaar in ballingskap. Dani\u00ebl het God gevra om sy volk Israel vry te maak. Die basis van sy gebed was die belofte wat hy in God se woord in Jeremia gevind het dat God na 70 jaar sy volk sou vrymaak. Hy het aanspraak gemaak op daardie belofte \u2013 hy het vir die antwoord gebid met die antwoord in gedagte en sy gebed is verhoor \u2013 drie jaar later \u2013 is Israel bevry!<\/p>\n\n\n\n<p>Baie van ons kyk vandag na ons nasie \u2013 \u2019n nasie in nood \u2013 \u2019n kerk wat verdeeld is \u2013 en wonder wat kan een mens doen?<\/p>\n\n\n\n<p>Ek glo een persoon kan bid, God se hart aanraak en beweeg en sy krag in &#039;n nasie vrystel! Dani\u00ebl was so &#039;n man, en ek en jy kan sy voorbeeld volg.<\/p>\n\n\n\n<p><strong>Vir watter Bybelse belofte stry ons in hierdie dag?<\/strong><\/p>\n\n\n\n<p>\u201cGod staan die hoogmoediges te\u00eb, maar gee genade aan die nederiges\u201d<\/p>\n\n\n\n<p>Ons sal almal saamstem dat ons beide in die kerk en in ons nasie die desperate behoefte het <strong>&#039;GENADE van GOD.&#039; <\/strong>Ons verdien dit beslis nie. Soos ons in Dani\u00ebl se gebed ontdek, gaan dit nie uiteindelik oor ons nie \u2013 dit is God se naam wat vandag in ons nasie op die spel is!<\/p>\n\n\n\n<p>\u201cO Here hoor, o Here vergewe. O Here let op en tree op. Vertraag nie, <strong>vir jou eie onthalwe<\/strong>, O my God\u201d <strong>Ek wil ons aanmoedig om deur die gebed in Dani\u00ebl 9:1-23 te bid tydens hierdie W\u00earelddag van Gebed vir<\/strong> <strong>Amerika.<\/strong><\/p>\n\n\n\n<p><strong>Kom ons verheerlik die Here<\/strong><\/p>\n\n\n\n<p>&quot;Ek het tot die HERE my God gebid en belydenis gedoen en ges\u00ea: Here, die groot en gedugte God, wat die verbond en die goedertierenheid bewaar vir di\u00e9 wat Hom liefhet en sy gebooie bewaar,&quot; Dani\u00ebl 9:4<\/p>\n\n\n<div class=\"wp-block-image\">\n<figure class=\"alignright size-medium\"><img loading=\"lazy\" decoding=\"async\" width=\"350\" height=\"193\" src=\"https:\/\/www.gdop-america.org\/wp-content\/uploads\/2024\/09\/home-bg-pray103-350x193.jpg\" alt=\"\" class=\"wp-image-684\" srcset=\"https:\/\/www.gdop-america.org\/wp-content\/uploads\/2024\/09\/home-bg-pray103-350x193.jpg 350w, https:\/\/www.gdop-america.org\/wp-content\/uploads\/2024\/09\/home-bg-pray103-768x425.jpg 768w, https:\/\/www.gdop-america.org\/wp-content\/uploads\/2024\/09\/home-bg-pray103-18x10.jpg 18w, https:\/\/www.gdop-america.org\/wp-content\/uploads\/2024\/09\/home-bg-pray103.jpg 1194w\" sizes=\"auto, (max-width: 350px) 100vw, 350px\" \/><\/figure>\n<\/div>\n\n\n<p><strong>Kom ons Bely ons sondes namens die kerk (God se mense) in Amerika<\/strong><\/p>\n\n\n\n<p>Dani\u00ebl 9:5 \u201cOns het gesondig en verkeerd gedoen en goddeloos opgetree en in opstand gekom en ons afgewyk van u gebooie en re\u00ebls.\u201d<\/p>\n\n\n\n<p>Dani\u00ebl 9:8 &quot;Aan ons, HERE, behoort die openlike skande, aan ons konings, ons vorste en ons vaders, omdat ons teen U gesondig het.&quot;<\/p>\n\n\n\n<p>Dani\u00ebl 9:10, \u201cen het nie gehoorsaam nie<br>die stem van die HERE onse God deur te wandel<br>in sy wette wat Hy ons deur sy diensknegte, die profete, voorgehou het.\u201d<\/p>\n\n\n\n<figure class=\"wp-block-image size-full\"><img loading=\"lazy\" decoding=\"async\" width=\"1594\" height=\"912\" src=\"https:\/\/www.gdop-america.org\/wp-content\/uploads\/2024\/09\/home-bg-pray104.jpg\" alt=\"\" class=\"wp-image-685\" srcset=\"https:\/\/www.gdop-america.org\/wp-content\/uploads\/2024\/09\/home-bg-pray104.jpg 1594w, https:\/\/www.gdop-america.org\/wp-content\/uploads\/2024\/09\/home-bg-pray104-350x200.jpg 350w, https:\/\/www.gdop-america.org\/wp-content\/uploads\/2024\/09\/home-bg-pray104-768x439.jpg 768w, https:\/\/www.gdop-america.org\/wp-content\/uploads\/2024\/09\/home-bg-pray104-1536x879.jpg 1536w, https:\/\/www.gdop-america.org\/wp-content\/uploads\/2024\/09\/home-bg-pray104-18x10.jpg 18w\" sizes=\"auto, (max-width: 1594px) 100vw, 1594px\" \/><\/figure>\n\n\n\n<p><strong>Kom ons onthou die genade van God<\/strong><\/p>\n\n\n\n<p>Dani\u00ebl 9:15-16 \u201cEn nou, Here ons God, wat u volk met &#039;n sterke hand uit Egipteland uitgelei en vir U naam gemaak het, soos ons vandag gesondig het. , ons het goddeloos gedoen. 16 \u201cO Here, volgens al u regverdige dade, laat u toorn en u toorn van u stad Jerusalem, u heilige heuwel, afwyk, want vir ons sondes en oor die ongeregtighede van ons vaders het Jerusalem en u volk &#039;n spot geword. onder almal wat rondom ons is\u201d<\/p>\n\n\n\n<p><strong>Kom ons Pleit by De<\/strong><strong>spasie vir <\/strong><strong>Genade<\/strong><\/p>\n\n\n\n<p>Dani\u00ebl 9:17-18 \u201cLuister dan nou, o onse God, na die gebed van u kneg en na sy <strong>pleidooie om genade<\/strong>, en laat ter wille van U, Here, u aangesig skyn oor u heiligdom wat verlate l\u00ea. 18 O my God, neig u oor en luister. Maak jou o\u00eb oop en sien ons verwoestings en die stad waaroor jou Naam uitgeroep is. Want ons bring ons smekinge voor U nie ter wille van ons geregtigheid nie, maar ter wille van <strong>u groot genade<\/strong>\u201d<\/p>\n\n\n\n<p>Ons kan verseker wees dat as ons onsself voor die magtige hand van God sal verootmoedig, sy Naam sal aanroep, volgens sy wil en vir sy roem pleit, Hy sy krag sal vrystel in antwoord op ons gebede!<\/p>\n\n\n\n<p><strong>Vader, maak U Naam weer Groot in Amerika!<\/strong><\/p>\n\n\n\n<p>Maleagi 1:11 (ESV), \u201cWant van die opgang van die son tot sy ondergang <strong>my naam sal groot wees <\/strong>onder die nasies, en in <strong>elke plek <\/strong>reukwerk sal vir my Naam gebring word en &#039;n rein offer. Want my Naam sal groot wees onder die nasies<strong>, s\u00ea die L<\/strong><strong>ORD <\/strong><strong>van gashere<\/strong>\u201d<\/p>\n\n\n\n<p>Ek sien baie daarna uit om op 22 September saam met julle te bid.<\/p>\n\n\n\n<p><strong>Lief julle almal,<\/strong><\/p>\n\n\n\n<p><strong>Dr Jason Hubbard \u2013 Direkteur <\/strong><strong>International Prayer Connect<\/strong><\/p>\n\n\n\n<p>\u201cWant so s\u00ea die Een wat hoog en verhewe is, wat die ewigheid bewoon, wie se Naam Heilig is: \u201cEk woon in die hoogte en in die heilige plek, en ook by die verbryselde en nederige van gees, om die gees van die nederiges, en om die hart van die verbryseldes te laat herleef\u201d<\/p>\n\n\n\n<div class=\"wp-block-buttons is-layout-flex wp-block-buttons-is-layout-flex\">\n<div class=\"wp-block-button\"><a class=\"wp-block-button__link wp-element-button\" href=\"https:\/\/www.gdop-america.org\/wp-content\/uploads\/2024\/09\/Call-to-Humility-Dr-Jason-Hubbard.pdf\" target=\"_blank\" rel=\"noreferrer noopener\">Laai PDF af<\/a><\/div>\n<\/div>","protected":false},"excerpt":{"rendered":"<p>Berei onsself voor vir die W\u00earelddag van Gebed vir Amerika \u2013 Volg Dani\u00ebl se Voorbeeld Terwyl ons ons harte voorberei om op 22 September te bid -...<\/p>","protected":false},"author":1,"featured_media":459,"parent":0,"menu_order":0,"comment_status":"closed","ping_status":"closed","template":"","meta":{"footnotes":""},"class_list":["post-681","page","type-page","status-publish","has-post-thumbnail","hentry"],"_links":{"self":[{"href":"https:\/\/www.gdop-america.org\/af\/wp-json\/wp\/v2\/pages\/681","targetHints":{"allow":["GET"]}}],"collection":[{"href":"https:\/\/www.gdop-america.org\/af\/wp-json\/wp\/v2\/pages"}],"about":[{"href":"https:\/\/www.gdop-america.org\/af\/wp-json\/wp\/v2\/types\/page"}],"author":[{"embeddable":true,"href":"https:\/\/www.gdop-america.org\/af\/wp-json\/wp\/v2\/users\/1"}],"replies":[{"embeddable":true,"href":"https:\/\/www.gdop-america.org\/af\/wp-json\/wp\/v2\/comments?post=681"}],"version-history":[{"count":2,"href":"https:\/\/www.gdop-america.org\/af\/wp-json\/wp\/v2\/pages\/681\/revisions"}],"predecessor-version":[{"id":689,"href":"https:\/\/www.gdop-america.org\/af\/wp-json\/wp\/v2\/pages\/681\/revisions\/689"}],"wp:featuredmedia":[{"embeddable":true,"href":"https:\/\/www.gdop-america.org\/af\/wp-json\/wp\/v2\/media\/459"}],"wp:attachment":[{"href":"https:\/\/www.gdop-america.org\/af\/wp-json\/wp\/v2\/media?parent=681"}],"curies":[{"name":"wp","href":"https:\/\/api.w.org\/{rel}","templated":true}]}}